{"id":6222,"date":"2020-02-03T10:39:28","date_gmt":"2020-02-03T09:39:28","guid":{"rendered":"https:\/\/www.cng-mobility.ch\/?page_id=6222"},"modified":"2025-07-22T11:37:58","modified_gmt":"2025-07-22T09:37:58","slug":"meno-co2-con-il-cng-ma-quanto-esattamente","status":"publish","type":"page","link":"https:\/\/www.cng-mobility.ch\/it\/meno-co2-con-il-cng-ma-quanto-esattamente\/","title":{"rendered":"Calcolatore di CO<sub>2<\/sub>: tutela del clima con CNG e biogas"},"content":{"rendered":"\n<p>La mobilit\u00e0 rispettosa del clima \u00e8 gi\u00e0 possibile oggi. Il GNC, ad esempio, \u00e8 un&#8217;alternativa pulita e sostenibile alla benzina e al diesel. Chi sceglie il GNC non solo risparmia denaro, ma riduce anche le emissioni di CO<sub>2<\/sub>. Provate il nostro calcolatore di CO<sub>2<\/sub>! Rimarrete stupiti.<\/p>\n\n\n\n<p>Il GNC che fate rifornimento in Svizzera contiene in media il 32,8% (dato aggiornato a fine 2024) di gas rinnovabile. Questa quota non fossile \u00e8 in costante aumento in Svizzera. Poich\u00e9 il biogas \u00e8 CO<sub>2<\/sub> neutro, una parte crescente del GNC non ha alcun impatto sul clima. Attualmente, per legge viene conteggiato il 20% di biogas. Tuttavia, la quota fissa di biogas sar\u00e0 eliminata dall&#8217;Ordinanza sull&#8217;efficienza energetica (EnEV) a partire dal 1\u00b0 gennaio 2026. In futuro, le aziende saranno libere di determinare la quota di biogas nella mobilit\u00e0 a gas in base alla propria strategia aziendale.<\/p>\n\n\n\n<p>Un esempio di calcolo: se un veicolo a GNC emette 117 CO<sub>2<\/sub>\/km secondo le indicazioni del costruttore, con il 20% di biogas solo l&#8217;80% \u00e8 rilevante per il clima. Ci\u00f2 significa che l&#8217;auto emette effettivamente 94 g\/km di CO<sub>2<\/sub>, rispettando cos\u00ec il limite di 95 g\/km. Inoltre, oggi nelle stazioni di rifornimento svizzere \u00e8 gi\u00e0 possibile fare il pieno con biogas al 100%. Oppure \u00e8 possibile prenotare online un upgrade al biogas, in modo da viaggiare in entrambi i casi in modo climaticamente neutro.<\/p>\n\n\n\n<p>Calcolate ora come potete ridurre le vostre emissioni con il CNG e il biogas! Il CNG produce gi\u00e0 il 20% in meno di CO<sub>2<\/sub> durante la combustione, mentre il biogas come carburante \u00e8 praticamente CO<sub>2<\/sub> neutro.<\/p>\n\n\n\n<div id=\"co2calculator\">&nbsp;<\/div>\n\n\n\n<p>Nel 2024, il CNG disponibile alle pompe di benzina svizzere conteneva in media il 32,8% di biogas. <em><strong>Finora il Consiglio federale ha riconosciuto nell&#8217;Ordinanza sull&#8217;efficienza energetica (OIE)<\/strong><\/em> <strong><em>una quota di biogas del 20%. <\/em><\/strong>Di conseguenza, le emissioni di CO<sub>2<\/sub> rilevanti per il clima ammontano solo all&#8217;80% delle emissioni del gas naturale fossile. Tuttavia, questa quota fissa di biogas sar\u00e0 eliminata dall&#8217;OIE a partire dal 2026.<\/p>\n\n\n\n<p>La base per il confronto gasolio\/benzina \u00e8 un consumo volumetrico di gasolio del 10-30% inferiore a seconda della categoria del veicolo.<\/p>\n\n\n\n<h2>Per circolare tutelando il clima, prenotate subito un upgrade al biogas!<\/h2>\n<p><sub><strong>La base per il confronto gasolio\/benzina \u00e8 un consumo volumetrico di gasolio del 10-30% inferiore a seconda della categoria del veicolo.<\/strong><\/sub><\/p>\n<p><sub>Fonti: etichetta energia 2019, <\/sub><a href=\"https:\/\/www.verbrauchskatalog.ch\/it\/\"><sub>catalogodeiconsumi.ch<\/sub><\/a><\/p>\n<p><strong>Calcolo di CO2<\/strong><\/p>\n<table style=\"width: 100%; height: 84px;\">\n<tbody>\n<tr style=\"height: 28px;\">\n<td style=\"height: 28px;\">Benzina 1 l<\/td>\n<td style=\"height: 28px;\">2.33 kg CO<sub>2<\/sub><\/td>\n<\/tr>\n<tr style=\"height: 28px;\">\n<td style=\"height: 28px;\">Gasolio 1 l<\/td>\n<td style=\"height: 28px;\">2.64 kg CO<sub>2<\/sub><\/td>\n<\/tr>\n<tr style=\"height: 28px;\">\n<td style=\"height: 28px;\">CNG 1 kg<\/td>\n<td style=\"height: 28px;\">2.79 kg CO<sub>2<\/sub><\/td>\n<\/tr>\n<\/tbody>\n<\/table>\n<p><sub>Fonti: <a href=\"https:\/\/www.spritmonitor.de\/de\/berechnung_co2_ausstoss.html\">www.spritmonitor.de<\/a>, <a href=\"https:\/\/www.dekra.de\/de\/umwelt-und-co2\/\">www.dekra.de<\/a><\/sub><\/p>\n<p><strong><br \/>Conversione in equivalente benzina<br \/><\/strong><\/p>\n<table>\n<tbody>\n<tr>\n<td>1 kg di CNG corrisponde a circa<\/td>\n<td>1.47 l d&#8217;essence<\/td>\n<\/tr>\n<tr>\n<td>1 kg di CNG corrisponde a circa<\/td>\n<td>1.35 l de diesel<\/td>\n<\/tr>\n<tr>\n<td>1 l di gasolio corrisponde a<\/td>\n<td>1.12 l d&#8217;essence<\/td>\n<\/tr>\n<tr>\n<td>1 l di benzina corrisponde a<\/td>\n<td>0.89 l de diesel<\/td>\n<\/tr>\n<\/tbody>\n<\/table>\n<p><sub>L\u2019equivalente benzina \u00e8 un\u2019unit\u00e0 di misura per l\u2019energia che consente di confrontare il consumo energetico dei veicoli.<br \/>Fonti: tecnologie motore WE CARE &#8211; Factsheet Amag<\/sub><\/p>\n<h2><a href=\"https:\/\/www.cng-mobility.ch\/it\/grazie-allo-strumento-di-calcolo-del-percorso-viaggiare-con-un-mezzo-a-cng-e-facilissimo\/\">Pianificate il vostro viaggio.<\/a><\/h2>\n","protected":false},"excerpt":{"rendered":"<p>La mobilit\u00e0 rispettosa del clima \u00e8 gi\u00e0 possibile oggi. Il GNC, ad esempio, \u00e8 un&#8217;alternativa pulita e sostenibile alla benzina e al diesel. Chi sceglie il GNC non solo risparmia denaro, ma riduce anche le emissioni di CO2. Provate il nostro calcolatore di CO2! Rimarrete stupiti. Il GNC che fate rifornimento in Svizzera contiene in [&hellip;]<\/p>\n","protected":false},"author":6,"featured_media":5661,"parent":0,"menu_order":0,"comment_status":"closed","ping_status":"closed","template":"","meta":{"_acf_changed":false,"inline_featured_image":false,"footnotes":""},"categories":[142],"acf":[],"aioseo_notices":[],"_links":{"self":[{"href":"https:\/\/www.cng-mobility.ch\/it\/wp-json\/wp\/v2\/pages\/6222"}],"collection":[{"href":"https:\/\/www.cng-mobility.ch\/it\/wp-json\/wp\/v2\/pages"}],"about":[{"href":"https:\/\/www.cng-mobility.ch\/it\/wp-json\/wp\/v2\/types\/page"}],"author":[{"embeddable":true,"href":"https:\/\/www.cng-mobility.ch\/it\/wp-json\/wp\/v2\/users\/6"}],"replies":[{"embeddable":true,"href":"https:\/\/www.cng-mobility.ch\/it\/wp-json\/wp\/v2\/comments?post=6222"}],"version-history":[{"count":17,"href":"https:\/\/www.cng-mobility.ch\/it\/wp-json\/wp\/v2\/pages\/6222\/revisions"}],"predecessor-version":[{"id":35879,"href":"https:\/\/www.cng-mobility.ch\/it\/wp-json\/wp\/v2\/pages\/6222\/revisions\/35879"}],"wp:featuredmedia":[{"embeddable":true,"href":"https:\/\/www.cng-mobility.ch\/it\/wp-json\/wp\/v2\/media\/5661"}],"wp:attachment":[{"href":"https:\/\/www.cng-mobility.ch\/it\/wp-json\/wp\/v2\/media?parent=6222"}],"wp:term":[{"taxonomy":"category","embeddable":true,"href":"https:\/\/www.cng-mobility.ch\/it\/wp-json\/wp\/v2\/categories?post=6222"}],"curies":[{"name":"wp","href":"https:\/\/api.w.org\/{rel}","templated":true}]}}