{"id":6111,"date":"2019-07-01T10:23:51","date_gmt":"2019-07-01T08:23:51","guid":{"rendered":"https:\/\/www.cng-mobility.ch\/?page_id=6111"},"modified":"2021-01-19T16:46:13","modified_gmt":"2021-01-19T15:46:13","slug":"notizie-dal-mondo-della-mobilita-sostenibile","status":"publish","type":"page","link":"https:\/\/www.cng-mobility.ch\/it\/notizie-dal-mondo-della-mobilita-sostenibile\/","title":{"rendered":"Notizie dal mondo per una mobilit\u00e0 pi\u00f9 sostenibile"},"content":{"rendered":"\n<p>La piattaforma informativa cng-mobility.ch offre una panoramica delle notizie e delle tendenze principali sul tema della mobilit\u00e0 pi\u00f9 sostenibile. Non perdetevi informazioni preziose e rimanete sempre aggiornati sulle evoluzioni del tema mobilit\u00e0 sostenibile.<\/p>\n","protected":false},"excerpt":{"rendered":"<p>La piattaforma informativa cng-mobility.ch offre una panoramica delle notizie e delle tendenze principali sul tema della mobilit\u00e0 pi\u00f9 sostenibile. Non perdetevi informazioni preziose e rimanete sempre aggiornati sulle evoluzioni del tema mobilit\u00e0 sostenibile.<\/p>\n","protected":false},"author":6,"featured_media":5891,"parent":0,"menu_order":0,"comment_status":"closed","ping_status":"closed","template":"newsuebersicht.php","meta":{"_acf_changed":false,"inline_featured_image":false,"footnotes":""},"categories":[],"acf":[],"aioseo_notices":[],"_links":{"self":[{"href":"https:\/\/www.cng-mobility.ch\/it\/wp-json\/wp\/v2\/pages\/6111"}],"collection":[{"href":"https:\/\/www.cng-mobility.ch\/it\/wp-json\/wp\/v2\/pages"}],"about":[{"href":"https:\/\/www.cng-mobility.ch\/it\/wp-json\/wp\/v2\/types\/page"}],"author":[{"embeddable":true,"href":"https:\/\/www.cng-mobility.ch\/it\/wp-json\/wp\/v2\/users\/6"}],"replies":[{"embeddable":true,"href":"https:\/\/www.cng-mobility.ch\/it\/wp-json\/wp\/v2\/comments?post=6111"}],"version-history":[{"count":4,"href":"https:\/\/www.cng-mobility.ch\/it\/wp-json\/wp\/v2\/pages\/6111\/revisions"}],"predecessor-version":[{"id":14502,"href":"https:\/\/www.cng-mobility.ch\/it\/wp-json\/wp\/v2\/pages\/6111\/revisions\/14502"}],"wp:featuredmedia":[{"embeddable":true,"href":"https:\/\/www.cng-mobility.ch\/it\/wp-json\/wp\/v2\/media\/5891"}],"wp:attachment":[{"href":"https:\/\/www.cng-mobility.ch\/it\/wp-json\/wp\/v2\/media?parent=6111"}],"wp:term":[{"taxonomy":"category","embeddable":true,"href":"https:\/\/www.cng-mobility.ch\/it\/wp-json\/wp\/v2\/categories?post=6111"}],"curies":[{"name":"wp","href":"https:\/\/api.w.org\/{rel}","templated":true}]}}