{"id":6019,"date":"2019-04-17T10:21:10","date_gmt":"2019-04-17T08:21:10","guid":{"rendered":"https:\/\/www.cng-mobility.ch\/?page_id=6019"},"modified":"2021-12-27T16:26:04","modified_gmt":"2021-12-27T15:26:04","slug":"autobus-ecologici-per-il-trasporto-pubblico","status":"publish","type":"page","link":"https:\/\/www.cng-mobility.ch\/it\/autobus-ecologici-per-il-trasporto-pubblico\/","title":{"rendered":"Autobus ecologici per il trasporto pubblico"},"content":{"rendered":"\n<p>In citt\u00e0 e nel trasporto pubblico regionale le tecnologie di motorizzazione pulite sono sempre pi\u00f9 importanti: contribuiscono infatti a migliorare la qualit\u00e0 dell\u2019aria nei centri urbani. Inoltre gli autobus e i pullman con motore a CNG si distinguono favorevolmente dai modelli diesel tradizionali in termini di costi d\u2019esercizio.<\/p>\n\n\n\n<h2 class=\"wp-block-heading\">Una panoramica degli attuali autobus a CNG<\/h2>\n\n\n\n<div class=\"tableoverview\">\n<table style=\"border-collapse: collapse; width: 100%;\" border=\"1\">\n<tbody>\n<tr>\n<td style=\"width: 33.3333%;\"><a href=\"https:\/\/www.cng-mobility.ch\/it\/fahrzeug\/iveco-daily-minibus-cng\/\">Iveco Daily Minibus CNG<\/a> <a href=\"https:\/\/www.cng-mobility.ch\/it\/fahrzeug\/iveco-daily-minibus-cng\/\"><img loading=\"lazy\" decoding=\"async\" class=\"alignnone wp-image-20534 size-full\" src=\"https:\/\/www.cng-mobility.ch\/wp-content\/uploads\/2021\/12\/master_fahrzeuge_alle_gross_300x141.jpg\" alt=\"\" width=\"300\" height=\"141\" \/><\/a><\/td>\n<td style=\"width: 33.3333%;\">\u00a0<\/td>\n<td style=\"width: 33.3333%;\">\u00a0<\/td>\n<\/tr>\n<tr>\n<td style=\"width: 33.3333%;\"><a href=\"\/it\/fahrzeug\/iveco-urbanway-cng\/\">Iveco Urbanway CNG<\/a>\n<p>\u00a0<\/p>\n<p><a href=\"\/it\/fahrzeug\/iveco-urbanway-cng\/\"><img loading=\"lazy\" decoding=\"async\" class=\"aligncenter wp-image-1400 size-full\" src=\"\/wp-content\/uploads\/2019\/04\/busse_300x169_0000_Urbanway_10-5m_Cursor8_CNG_E6.jpg\" alt=\"\" width=\"300\" height=\"169\" \/><\/a><\/p>\n<\/td>\n<td style=\"width: 33.3333%;\"><a href=\"https:\/\/www.cng-mobility.ch\/it\/fahrzeug\/iveco-crossway-le-cng\/\">Iveco Crossway LE CNG<\/a> <a href=\"https:\/\/www.cng-mobility.ch\/it\/fahrzeug\/iveco-crossway-le-cng\/\"><img loading=\"lazy\" decoding=\"async\" class=\"alignnone wp-image-20537 size-full\" src=\"https:\/\/www.cng-mobility.ch\/wp-content\/uploads\/2021\/12\/Crossway-LE-CNG-300x141-1.jpg\" alt=\"\" width=\"300\" height=\"141\" \/><\/a><\/td>\n<td style=\"width: 33.3333%;\"><a href=\"https:\/\/www.cng-mobility.ch\/it\/fahrzeug\/iveco-crossway-cng\/\">Iveco Crossway CNG<\/a> <a href=\"https:\/\/www.cng-mobility.ch\/it\/fahrzeug\/iveco-crossway-cng\/\"><img loading=\"lazy\" decoding=\"async\" class=\"alignnone wp-image-20540 size-full\" src=\"https:\/\/www.cng-mobility.ch\/wp-content\/uploads\/2021\/12\/Crossway-CNG-300x141-1.jpg\" alt=\"\" width=\"300\" height=\"141\" \/><\/a><\/td>\n<\/tr>\n<tr>\n<td style=\"width: 33.3333%;\"><a href=\"\/it\/fahrzeug\/man-lions-city-12-g\/\">MAN Lion\u2019s City 12 G<\/a>\n<p>\u00a0<\/p>\n<p><a href=\"\/it\/fahrzeug\/man-lions-city-12-g\/\"><img loading=\"lazy\" decoding=\"async\" class=\"alignnone wp-image-20407 size-full\" src=\"https:\/\/www.cng-mobility.ch\/wp-content\/uploads\/2021\/12\/MAN-Lions-City-12-G-Freigestellt_300x169.jpg\" alt=\"MAN-Lions-City-12-G\" width=\"361\" height=\"169\" srcset=\"https:\/\/www.cng-mobility.ch\/wp-content\/uploads\/2021\/12\/MAN-Lions-City-12-G-Freigestellt_300x169.jpg 361w, https:\/\/www.cng-mobility.ch\/wp-content\/uploads\/2021\/12\/MAN-Lions-City-12-G-Freigestellt_300x169-300x140.jpg 300w\" sizes=\"(max-width: 361px) 100vw, 361px\" \/><\/a><\/p>\n<\/td>\n<td style=\"width: 33.3333%;\"><a href=\"\/it\/fahrzeug\/man-lions-city-18-g\/\">MAN Lion\u2019s City 18 G<\/a>\n<p>\u00a0<\/p>\n<p><a href=\"\/it\/fahrzeug\/man-lions-city-18-g\/\"><img loading=\"lazy\" decoding=\"async\" class=\"alignnone wp-image-1827 size-full\" src=\"https:\/\/www.cng-mobility.ch\/wp-content\/uploads\/2019\/05\/busse_300x169_0007_MAN-LionsCity18G.jpg\" alt=\"\" width=\"300\" height=\"169\" \/><\/a><\/p>\n<\/td>\n<td style=\"width: 33.3333%;\">\u00a0<\/td>\n<\/tr>\n<tr>\n<td style=\"width: 33.3333%; vertical-align: bottom;\"><a href=\"\/it\/fahrzeug\/mercedes-benz-citaro\/\">Mercedes-Benz Citaro<\/a>\n<p>\u00a0<\/p>\n<p><a href=\"\/it\/fahrzeug\/mercedes-benz-citaro\/\"><img loading=\"lazy\" decoding=\"async\" class=\"alignnone wp-image-1284 size-full\" src=\"\/wp-content\/uploads\/2019\/04\/Busse_300x169_0002_Citaro_NGT.jpg\" alt=\"\" width=\"300\" height=\"169\" \/><\/a><\/p>\n<\/td>\n<td style=\"width: 33.3333%; vertical-align: bottom;\"><a href=\"\/it\/fahrzeug\/mercedes-benz-citaro-g\/\">Mercedes-Benz Citaro G<\/a><br \/><a href=\"\/it\/fahrzeug\/mercedes-benz-citaro-g\/\"><img loading=\"lazy\" decoding=\"async\" class=\"alignnone wp-image-1285 size-full\" src=\"\/wp-content\/uploads\/2019\/04\/Busse_300x169_0003_Citargo-G.jpg\" alt=\"\" width=\"300\" height=\"169\" \/><\/a><\/td>\n<td style=\"width: 33.3333%; vertical-align: bottom;\">\u00a0<\/td>\n<\/tr>\n<tr>\n<td style=\"width: 33.3333%; vertical-align: bottom;\"><a href=\"\/it\/fahrzeug\/scania-interlink-ld\/\">Scania Interlink LD<\/a>\n<p>\u00a0<\/p>\n<p><a href=\"\/it\/fahrzeug\/scania-interlink-ld\/\"><img loading=\"lazy\" decoding=\"async\" class=\"alignnone wp-image-1287 size-full\" src=\"\/wp-content\/uploads\/2019\/04\/Busse_300x169_0005_csm_Scania_Interlink.jpg\" alt=\"\" width=\"300\" height=\"169\" \/><\/a><\/p>\n<\/td>\n<td style=\"width: 33.3333%; vertical-align: bottom;\">\n<p class=\" greenheader\"><a href=\"\/it\/fahrzeug\/scania-interlink-md\/\">Scania Interlink MD<\/a><a href=\"\/it\/fahrzeug\/volvo-7900-cng\/\"><br \/><\/a><a href=\"\/it\/fahrzeug\/scania-interlink-md\/\"><img loading=\"lazy\" decoding=\"async\" class=\"alignnone wp-image-1597 size-medium\" src=\"\/wp-content\/uploads\/2019\/04\/busse_packshot_0005_csm_Scania_Interlink-300x141.jpg\" alt=\"\" width=\"300\" height=\"141\" srcset=\"https:\/\/www.cng-mobility.ch\/wp-content\/uploads\/2019\/04\/busse_packshot_0005_csm_Scania_Interlink-300x141.jpg 300w, https:\/\/www.cng-mobility.ch\/wp-content\/uploads\/2019\/04\/busse_packshot_0005_csm_Scania_Interlink-768x360.jpg 768w, https:\/\/www.cng-mobility.ch\/wp-content\/uploads\/2019\/04\/busse_packshot_0005_csm_Scania_Interlink-1024x480.jpg 1024w, https:\/\/www.cng-mobility.ch\/wp-content\/uploads\/2019\/04\/busse_packshot_0005_csm_Scania_Interlink.jpg 1280w\" sizes=\"(max-width: 300px) 100vw, 300px\" \/><\/a><\/p>\n<\/td>\n<td style=\"width: 33.3333%;\"><a href=\"\/it\/fahrzeug\/scania-citywide-cng\/\">Scania Citywide CNG<\/a>\n<p>\u00a0<\/p>\n<p><a href=\"\/it\/fahrzeug\/scania-citywide-cng\/\"><img loading=\"lazy\" decoding=\"async\" class=\"alignnone wp-image-1286 size-full\" src=\"\/wp-content\/uploads\/2019\/04\/Busse_300x169_0004_Scania_Citywide.jpg\" alt=\"\" width=\"300\" height=\"169\" \/><\/a><\/p>\n<\/td>\n<\/tr>\n<tr>\n<td style=\"width: 33.3333%; vertical-align: bottom;\">\n<p class=\" greenheader\"><a href=\"https:\/\/www.cng-mobility.ch\/it\/fahrzeug\/solaris-urbino-12-cng\/\">Solaris Urbino 12 CNG<\/a><\/p>\n<p><a href=\"https:\/\/www.cng-mobility.ch\/it\/fahrzeug\/solaris-urbino-12-cng\/\"><img loading=\"lazy\" decoding=\"async\" class=\"alignnone wp-image-1706 size-full\" src=\"https:\/\/www.cng-mobility.ch\/wp-content\/uploads\/2019\/04\/solaris12_packshots_300x169.jpg\" alt=\"\" width=\"300\" height=\"169\" \/><\/a><\/p>\n<\/td>\n<td style=\"width: 33.3333%; vertical-align: bottom;\">\n<p class=\" greenheader\"><a href=\"https:\/\/www.cng-mobility.ch\/it\/fahrzeug\/solaris-urbino-18-cng\/\">Solaris Urbino 18 CNG<\/a><\/p>\n<p><a href=\"https:\/\/www.cng-mobility.ch\/it\/fahrzeug\/solaris-urbino-18-cng\/\"><img loading=\"lazy\" decoding=\"async\" class=\"alignnone wp-image-1707 size-full\" src=\"https:\/\/www.cng-mobility.ch\/wp-content\/uploads\/2019\/04\/solaris18_packshots_300x169.jpg\" alt=\"\" width=\"300\" height=\"169\" \/><\/a><\/p>\n<\/td>\n<td style=\"width: 33.3333%; vertical-align: bottom;\">\n<p class=\" greenheader\"><img loading=\"lazy\" decoding=\"async\" class=\"alignnone wp-image-1433 size-full\" src=\"\/wp-content\/uploads\/2019\/04\/blank_300x169.jpg\" alt=\"\" width=\"300\" height=\"169\" \/><\/p>\n<\/td>\n<\/tr>\n<tr>\n<td style=\"width: 33.3333%;\">\n<p class=\" greenheader\"><a href=\"\/it\/fahrzeug\/volvo-7900-cng\/\">Volvo 7900 CNG<\/a><\/p>\n<p><a href=\"\/it\/fahrzeug\/volvo-7900-cng\/\"><img loading=\"lazy\" decoding=\"async\" class=\"alignnone wp-image-1288 size-full\" src=\"\/wp-content\/uploads\/2019\/04\/Busse_300x169_0006_Volvo_7900.jpg\" alt=\"\" width=\"300\" height=\"169\" \/><\/a><\/p>\n<\/td>\n<td style=\"width: 33.3333%; vertical-align: bottom;\">\n<p class=\" greenheader\">\u00a0<\/p>\n<\/td>\n<td style=\"width: 33.3333%; vertical-align: bottom;\">\n<p class=\" greenheader\">\u00a0<\/p>\n<\/td>\n<\/tr>\n<\/tbody>\n<\/table>\n<\/div>\n\n\n\n<p> Qui troverete anche informazioni su <a href=\"https:\/\/www.cng-mobility.ch\/it\/veicoli-nuovi-a-cng-ce-solo-limbarazzo-della-scelta\/\">autovetture<\/a>, <a href=\"https:\/\/www.cng-mobility.ch\/it\/ecologici-nei-centri-urbani-grazie-al-cng\/\">veicoli commerciali leggeri<\/a> e <a href=\"https:\/\/www.cng-mobility.ch\/it\/silenziosi-potenti-ed-ecologici-i-camion-a-cng-e-a-lng\/\">camion<\/a> con tecnologia CNG. <\/p>\n\n\n\n<h2 class=\"has-text-align-center wp-block-heading\"> <br>Scoprite cosa potete ottimizzare  <\/h2>\n\n\n\n<div class=\"wp-block-button aligncenter\"><a class=\"wp-block-button__link\" href=\"https:\/\/www.cng-mobility.ch\/it\/un-vantaggio-per-lambiente-e-per-il-portafoglio\/\">  Calcolatore di carburante  <\/a><\/div>\n","protected":false},"excerpt":{"rendered":"<p>In citt\u00e0 e nel trasporto pubblico regionale le tecnologie di motorizzazione pulite sono sempre pi\u00f9 importanti: contribuiscono infatti a migliorare la qualit\u00e0 dell\u2019aria nei centri urbani. Inoltre gli autobus e i pullman con motore a CNG si distinguono favorevolmente dai modelli diesel tradizionali in termini di costi d\u2019esercizio. Una panoramica degli attuali autobus a CNG [&hellip;]<\/p>\n","protected":false},"author":6,"featured_media":5882,"parent":0,"menu_order":0,"comment_status":"closed","ping_status":"closed","template":"","meta":{"_acf_changed":false,"inline_featured_image":false,"footnotes":""},"categories":[172],"acf":[],"aioseo_notices":[],"_links":{"self":[{"href":"https:\/\/www.cng-mobility.ch\/it\/wp-json\/wp\/v2\/pages\/6019"}],"collection":[{"href":"https:\/\/www.cng-mobility.ch\/it\/wp-json\/wp\/v2\/pages"}],"about":[{"href":"https:\/\/www.cng-mobility.ch\/it\/wp-json\/wp\/v2\/types\/page"}],"author":[{"embeddable":true,"href":"https:\/\/www.cng-mobility.ch\/it\/wp-json\/wp\/v2\/users\/6"}],"replies":[{"embeddable":true,"href":"https:\/\/www.cng-mobility.ch\/it\/wp-json\/wp\/v2\/comments?post=6019"}],"version-history":[{"count":13,"href":"https:\/\/www.cng-mobility.ch\/it\/wp-json\/wp\/v2\/pages\/6019\/revisions"}],"predecessor-version":[{"id":20591,"href":"https:\/\/www.cng-mobility.ch\/it\/wp-json\/wp\/v2\/pages\/6019\/revisions\/20591"}],"wp:featuredmedia":[{"embeddable":true,"href":"https:\/\/www.cng-mobility.ch\/it\/wp-json\/wp\/v2\/media\/5882"}],"wp:attachment":[{"href":"https:\/\/www.cng-mobility.ch\/it\/wp-json\/wp\/v2\/media?parent=6019"}],"wp:term":[{"taxonomy":"category","embeddable":true,"href":"https:\/\/www.cng-mobility.ch\/it\/wp-json\/wp\/v2\/categories?post=6019"}],"curies":[{"name":"wp","href":"https:\/\/api.w.org\/{rel}","templated":true}]}}