{"id":5989,"date":"2019-04-17T10:20:40","date_gmt":"2019-04-17T08:20:40","guid":{"rendered":"https:\/\/www.cng-mobility.ch\/?page_id=5989"},"modified":"2023-02-03T15:43:49","modified_gmt":"2023-02-03T14:43:49","slug":"silenziosi-potenti-ed-ecologici-i-camion-a-cng-e-a-lng","status":"publish","type":"page","link":"https:\/\/www.cng-mobility.ch\/it\/silenziosi-potenti-ed-ecologici-i-camion-a-cng-e-a-lng\/","title":{"rendered":"LNG e CNG: rendere gli autocarri pi\u00f9 silenziosi, pi\u00f9 potenti e pi\u00f9 rispettosi del clima"},"content":{"rendered":"\n<p>Gli autocarri con motore a CNG o a LNG non sono inferiori ai camion diesel in fatto di potenza, carico utile e versatilit\u00e0. Inoltre, sono notevolmente pi\u00f9 silenziosi.<\/p>\n\n\n\n<p>Le emissioni di CO<sub>2<\/sub> di un camion a gas sono inferiori del 35% rispetto a quelle di un camion diesel della stessa categoria. Se circolano con biogas svizzero, la riduzione arriva all\u201985%.<\/p>\n\n\n\n<p>Il risparmio di emissioni serra \u00e8 enorme anche con l\u2019LNG. La combustione del CNG liquefatto tramite raffreddamento \u00e8 decisamente pi\u00f9 pulita e genera il 15% in meno di CO<sub>2<\/sub>, il 35% in meno di ossidi di azoto e persino il 95% in meno di polveri sottili rispetto al diesel.<\/p>\n\n\n\n<p>Entro il 2025 in Europa dovr\u00e0 essere disponibile una stazione di servizio CNG ogni 150 km e una stazione di servizio LNG ogni 400 km. Sar\u00e0 cos\u00ec possibile garantire una logistica sostenibile e addirittura libera dai combustili fossili.<\/p>\n\n\n\n<h2 class=\"wp-block-heading\">Panoramica degli attuali modelli a CNG e LNG.<\/h2>\n\n\n\n<div class=\"tableoverview\">\n<p>\u00a0<\/p>\n<table style=\"border-collapse: collapse; width: 100%; height: 1350px;\" border=\"1\">\n<tbody>\n<tr style=\"height: 250px;\">\n<td style=\"width: 25%; height: 250px;\"><a href=\"https:\/\/www.cng-mobility.ch\/it\/fahrzeug\/iveco-s-way-gnc-gnl\/\">Iveco S-Way GNC\/GNL<\/a><br \/>\n<p>\u00a0<\/p>\n<p><a href=\"https:\/\/www.cng-mobility.ch\/it\/fahrzeug\/iveco-s-way-gnc-gnl\/\"><img loading=\"lazy\" decoding=\"async\" class=\"alignnone wp-image-20478 size-full\" src=\"https:\/\/www.cng-mobility.ch\/wp-content\/uploads\/2021\/12\/S-Way_Sattelzug_300x169.jpg\" alt=\"\" width=\"300\" height=\"169\" \/><\/a><\/p>\n<\/td>\n<td style=\"width: 30%;\"><a href=\"https:\/\/www.cng-mobility.ch\/it\/fahrzeug\/iveco-s-way-cng-lng-telaio\/\">Iveco S-Way CNG\/LNG Telaio<\/a>\n<p>\u00a0<\/p>\n<p><a href=\"https:\/\/www.cng-mobility.ch\/it\/fahrzeug\/iveco-s-way-cng-lng-telaio\/\"><img loading=\"lazy\" decoding=\"async\" class=\"alignnone wp-image-20483 size-full\" src=\"https:\/\/www.cng-mobility.ch\/wp-content\/uploads\/2021\/12\/Iveco-S-Way-Fahrgestell_800x375.jpg\" alt=\"\" width=\"800\" height=\"375\" srcset=\"https:\/\/www.cng-mobility.ch\/wp-content\/uploads\/2021\/12\/Iveco-S-Way-Fahrgestell_800x375.jpg 800w, https:\/\/www.cng-mobility.ch\/wp-content\/uploads\/2021\/12\/Iveco-S-Way-Fahrgestell_800x375-300x141.jpg 300w, https:\/\/www.cng-mobility.ch\/wp-content\/uploads\/2021\/12\/Iveco-S-Way-Fahrgestell_800x375-768x360.jpg 768w\" sizes=\"(max-width: 800px) 100vw, 800px\" \/><\/a><\/p>\n<\/td>\n<td style=\"width: 33.3333%; height: 250px;\"><a href=\"https:\/\/www.cng-mobility.ch\/it\/fahrzeug\/iveco-x-way-cng-lng-trattori\/\">Iveco X-Way<\/a>\n<p>\u00a0<\/p>\n<p><a href=\"https:\/\/www.cng-mobility.ch\/it\/fahrzeug\/iveco-x-way-cng-lng-trattori\/\"><img loading=\"lazy\" decoding=\"async\" class=\"alignnone wp-image-20425 size-full\" src=\"https:\/\/www.cng-mobility.ch\/wp-content\/uploads\/2021\/12\/X_Way-SZM_300x216.jpg\" alt=\"Iveco X-Way\" width=\"300\" height=\"216\" \/><\/a><\/p>\n<\/td>\n<\/tr>\n<tr>\n<td style=\"width: 25%;\"><a href=\"\/it\/fahrzeug\/iveco-eurocargo\/\">Iveco Eurocargo<\/a>\n<p>\u00a0<\/p>\n<p><a href=\"\/it\/fahrzeug\/iveco-eurocargo\/\"><img loading=\"lazy\" decoding=\"async\" class=\"alignnone wp-image-9407 size-full\" src=\"https:\/\/www.cng-mobility.ch\/wp-content\/uploads\/2019\/04\/NFZ_Iveco_Eurocargo_300x169pxl.jpg\" alt=\"Iveco Eurocargo\" width=\"300\" height=\"169\" \/><\/a><\/p>\n<\/td>\n<td style=\"width: 30%; height: 270px;\"><img loading=\"lazy\" decoding=\"async\" class=\"alignnone wp-image-1433 size-full\" src=\"\/wp-content\/uploads\/2019\/04\/blank_300x169.jpg\" alt=\"\" width=\"300\" height=\"169\" \/><\/td>\n<td style=\"width: 33.3333%; height: 270px;\"><img loading=\"lazy\" decoding=\"async\" class=\"alignnone wp-image-1433 size-full\" src=\"\/wp-content\/uploads\/2019\/04\/blank_300x169.jpg\" alt=\"\" width=\"300\" height=\"169\" \/><\/td>\n<\/tr>\n<tr>\n<td style=\"width: 25%;\"><a href=\"\/it\/fahrzeug\/renault-trucks-d-wide-cng\/\">Renault Trucks D Wide CNG<\/a>\n<p>\u00a0<\/p>\n<p><a href=\"\/it\/fahrzeug\/renault-trucks-d-wide-cng\/\"><img loading=\"lazy\" decoding=\"async\" class=\"alignnone wp-image-1735 size-full\" src=\"\/wp-content\/uploads\/2019\/04\/lastwagen_300x169_renault.jpg\" alt=\"\" width=\"300\" height=\"169\" \/><\/a><\/p>\n<\/td>\n<td style=\"width: 30%;\"><img loading=\"lazy\" decoding=\"async\" class=\"alignnone wp-image-1433 size-full\" src=\"\/wp-content\/uploads\/2019\/04\/blank_300x169.jpg\" alt=\"\" width=\"300\" height=\"169\" \/><\/td>\n<td style=\"width: 33.3333%;\"><img loading=\"lazy\" decoding=\"async\" class=\"alignnone wp-image-1433 size-full\" src=\"\/wp-content\/uploads\/2019\/04\/blank_300x169.jpg\" alt=\"\" width=\"300\" height=\"169\" \/><\/td>\n<\/tr>\n<tr style=\"height: 250px;\">\n<td style=\"width: 25%; height: 250px;\"><a href=\"https:\/\/www.cng-mobility.ch\/it\/fahrzeug\/scania-r-serie-cng-lng\/\">Scania R-Serie CNG\/LNG<\/a>\n<p>\u00a0<\/p>\n<p><a href=\"https:\/\/www.cng-mobility.ch\/it\/fahrzeug\/scania-r-serie-cng-lng\/\"><img loading=\"lazy\" decoding=\"async\" class=\"alignnone wp-image-1842 size-full\" src=\"https:\/\/www.cng-mobility.ch\/wp-content\/uploads\/2019\/04\/Scania_R-Serie_packshots_300x169_NEU.jpg\" alt=\"\" width=\"300\" height=\"169\" \/><\/a><\/p>\n<\/td>\n<td style=\"width: 30%; height: 250px;\"><a href=\"https:\/\/www.cng-mobility.ch\/it\/fahrzeug\/scania-l-serie-cng-lng\/\">Scania L-Serie CNG\/LNG<\/a>\n<p>\u00a0<\/p>\n<p><a href=\"https:\/\/www.cng-mobility.ch\/it\/fahrzeug\/scania-l-serie-cng-lng\/\"><img loading=\"lazy\" decoding=\"async\" class=\"alignnone wp-image-1846 size-full\" src=\"https:\/\/www.cng-mobility.ch\/wp-content\/uploads\/2019\/05\/Scania_L-Serie_packshots_300x169_NEU.jpg\" alt=\"\" width=\"300\" height=\"169\" \/><\/a><\/p>\n<\/td>\n<td style=\"width: 33.3333%; height: 250px;\"><a href=\"https:\/\/www.cng-mobility.ch\/it\/fahrzeug\/scania-p-serie-cng-lng\/\">Scania P-Serie CNG\/LNG<\/a>\n<p>\u00a0<\/p>\n<p><a href=\"https:\/\/www.cng-mobility.ch\/it\/fahrzeug\/scania-p-serie-cng-lng\/\"><img loading=\"lazy\" decoding=\"async\" class=\"alignnone wp-image-1851 size-full\" src=\"https:\/\/www.cng-mobility.ch\/wp-content\/uploads\/2019\/05\/Scania_P-Serie_packshots_300x169_NEU.jpg\" alt=\"\" width=\"300\" height=\"169\" \/><\/a><\/p>\n<\/td>\n<\/tr>\n<tr style=\"height: 250px;\">\n<td style=\"width: 25%; height: 250px;\"><a href=\"https:\/\/www.cng-mobility.ch\/it\/fahrzeug\/scania-g-serie-cng-lng\/\">Scania G-Serie CNG\/LNG<\/a>\n<p>\u00a0<\/p>\n<p><a href=\"https:\/\/www.cng-mobility.ch\/it\/fahrzeug\/scania-g-serie-cng-lng\/\"><img loading=\"lazy\" decoding=\"async\" class=\"alignnone wp-image-1849 size-full\" src=\"https:\/\/www.cng-mobility.ch\/wp-content\/uploads\/2019\/05\/Scania_G-Serie_packshots_300x169_NEU.jpg\" alt=\"\" width=\"300\" height=\"169\" \/><\/a><\/p>\n<\/td>\n<td style=\"width: 30%; height: 250px;\"><img loading=\"lazy\" decoding=\"async\" class=\"alignnone wp-image-1433 size-full\" src=\"\/wp-content\/uploads\/2019\/04\/blank_300x169.jpg\" alt=\"\" width=\"300\" height=\"169\" \/><\/td>\n<td style=\"width: 33.3333%; height: 250px;\"><img loading=\"lazy\" decoding=\"async\" class=\"alignnone wp-image-1433 size-full\" src=\"\/wp-content\/uploads\/2019\/04\/blank_300x169.jpg\" alt=\"\" width=\"300\" height=\"169\" \/><\/td>\n<\/tr>\n<tr style=\"height: 250px;\">\n<td style=\"width: 25%; height: 250px;\"><a href=\"\/it\/fahrzeug\/volvo-fe-cng\/\">Volvo FE CNG<\/a>\n<p>\u00a0<\/p>\n<p><a href=\"\/it\/fahrzeug\/volvo-fe-cng\/\"><img loading=\"lazy\" decoding=\"async\" class=\"alignnone wp-image-1663 size-full\" src=\"\/wp-content\/uploads\/2019\/04\/Volvo_fe_300x169.jpg\" alt=\"\" width=\"300\" height=\"169\" \/><\/a><\/p>\n<\/td>\n<td style=\"width: 30%;\"><a href=\"https:\/\/www.cng-mobility.ch\/it\/fahrzeug\/volvo-fh\/\">Volvo FH LNG<\/a>\n<p>\u00a0<\/p>\n<p><img loading=\"lazy\" decoding=\"async\" class=\"alignnone wp-image-28616 size-full\" src=\"https:\/\/www.cng-mobility.ch\/wp-content\/uploads\/2023\/02\/Volvo-FH-300x169-1.jpg\" alt=\"\" width=\"300\" height=\"169\" \/><\/p>\n<\/td>\n<td style=\"width: 33.3333%;\"><a href=\"https:\/\/www.cng-mobility.ch\/it\/fahrzeug\/volvo-fm\/\">Volvo FM LNG<\/a>\n<p>\u00a0<\/p>\n<p><img loading=\"lazy\" decoding=\"async\" class=\"alignnone wp-image-28628 size-full\" src=\"https:\/\/www.cng-mobility.ch\/wp-content\/uploads\/2023\/02\/Volvo-FM-300x169-1.jpg\" alt=\"\" width=\"300\" height=\"169\" \/><\/p>\n<\/td>\n<\/tr>\n<\/tbody>\n<\/table>\n<\/div>\n\n\n\n<p> Qui troverete anche informazioni su <a href=\"https:\/\/www.cng-mobility.ch\/it\/veicoli-nuovi-a-cng-ce-solo-limbarazzo-della-scelta\/\">autovetture<\/a>, <a href=\"https:\/\/www.cng-mobility.ch\/it\/ecologici-nei-centri-urbani-grazie-al-cng\/\">veicoli commerciali leggeri<\/a> e <a href=\"https:\/\/www.cng-mobility.ch\/it\/autobus-ecologici-per-il-trasporto-pubblico\/\">autobus<\/a> con tecnologia CNG. <\/p>\n\n\n\n<h2 class=\"wp-block-heading\">Una panoramica degli attraenti modelli precedenti con trazione CNG e LNG.<\/h2>\n\n\n\n<div class=\"tableoverview\">\n<table style=\"border-collapse: collapse; width: 100%; height: 1540px;\" border=\"1\">\n<tbody>\n<tr style=\"height: 270px;\">\n<td style=\"width: 25%; height: 270px;\"><a href=\"\/it\/fahrzeug\/mercedes-benz-econic-ngt\/\">Mercedes-Benz Econic NGT<\/a>\n<p>\u00a0<\/p>\n<p><a href=\"\/it\/fahrzeug\/mercedes-benz-econic-ngt\/\"><img loading=\"lazy\" decoding=\"async\" class=\"alignnone wp-image-1439 size-full\" src=\"\/wp-content\/uploads\/2019\/04\/Mercedes_Econic_packshots_300x169.jpg\" alt=\"\" width=\"300\" height=\"169\" \/><\/a><\/p>\n<\/td>\n<td style=\"width: 25%; height: 270px;\">\n<p><a href=\"https:\/\/www.cng-mobility.ch\/it\/fahrzeug\/mercedes-benz-actros-ngt\/\">Mercedes-Benz Actros NGT<\/a><\/p>\n<p><a href=\"https:\/\/www.cng-mobility.ch\/it\/fahrzeug\/mercedes-benz-actros-ngt\/\"><img loading=\"lazy\" decoding=\"async\" class=\"alignnone size-full wp-image-8766\" src=\"https:\/\/www.cng-mobility.ch\/wp-content\/uploads\/2020\/03\/Actros-jas-1.jpg\" alt=\"\" width=\"272\" height=\"169\" \/><\/a><\/p>\n<\/td>\n<td style=\"width: 25%; height: 270px;\"><img loading=\"lazy\" decoding=\"async\" class=\"alignnone wp-image-1433 size-full\" src=\"\/wp-content\/uploads\/2019\/04\/blank_300x169.jpg\" alt=\"\" width=\"300\" height=\"169\" \/><\/td>\n<\/tr>\n<\/tbody>\n<\/table>\n<\/div>\n\n\n\n<h2 class=\"has-text-align-center wp-block-heading\"> <br>Scoprite cosa potete ottimizzare  <\/h2>\n\n\n\n<div class=\"wp-block-button aligncenter\"><a class=\"wp-block-button__link\" href=\"https:\/\/www.cng-mobility.ch\/it\/un-vantaggio-per-lambiente-e-per-il-portafoglio\/\">  Calcolatore di carburante<\/a><\/div>\n","protected":false},"excerpt":{"rendered":"<p>Gli autocarri con motore a CNG o a LNG non sono inferiori ai camion diesel in fatto di potenza, carico utile e versatilit\u00e0. Inoltre, sono notevolmente pi\u00f9 silenziosi. Le emissioni di CO2 di un camion a gas sono inferiori del 35% rispetto a quelle di un camion diesel della stessa categoria. Se circolano con biogas [&hellip;]<\/p>\n","protected":false},"author":6,"featured_media":5833,"parent":0,"menu_order":0,"comment_status":"closed","ping_status":"closed","template":"","meta":{"_acf_changed":false,"inline_featured_image":false,"footnotes":""},"categories":[174],"acf":[],"aioseo_notices":[],"_links":{"self":[{"href":"https:\/\/www.cng-mobility.ch\/it\/wp-json\/wp\/v2\/pages\/5989"}],"collection":[{"href":"https:\/\/www.cng-mobility.ch\/it\/wp-json\/wp\/v2\/pages"}],"about":[{"href":"https:\/\/www.cng-mobility.ch\/it\/wp-json\/wp\/v2\/types\/page"}],"author":[{"embeddable":true,"href":"https:\/\/www.cng-mobility.ch\/it\/wp-json\/wp\/v2\/users\/6"}],"replies":[{"embeddable":true,"href":"https:\/\/www.cng-mobility.ch\/it\/wp-json\/wp\/v2\/comments?post=5989"}],"version-history":[{"count":24,"href":"https:\/\/www.cng-mobility.ch\/it\/wp-json\/wp\/v2\/pages\/5989\/revisions"}],"predecessor-version":[{"id":28640,"href":"https:\/\/www.cng-mobility.ch\/it\/wp-json\/wp\/v2\/pages\/5989\/revisions\/28640"}],"wp:featuredmedia":[{"embeddable":true,"href":"https:\/\/www.cng-mobility.ch\/it\/wp-json\/wp\/v2\/media\/5833"}],"wp:attachment":[{"href":"https:\/\/www.cng-mobility.ch\/it\/wp-json\/wp\/v2\/media?parent=5989"}],"wp:term":[{"taxonomy":"category","embeddable":true,"href":"https:\/\/www.cng-mobility.ch\/it\/wp-json\/wp\/v2\/categories?post=5989"}],"curies":[{"name":"wp","href":"https:\/\/api.w.org\/{rel}","templated":true}]}}