{"id":5961,"date":"2019-04-17T10:21:00","date_gmt":"2019-04-17T08:21:00","guid":{"rendered":"https:\/\/www.cng-mobility.ch\/?page_id=5961"},"modified":"2023-11-03T19:26:45","modified_gmt":"2023-11-03T18:26:45","slug":"ecologici-nei-centri-urbani-grazie-al-cng","status":"publish","type":"page","link":"https:\/\/www.cng-mobility.ch\/it\/ecologici-nei-centri-urbani-grazie-al-cng\/","title":{"rendered":"Veicoli commerciali: pi\u00f9 ecologici nei centri urbani"},"content":{"rendered":"\n<p>Silenziosi, puliti e nessuna emissione di polveri sottili in fase di combustione: i veicoli commerciali leggeri con motore a CNG hanno tanti pro. Certo, le processioni dei furgoni delle consegne che ogni giorno attraversano le citt\u00e0 non si ridurranno, ma almeno saranno pi\u00f9 silenziose e pi\u00f9 pulite grazie al motore a CNG.<\/p>\n\n\n\n<p>Lo stesso vale anche e soprattutto per i mezzi comunali delle citt\u00e0, cui \u00e8 richiesto un impegno particolare in termini di sostenibilit\u00e0 e costi. Nel bilancio climatico come in quello economico, i veicoli a CNG garantiscono risultati eccezionali.<\/p>\n\n\n\n<h2 class=\"wp-block-heading\">Panoramica dell&#8217;attuale gamma di veicoli commerciali alimentati a GNC fino a 3,5 tonnellate<\/h2>\n\n\n<div class=\"tableoverview\">\n<p>\u00a0<\/p>\n<table style=\"border-collapse: collapse; width: 100%; height: 1248px;\" border=\"1\">\n<tbody>\n<tr style=\"height: 204px;\">\n<td style=\"width: 25%; vertical-align: bottom; height: 204px;\"><a href=\"https:\/\/www.cng-mobility.ch\/it\/fahrzeug\/iveco-daily-cng-versione-furgone\/\">Iveco Daily CNG versione furgone<img loading=\"lazy\" decoding=\"async\" class=\"alignnone wp-image-20503 size-full\" src=\"https:\/\/www.cng-mobility.ch\/wp-content\/uploads\/2021\/12\/Iveco-Daily-Kastenwagen_300x169.jpg\" alt=\"\" width=\"300\" height=\"169\" \/><\/a><\/td>\n<td style=\"width: 25%; vertical-align: bottom; height: 204px;\"><a href=\"https:\/\/www.cng-mobility.ch\/it\/fahrzeug\/iveco-daily-cng-telaio-cabina-singola-di-guida\/\">Iveco Daily CNG telaio cabina singola di guida<\/a> <a href=\"https:\/\/www.cng-mobility.ch\/it\/fahrzeug\/iveco-daily-cng-telaio-cabina-singola-di-guida\/\"><img loading=\"lazy\" decoding=\"async\" class=\"alignnone wp-image-20507 size-full\" src=\"https:\/\/www.cng-mobility.ch\/wp-content\/uploads\/2021\/12\/Iveco-Daily-Fahrgestell_300x169.jpg\" alt=\"\" width=\"300\" height=\"169\" \/><\/a><\/td>\n<td style=\"width: 25%; vertical-align: bottom; height: 204px;\"><a href=\"https:\/\/www.cng-mobility.ch\/it\/fahrzeug\/iveco-daily-cng-telaio-cabina-doppia-di-guida\/\">Iveco Daily CNG telaio cabina doppia di guida<\/a><a href=\"https:\/\/www.cng-mobility.ch\/it\/fahrzeug\/iveco-daily-cng-telaio-cabina-doppia-di-guida\/\"><img loading=\"lazy\" decoding=\"async\" class=\"alignnone wp-image-20510 size-full\" src=\"https:\/\/www.cng-mobility.ch\/wp-content\/uploads\/2021\/12\/Iveco-Daily-Doppelkabine_300x169.jpg\" alt=\"\" width=\"300\" height=\"169\" \/><\/a><\/td>\n<\/tr>\n<tr style=\"height: 228px;\">\n<td style=\"width: 25%; height: 228px;\">\n<p><a href=\"https:\/\/www.cng-mobility.ch\/it\/fahrzeug\/piaggio-porter-np6\/\">Piaggio Porter NP6<img loading=\"lazy\" decoding=\"async\" class=\"alignnone size-full wp-image-15355\" src=\"https:\/\/www.cng-mobility.ch\/wp-content\/uploads\/2021\/03\/piaggio_porter_300x169.jpg\" alt=\"\" width=\"300\" height=\"169\" \/><\/a><\/p>\n<\/td>\n<td style=\"width: 25%; vertical-align: bottom; height: 228px;\">\u00a0<\/td>\n<td style=\"vertical-align: bottom; width: 25%; height: 228px;\">\u00a0<\/td>\n<\/tr>\n<tr style=\"height: 183px;\">\n<td style=\"width: 25%; vertical-align: bottom; height: 183px;\"><a href=\"\/it\/fahrzeug\/linde-chariot-h20-cng\/\">Linde carrello elevatore H20 CNG<\/a> <a href=\"\/it\/fahrzeug\/linde-chariot-h20-cng\/\"><img loading=\"lazy\" decoding=\"async\" class=\"alignnone wp-image-1557 size-full\" src=\"\/wp-content\/uploads\/2019\/04\/NFZ_kleintrans_packshot300x169__0008_Linde.jpg\" alt=\"\" width=\"300\" height=\"169\" \/><\/a><\/td>\n<td style=\"width: 25%; vertical-align: bottom; height: 183px;\"><a href=\"\/it\/fahrzeug\/linde-carrello-elevatore-h20-600-cng\/\">Linde carrello elevatore H20\/600 CNG<\/a> <a href=\"\/it\/fahrzeug\/linde-carrello-elevatore-h20-600-cng\/\"><img loading=\"lazy\" decoding=\"async\" class=\"alignnone wp-image-8016 size-full\" src=\"https:\/\/www.cng-mobility.ch\/wp-content\/uploads\/2020\/02\/linde_h20_600_300x169.jpg\" alt=\"\" width=\"300\" height=\"169\" \/><\/a><\/td>\n<td style=\"width: 25%; vertical-align: bottom; height: 183px;\"><a href=\"\/it\/fahrzeug\/linde-carrello-elevatore-h25-cng\/\">Linde carrello elevatore H25 CNG<\/a> <a href=\"\/it\/fahrzeug\/linde-carrello-elevatore-h25-cng\/\"><img loading=\"lazy\" decoding=\"async\" class=\"alignnone wp-image-8019 size-full\" src=\"https:\/\/www.cng-mobility.ch\/wp-content\/uploads\/2020\/02\/linde_H25_300x169.jpg\" alt=\"\" width=\"300\" height=\"169\" \/><\/a><\/td>\n<\/tr>\n<tr style=\"height: 183px;\">\n<td style=\"width: 25%; vertical-align: bottom; height: 183px;\"><a href=\"\/it\/fahrzeug\/linde-carrello-elevatore-h30-cng\/\">Linde carrello elevatore H30 CNG<\/a> <a href=\"\/it\/fahrzeug\/linde-carrello-elevatore-h30-cng\/\"><img loading=\"lazy\" decoding=\"async\" class=\"alignnone wp-image-8022 size-full\" src=\"https:\/\/www.cng-mobility.ch\/wp-content\/uploads\/2020\/02\/linde_H30_300x169.jpg\" alt=\"\" width=\"300\" height=\"169\" \/><\/a><\/td>\n<td style=\"width: 25%; vertical-align: bottom; height: 183px;\">\u00a0<\/td>\n<td style=\"width: 25%; vertical-align: bottom; height: 183px;\">\u00a0<\/td>\n<\/tr>\n<tr style=\"height: 183px;\">\n<td style=\"width: 25%; vertical-align: bottom; height: 183px;\"><a href=\"\/it\/fahrzeug\/new-holland-t6-methan-power\/\">New Holland T6 Methan Power<\/a> <a href=\"\/it\/fahrzeug\/new-holland-t6-methan-power\/\"><img loading=\"lazy\" decoding=\"async\" class=\"alignnone wp-image-20256 size-full\" src=\"https:\/\/www.cng-mobility.ch\/wp-content\/uploads\/2021\/12\/Traktor_IT_300x169.jpg\" alt=\"\" width=\"300\" height=\"169\" \/><\/a><\/td>\n<td style=\"width: 25%; height: 183px;\"><a href=\"https:\/\/www.cng-mobility.ch\/it\/fahrzeug\/new-holland-t7-methan-power\/\">New Holland T7 Methan Power<\/a><a href=\"https:\/\/www.cng-mobility.ch\/it\/fahrzeug\/new-holland-t7-methan-power\/\"><img loading=\"lazy\" decoding=\"async\" class=\"alignnone wp-image-33683 size-full\" src=\"https:\/\/www.cng-mobility.ch\/wp-content\/uploads\/2023\/11\/T7-CNG_300x169-2.jpg\" alt=\"\" width=\"300\" height=\"169\" \/><\/a><\/td>\n<td style=\"width: 25%; height: 183px;\"><a href=\"https:\/\/www.cng-mobility.ch\/it\/fahrzeug\/new-holland-t7-methane-power-lng\/\">New Holland T7 Methan Power LNG<\/a><a href=\"https:\/\/www.cng-mobility.ch\/it\/fahrzeug\/new-holland-t7-methane-power-lng\/\"><img loading=\"lazy\" decoding=\"async\" class=\"alignnone wp-image-27928 size-full\" src=\"https:\/\/www.cng-mobility.ch\/wp-content\/uploads\/2022\/12\/LNG-Traktor-300x169-1.png\" alt=\"\" width=\"300\" height=\"169\" \/><\/a><\/td>\n<\/tr>\n<tr style=\"height: 183px;\">\n<td style=\"width: 25%;\"><a href=\"https:\/\/www.cng-mobility.ch\/it\/fahrzeug\/new-holland-tk\/\">New Holland TK<\/a><a href=\"https:\/\/www.cng-mobility.ch\/it\/fahrzeug\/new-holland-tk\/\"><img loading=\"lazy\" decoding=\"async\" class=\"alignnone wp-image-20792 size-full\" src=\"https:\/\/www.cng-mobility.ch\/wp-content\/uploads\/2022\/01\/FPT-Raupentraktor-300x169-1.jpg\" alt=\"\" width=\"300\" height=\"169\" \/><\/a><\/td>\n<td style=\"width: 25%;\"><a href=\"https:\/\/www.cng-mobility.ch\/it\/fahrzeug\/auga-m1\/\">Auga M1<\/a> <a href=\"https:\/\/www.cng-mobility.ch\/it\/fahrzeug\/auga-m1\/\"><img loading=\"lazy\" decoding=\"async\" class=\"alignnone wp-image-20711 size-full\" src=\"https:\/\/www.cng-mobility.ch\/wp-content\/uploads\/2022\/01\/Agua-CNG-300x141-1.jpg\" alt=\"\" width=\"300\" height=\"141\" \/><\/a><\/td>\n<td style=\"width: 25%;\">\u00a0<\/td>\n<\/tr>\n<tr style=\"height: 244px;\">\n<td style=\"width: 25%; vertical-align: bottom; height: 244px;\">\n<p><a href=\"https:\/\/www.cng-mobility.ch\/it\/fahrzeug\/spazzatrice-stradale-dulevo-6000-cng\/\">Dulevo 6000 CNG<\/a><\/p>\n<p><a href=\"https:\/\/www.cng-mobility.ch\/it\/fahrzeug\/spazzatrice-stradale-dulevo-6000-cng\/\"><img loading=\"lazy\" decoding=\"async\" class=\"alignnone size-full wp-image-8536\" src=\"https:\/\/www.cng-mobility.ch\/wp-content\/uploads\/2020\/03\/20200316_6000_Ambientata_300x169.jpg\" alt=\"Dulevo\" width=\"300\" height=\"169\" \/><\/a><\/p>\n<\/td>\n<td style=\"width: 25%; vertical-align: bottom; height: 244px;\">\n<p><a href=\"https:\/\/www.cng-mobility.ch\/it\/fahrzeug\/europe-service-cleango-cng\/\">Europe Service CleaNGo CNG<\/a><\/p>\n<p><a href=\"https:\/\/www.cng-mobility.ch\/it\/fahrzeug\/europe-service-cleango-cng\/\"><img loading=\"lazy\" decoding=\"async\" class=\"alignnone size-full wp-image-8540\" src=\"https:\/\/www.cng-mobility.ch\/wp-content\/uploads\/2020\/03\/20200316_euroservice_cleanNgo_300x169.jpg\" alt=\"\" width=\"300\" height=\"169\" \/><\/a><\/p>\n<\/td>\n<td style=\"width: 25%; vertical-align: bottom; height: 244px;\">\u00a0<\/td>\n<\/tr>\n<\/tbody>\n<\/table>\n<\/div>\n\n\n<p>Qui troverete anche informazioni su <a href=\"https:\/\/www.cng-mobility.ch\/it\/veicoli-nuovi-a-cng-ce-solo-limbarazzo-della-scelta\/\">autovetture<\/a>, <a href=\"https:\/\/www.cng-mobility.ch\/it\/silenziosi-potenti-ed-ecologici-i-camion-a-cng-e-a-lng\/\">camion<\/a> e <a href=\"https:\/\/www.cng-mobility.ch\/it\/autobus-ecologici-per-il-trasporto-pubblico\/\">autobus<\/a> con tecnologia CNG. <\/p>\n\n\n\n<h2 class=\"wp-block-heading\">Una panoramica degli attraenti modelli precedenti con trazione CNG<\/h2>\n\n\n<div class=\"tableoverview\">\n<table style=\"border-collapse: collapse; width: 100%; height: 591px;\" border=\"1\">\n<tbody>\n<tr style=\"height: 204px;\">\n<td style=\"width: 33.3333%; height: 204px;\"><a href=\"https:\/\/www.cng-mobility.ch\/it\/fahrzeug\/fiat-fiorino-kombi-kastenwagen-1-4-natural-power\/\">Fiat Fiorino Combi\/Cargo 1.4 Natural Power<\/a> <a href=\"https:\/\/www.cng-mobility.ch\/it\/fahrzeug\/fiat-fiorino-kombi-kastenwagen-1-4-natural-power\/\"><img loading=\"lazy\" decoding=\"async\" class=\"alignnone wp-image-1534 size-full\" src=\"https:\/\/www.cng-mobility.ch\/wp-content\/uploads\/2019\/04\/NFZ_kleintrans_packshot300x169__0004_Fiat_Fiorino.jpg\" alt=\"\" width=\"300\" height=\"169\"><\/a><\/td>\n<td style=\"width: 33.3333%; height: 204px;\"><a href=\"\/it\/fahrzeug\/fiat-doblo-cargo-1-4-natural-power\/\">Fiat Dobl\u00f2 Cargo 1.4 Natural Power<\/a> <a href=\"\/it\/fahrzeug\/fiat-doblo-cargo-1-4-natural-power\/\"><img loading=\"lazy\" decoding=\"async\" class=\"alignnone wp-image-1976 size-full\" src=\"\/wp-content\/uploads\/2019\/06\/NFZ_kleintrans_packshot300x169__0002_Fiat_Doblo_Cargo_Maxi.jpg\" alt=\"\" width=\"300\" height=\"169\"><\/a><\/td>\n<td style=\"width: 33.3333%; height: 204px;\"><a href=\"\/it\/fahrzeug\/fiat-ducato-136-natural-power\/\">Fiat Ducato 136 Natural Power<br><\/a> <a href=\"\/it\/fahrzeug\/fiat-ducato-136-natural-power\/\"><img loading=\"lazy\" decoding=\"async\" class=\"alignnone wp-image-1549 size-full\" src=\"\/wp-content\/uploads\/2019\/04\/NFZ_kleintrans_packshot300x169__0003_Fiat_Ducato.jpg\" alt=\"\" width=\"300\" height=\"169\"><\/a><\/td>\n<\/tr>\n<tr style=\"height: 183px;\">\n<td style=\"width: 33.3333%; vertical-align: bottom; height: 183px;\"><a href=\"https:\/\/www.cng-mobility.ch\/it\/fahrzeug\/piaggio-porter-cng\/\">Piaggio Porter CNG<\/a> <a href=\"https:\/\/www.cng-mobility.ch\/it\/fahrzeug\/piaggio-porter-cng\/\"><img loading=\"lazy\" decoding=\"async\" class=\"alignnone wp-image-1555 size-full\" src=\"https:\/\/www.cng-mobility.ch\/wp-content\/uploads\/2019\/04\/NFZ_kleintrans_packshot300x169__0010_Piaggio-Porter.jpg\" alt=\"\" width=\"300\" height=\"169\"><\/a><\/td>\n<td style=\"width: 33.3333%; vertical-align: bottom; height: 183px;\"><a href=\"https:\/\/www.cng-mobility.ch\/it\/fahrzeug\/piaggio-porter-maxxi-cng\/\">Piaggio Porter Maxxi CNG<\/a> <a href=\"https:\/\/www.cng-mobility.ch\/it\/fahrzeug\/piaggio-porter-maxxi-cng\/\"><img loading=\"lazy\" decoding=\"async\" class=\"alignnone wp-image-1556 size-full\" src=\"https:\/\/www.cng-mobility.ch\/wp-content\/uploads\/2019\/04\/NFZ_kleintrans_packshot300x169__0009_Piaggio_Maxxi.jpg\" alt=\"\" width=\"300\" height=\"169\"><\/a><\/td>\n<td style=\"width: 33.3333%; vertical-align: bottom; height: 183px;\">&nbsp;<\/td>\n<\/tr>\n<tr style=\"height: 204px;\">\n<td style=\"width: 33.3333%; height: 204px;\"><a href=\"\/it\/fahrzeug\/vw-caddy-kastenwagen-caddy-kastenwagen-maxi-1-4-tgi\/\">VW Caddy Kombi \/ Caddy Kombi Maxi 1.4 TGI<\/a> <a href=\"\/it\/fahrzeug\/vw-caddy-kastenwagen-caddy-kastenwagen-maxi-1-4-tgi\/\"><img loading=\"lazy\" decoding=\"async\" class=\"alignnone wp-image-1553 size-full\" src=\"\/wp-content\/uploads\/2019\/04\/NFZ_kleintrans_packshot300x169__0006_VW_Caddy.jpg\" alt=\"\" width=\"300\" height=\"169\"><\/a><\/td>\n<td style=\"width: 33.3333%; height: 204px;\"><a href=\"\/it\/fahrzeug\/vw-new-caddy-kombi-caddy-maxi-kombi\/\">VW New Caddy Kombi\/<br>Caddy Maxi Kombi<\/a> <a href=\"\/it\/fahrzeug\/vw-new-caddy-kombi-caddy-maxi-kombi\/\"><img loading=\"lazy\" decoding=\"async\" class=\"alignnone wp-image-18643 size-full\" src=\"https:\/\/www.cng-mobility.ch\/wp-content\/uploads\/2021\/09\/vw_caddy_cargo_2022_IT_361x169.jpg\" alt=\"\" width=\"361\" height=\"169\" srcset=\"https:\/\/www.cng-mobility.ch\/wp-content\/uploads\/2021\/09\/vw_caddy_cargo_2022_IT_361x169.jpg 361w, https:\/\/www.cng-mobility.ch\/wp-content\/uploads\/2021\/09\/vw_caddy_cargo_2022_IT_361x169-300x140.jpg 300w\" sizes=\"(max-width: 361px) 100vw, 361px\" \/><\/a><\/td>\n<td style=\"width: 33.3333%; vertical-align: bottom; height: 204px;\">&nbsp;<\/td>\n<\/tr>\n<\/tbody>\n<\/table>\n<\/div>\n\n\n<h2 class=\"has-text-align-center wp-block-heading\"> <br>Scoprite cosa potete ottimizzare  <\/h2>\n\n\n\n<div class=\"wp-block-button aligncenter\"><a class=\"wp-block-button__link\" href=\"https:\/\/www.cng-mobility.ch\/it\/un-vantaggio-per-lambiente-e-per-il-portafoglio\/\">  Calcolatore di carburante  <\/a><\/div>\n","protected":false},"excerpt":{"rendered":"<p>Silenziosi, puliti e nessuna emissione di polveri sottili in fase di combustione: i veicoli commerciali leggeri con motore a CNG hanno tanti pro. Certo, le processioni dei furgoni delle consegne che ogni giorno attraversano le citt\u00e0 non si ridurranno, ma almeno saranno pi\u00f9 silenziose e pi\u00f9 pulite grazie al motore a CNG. Lo stesso vale [&hellip;]<\/p>\n","protected":false},"author":6,"featured_media":5739,"parent":0,"menu_order":0,"comment_status":"closed","ping_status":"closed","template":"","meta":{"_acf_changed":false,"inline_featured_image":false,"footnotes":""},"categories":[177],"acf":[],"aioseo_notices":[],"_links":{"self":[{"href":"https:\/\/www.cng-mobility.ch\/it\/wp-json\/wp\/v2\/pages\/5961"}],"collection":[{"href":"https:\/\/www.cng-mobility.ch\/it\/wp-json\/wp\/v2\/pages"}],"about":[{"href":"https:\/\/www.cng-mobility.ch\/it\/wp-json\/wp\/v2\/types\/page"}],"author":[{"embeddable":true,"href":"https:\/\/www.cng-mobility.ch\/it\/wp-json\/wp\/v2\/users\/6"}],"replies":[{"embeddable":true,"href":"https:\/\/www.cng-mobility.ch\/it\/wp-json\/wp\/v2\/comments?post=5961"}],"version-history":[{"count":35,"href":"https:\/\/www.cng-mobility.ch\/it\/wp-json\/wp\/v2\/pages\/5961\/revisions"}],"predecessor-version":[{"id":33700,"href":"https:\/\/www.cng-mobility.ch\/it\/wp-json\/wp\/v2\/pages\/5961\/revisions\/33700"}],"wp:featuredmedia":[{"embeddable":true,"href":"https:\/\/www.cng-mobility.ch\/it\/wp-json\/wp\/v2\/media\/5739"}],"wp:attachment":[{"href":"https:\/\/www.cng-mobility.ch\/it\/wp-json\/wp\/v2\/media?parent=5961"}],"wp:term":[{"taxonomy":"category","embeddable":true,"href":"https:\/\/www.cng-mobility.ch\/it\/wp-json\/wp\/v2\/categories?post=5961"}],"curies":[{"name":"wp","href":"https:\/\/api.w.org\/{rel}","templated":true}]}}