{"id":5930,"date":"2020-02-03T07:39:55","date_gmt":"2020-02-03T06:39:55","guid":{"rendered":"https:\/\/www.cng-mobility.ch\/?page_id=5930"},"modified":"2025-07-22T11:29:30","modified_gmt":"2025-07-22T09:29:30","slug":"le-diverse-tecnologie-di-propulsione-a-confronto","status":"publish","type":"page","link":"https:\/\/www.cng-mobility.ch\/it\/le-diverse-tecnologie-di-propulsione-a-confronto\/","title":{"rendered":"Tecnologie di propulsione: dal CNG all\u2019elettrico fino all\u2019idrogeno"},"content":{"rendered":"\n<p>La strada verso un futuro sostenibile \u00e8 una strada a pi\u00f9 corsie, e questo vale sia per le automobili che per i veicoli commerciali leggeri, i camion o gli autobus. Se vogliamo ridurre in modo ottimale le emissioni di CO<sub>2<\/sub> nel traffico stradale, tutte le tecnologie di guida disponibili possono e devono dare il loro contributo, soprattutto quelle che sono disponibili immediatamente o gi\u00e0 oggi. Il fattore decisivo per una mobilit\u00e0 rispettosa del clima non \u00e8 il concetto di guida, ma l&#8217;energia utilizzata.<\/p>\n\n\n\n<p>Le auto a batteria e i veicoli pi\u00f9 grandi (BEV) svolgeranno sicuramente un ruolo importante nel prossimo futuro, a condizione che vengano caricati con energia elettrica rinnovabile. Ma anche il biogas, l&#8217;idrogeno e i carburanti sintetici (i cosiddetti e-carburanti) svolgeranno un ruolo importante nel percorso verso una mobilit\u00e0 rispettosa del clima.<\/p>\n\n\n\n<h2 class=\"wp-block-heading\">Confronto tra tecnologie di guida per auto e altri veicoli<\/h2>\n\n\n\n<h4>Motore a benzina<\/h4>\n<p>La tecnologia del motore a combustione \u00e8 ormai collaudata, c\u2019\u00e8 ancora margine di ottimizzazione e l\u2019infrastruttura per il rifornimento \u00e8 capillare. La caratteristica del motore a scoppio \u00e8 la compressione di una miscela di carburante e aria e la successiva accensione a scintilla tramite candele.<\/p>\n<p>+ tecnica comprovata<br>+ prezzo di acquisto relativamente economico<br>+ infrastruttura di rifornimento molto sviluppata<br>+ trattamento dei gas di scarico relativamente semplice<br>&#8211; elevate emissioni di CO<sub>2<br><\/sub>&#8211; produzione sintetica di carburante costosa<\/p>\n\n\n\n<hr class=\"wp-block-separator has-css-opacity\"\/>\n\n\n\n<h4>Motore diesel<\/h4>\n<p>Come il motore a benzina, anche il motore diesel esiste ormai da oltre un secolo. A differenza del primo, il motore diesel \u00e8 un motore a combustione con accensione a compressione, ossia autoaccensione senza candele. Rispetto ai motori a ciclo Otto, i motori diesel hanno generalmente il vantaggio, di una maggiore efficienza, ossia un consumo di carburante (misurato in litri per 100 km) inferiore di circa il 20-30% a parit\u00e0 di potenza del motore (misurata in kW o CV).<\/p>\n<p>Grazie al complesso post-trattamento dei gas di scarico con filtri antiparticolato e alla tecnologia SCR (riduzione catalitica selettiva), i moderni motori diesel sono molto puliti.<\/p>\n<p>+ tecnica comprovata<br>+ infrastruttura di rifornimento molto sviluppata<br>+ economico nel consumo<br>+ emissioni di CO<sub>2<\/sub> inferiori rispetto al motore a benzina<br>&#8211; dispendioso trattamento dei gas di scarico<br>&#8211; produzione sintetica di carburante costosa<\/p>\n\n\n\n<hr class=\"wp-block-separator has-css-opacity\"\/>\n\n\n\n<h4>Motorizzazione ibrida (HEV)<\/h4>\n<p>Un numero crescente di costruttori di veicoli si affida oggi alla propulsione ibrida, che combina un motore a combustione (di solito a benzina) con un motore elettrico. Il motore a scoppio viene fatto funzionare nel punto di carico ottimale, il motore elettrico viene utilizzato per accelerare e recuperare l\u2019energia generata in frenata. La trazione ibrida \u00e8 particolarmente vantaggiosa nel traffico urbano.<\/p>\n<p>+ infrastruttura di rifornimento molto sviluppata<br>+ economico nel consumo<br>+ emissioni di sostanze inquinanti pi\u00f9 modeste<br>&#8211; prezzo d\u2019acquisto relativamente elevato<br>&#8211; massa maggiore per la presenza di pi\u00f9 sistemi di propulsione<\/p>\n\n\n\n<div class=\"wp-block-buttons is-layout-flex wp-block-buttons-is-layout-flex\">\n<div class=\"wp-block-button\"><a class=\"wp-block-button__link wp-element-button\" href=\"https:\/\/www.cng-mobility.ch\/it\/la-propulsione-ibrida-due-tecnologie-in-sinergia\/\">Per saperne di pi\u00f9<\/a><\/div>\n<\/div>\n\n\n\n<hr class=\"wp-block-separator has-css-opacity\"\/>\n\n\n\n<h4>Motore ibrido plug-in (PHEV)<\/h4>\n<p>A differenza dell\u2019ibrido puro, che carica la batteria utilizzando l\u2019energia di frenata, l\u2019ibrido plug-in pu\u00f2 essere caricato alla stazione di ricarica. Grazie a questo e al suo pacco batterie pi\u00f9 grande, l&#8217;ibrido plug-in consente di avere un&#8217;autonomia elettrica maggiore (da 80 a 120 chilometri entro la fine del 2023) senza dover fare a meno del motore a combustione.<\/p>\n<p>+ infrastruttura di rifornimento molto sviluppata<br \/>+ economico nel consumo<br \/>+ emissioni di sostanze inquinanti pi\u00f9 modeste<br \/>+ autonomia maggiore in modalit\u00e0 elettrica rispetto all\u2019ibrido<br \/>&#8211; prezzo d\u2019acquisto relativamente elevato<br \/>&#8211; massa maggiore per la presenza di pi\u00f9 sistemi di propulsione<\/p>\n\n\n\n<div class=\"wp-block-buttons is-layout-flex wp-block-buttons-is-layout-flex\">\n<div class=\"wp-block-button\"><a class=\"wp-block-button__link wp-element-button\" href=\"https:\/\/www.cng-mobility.ch\/it\/plug-in-hybrid-il-meglio-di-due-mondi\/\">Per saperne di pi\u00f9<\/a><\/div>\n<\/div>\n\n\n\n<hr class=\"wp-block-separator has-css-opacity\"\/>\n\n\n\n<h4>Motore a CNG<\/h4>\n<p>Il motore a metano \u00e8, come quello a benzina, un motore a ciclo Otto. I motori a GNC odierni sono bivalenti e possono funzionare sia con GNC e biogas che con benzina. Il GNC \u00e8 composto per oltre il 90% da metano (CH<sub>4<\/sub>), l&#8217;idrocarburo pi\u00f9 semplice. Grazie al rapporto favorevole tra carbonio e idrogeno, il motore a GNC emette circa il 25% in meno di CO<sub>2<\/sub> rispetto a un motore a benzina, oltre a non produrre particolato e quasi nessun ossido di azoto. Nella classifica ambientale dell&#8217;Associazione Trasporti e Ambiente ATA, i veicoli a GNC occupano regolarmente i primi posti. Dal 2020, in Svizzera al GNC viene miscelato in media oltre il 20% di biogas, con una tendenza al rialzo. Numerose stazioni di rifornimento offrono anche la possibilit\u00e0 di fare il pieno con biogas al 100%. Nel 2024 la quota media di biogas era del 32,8%. Tuttavia, la quota fissa del 20% di biogas sar\u00e0 eliminata dall&#8217;Ordinanza sull&#8217;efficienza energetica (EnEV) a partire dal 2026.<\/p>\n<p>+ tecnica comprovata<br \/>+ praticamente CO<sub>2<\/sub> neutro con il 100% biogas<br \/>+ bassi valori di emissione (NO<sub>X<\/sub>, polveri sottili)<br \/>+ autonomia simile al motore a benzina<br \/>+ conveniente per il costo totale di possesso (TCO = Total Cost of Ownership)<br \/>&#8211; rete dei circa 125 distributori in Svizzera con capillarit\u00e0 non uniforme (in Europa oltre 4\u2019000)<br \/>&#8211; Limitazione della gamma di modelli, quasi niente pi\u00f9 auto nuove<br \/>&#8211; sostenibilit\u00e0 variabile in base al mix di gas naturale<\/p>\n\n\n\n<div class=\"wp-block-buttons is-layout-flex wp-block-buttons-is-layout-flex\">\n<div class=\"wp-block-button\"><a class=\"wp-block-button__link wp-element-button\" href=\"https:\/\/www.cng-mobility.ch\/it\/12-fatti-su-cng-e-biogas\/\">Per saperne di pi\u00f9<\/a><\/div>\n<\/div>\n\n\n\n<hr class=\"wp-block-separator has-css-opacity\"\/>\n\n\n\n<h4>Motore elettrico a batteria (BEV)<\/h4>\n<p>Il futuro appartiene all\u2019auto elettrica: cos\u00ec vuole la politica e in questa direzione si sta muovendo l\u2019industria. Il rendimento, l\u2019efficienza energetica e l\u2019assenza di emissioni inquinanti locali sono argomenti a favore del motore elettrico a batteria. La mobilit\u00e0 elettrica \u00e8 particolarmente adatta su distanze brevi. Attualmente un\u2019autonomia accettabile \u00e8 possibile solo con batterie enormi e molto pesanti.<\/p>\n<p>+ elevata efficienza energetica<br \/>+ fattore divertimento grazie alla coppia vigorosa<br \/>+ funzionamento senza emissioni allo scarico<br \/>&#8211; lunghi tempi di ricarica e infrastruttura limitata<br \/>&#8211; bilancio ambientale problematico a causa della produzione e dello smaltimento della batteria<br \/>&#8211; incertezza sul valore dell\u2019usato (sostituzione della batteria)<br \/>&#8211; sostenibilit\u00e0 variabile in base al mix di energia elettrica<\/p>\n\n\n\n<div class=\"wp-block-buttons is-layout-flex wp-block-buttons-is-layout-flex\">\n<div class=\"wp-block-button\"><a class=\"wp-block-button__link wp-element-button\" href=\"https:\/\/www.cng-mobility.ch\/it\/il-motore-elettrico-funzionamento-senza-emissioni\/\">Per saperne di pi\u00f9<\/a><\/div>\n<\/div>\n\n\n\n<hr class=\"wp-block-separator has-css-opacity\"\/>\n\n\n\n<h4>Motorizzazione con celle a combustibile (FCEV)<\/h4>\n<p>Nella cella a combustibile, l\u2019idrogeno (H<sub>2<\/sub>) reagisce con l\u2019ossigeno (O<sub>2<\/sub>) per formare acqua, liberando cos\u00ec energia elettrica per la propulsione del veicolo. Lo scarico \u00e8 costituito da vapore acqueo. Ormai non \u00e8 pi\u00f9 solo un miraggio: In Svizzera esistono attualmente 18 stazioni di rifornimento di idrogeno (dato aggiornato a luglio 2025) e un&#8217;altra \u00e8 in fase di progettazione. A causa dell&#8217;elevato prezzo dell&#8217;idrogeno verde, attualmente in Svizzera circolano solo circa 55 camion a celle a combustibile del produttore coreano Hyundai, ma nel 2025 seguiranno altri produttori come Iveco e Scania e la flotta a idrogeno dovrebbe crescere parallelamente alla rete di stazioni di rifornimento.<\/p>\n<p>+ efficienza energetica<br \/>+ funzionamento senza emissioni<br \/>+ brevi tempi di rifornimento<br \/>&#8211; infrastruttura assente<br \/>&#8211; sostenibilit\u00e0 variabile in base alla produzione di idrogeno<br \/>&#8211; gamma di modelli molto limitata<\/p>\n\n\n\n<div class=\"wp-block-buttons is-layout-flex wp-block-buttons-is-layout-flex\">\n<div class=\"wp-block-button\"><a class=\"wp-block-button__link wp-element-button\" href=\"https:\/\/www.cng-mobility.ch\/it\/idrogeno-vapore-acqueo-come-gas-di-scarico\/\">Per saperne di pi\u00f9<\/a><\/div>\n<\/div>\n\n\n\n<h2 class=\"wp-block-heading\">Scoprite cosa potete ottimizzare<\/h2>\n\n\n\n<p>Calcolate come potete ridurre la vostra impronta ecologica con il nostro calcolatore di CO<sub>2<\/sub> e guardate come potete ridurre i vostri costi con il nostro calcolatore di carburante.<\/p>\n\n\n\n<div class=\"wp-block-button\"><a class=\"wp-block-button__link wp-element-button\" href=\"https:\/\/www.cng-mobility.ch\/it\/meno-co2-con-il-cng-ma-quanto-esattamente\/\">Calcolatore di CO<sub>2<\/sub><\/a><\/div>\n\n\n\n<div class=\"wp-block-button\"><a class=\"wp-block-button__link wp-element-button\" href=\"https:\/\/www.cng-mobility.ch\/it\/un-vantaggio-per-lambiente-e-per-il-portafoglio\/\">Calcolatore di carburante<\/a><\/div>\n","protected":false},"excerpt":{"rendered":"<p>La strada verso un futuro sostenibile \u00e8 una strada a pi\u00f9 corsie, e questo vale sia per le automobili che per i veicoli commerciali leggeri, i camion o gli autobus. Se vogliamo ridurre in modo ottimale le emissioni di CO2 nel traffico stradale, tutte le tecnologie di guida disponibili possono e devono dare il loro [&hellip;]<\/p>\n","protected":false},"author":6,"featured_media":5562,"parent":0,"menu_order":0,"comment_status":"closed","ping_status":"closed","template":"","meta":{"_acf_changed":false,"inline_featured_image":false,"footnotes":""},"categories":[145],"acf":[],"aioseo_notices":[],"_links":{"self":[{"href":"https:\/\/www.cng-mobility.ch\/it\/wp-json\/wp\/v2\/pages\/5930"}],"collection":[{"href":"https:\/\/www.cng-mobility.ch\/it\/wp-json\/wp\/v2\/pages"}],"about":[{"href":"https:\/\/www.cng-mobility.ch\/it\/wp-json\/wp\/v2\/types\/page"}],"author":[{"embeddable":true,"href":"https:\/\/www.cng-mobility.ch\/it\/wp-json\/wp\/v2\/users\/6"}],"replies":[{"embeddable":true,"href":"https:\/\/www.cng-mobility.ch\/it\/wp-json\/wp\/v2\/comments?post=5930"}],"version-history":[{"count":20,"href":"https:\/\/www.cng-mobility.ch\/it\/wp-json\/wp\/v2\/pages\/5930\/revisions"}],"predecessor-version":[{"id":35874,"href":"https:\/\/www.cng-mobility.ch\/it\/wp-json\/wp\/v2\/pages\/5930\/revisions\/35874"}],"wp:featuredmedia":[{"embeddable":true,"href":"https:\/\/www.cng-mobility.ch\/it\/wp-json\/wp\/v2\/media\/5562"}],"wp:attachment":[{"href":"https:\/\/www.cng-mobility.ch\/it\/wp-json\/wp\/v2\/media?parent=5930"}],"wp:term":[{"taxonomy":"category","embeddable":true,"href":"https:\/\/www.cng-mobility.ch\/it\/wp-json\/wp\/v2\/categories?post=5930"}],"curies":[{"name":"wp","href":"https:\/\/api.w.org\/{rel}","templated":true}]}}