{"id":24669,"date":"2022-06-22T09:35:43","date_gmt":"2022-06-22T07:35:43","guid":{"rendered":"https:\/\/www.cng-mobility.ch\/economia-circolare-il-modo-intelligente-per-ridurre-il-co2\/"},"modified":"2022-06-22T13:20:29","modified_gmt":"2022-06-22T11:20:29","slug":"economia-circolare-il-modo-intelligente-per-ridurre-il-co2","status":"publish","type":"page","link":"https:\/\/www.cng-mobility.ch\/it\/economia-circolare-il-modo-intelligente-per-ridurre-il-co2\/","title":{"rendered":"Economia circolare: il modo intelligente per ridurre il CO<sub>2<\/sub>"},"content":{"rendered":"\n<p>La Svizzera produce 24 milioni di tonnellate di rifiuti all\u2019anno. Circa un quarto sono rifiuti urbani. Ci\u00f2 significa circa 700 kg pro capite. Nel Paese degli autoproclamati <a href=\"https:\/\/www.swissrecycling.ch\/it\/home\">\u00abcampioni del mondo del riciclo\u00bb<\/a> la percentuale di carta, cartone e PET \u00e8 diminuita drasticamente, ma allo stesso tempo \u00e8 in costante aumento la percentuale di rifiuti biogeni, che oggi riempie circa un terzo del sacco della spazzatura.<\/p>\n\n\n\n<p>I rifiuti biogeni negli impianti di incenerimento dei rifiuti urbani rappresentano una mancata opportunit\u00e0 di riciclaggio. In tutta la Svizzera lo smaltimento corretto dei residui biogeni tramite il bidone verde consentirebbe di risparmiare 1,5 milioni di tonnellate di emissioni di CO<sub>2<\/sub> in sede di incenerimento dei rifiuti e di generare ulteriori 360 kWh di energia per tonnellata di rifiuti organici. L\u2019economia circolare lo rende possibile.<\/p>\n\n\n\n<h2 class=\"wp-block-heading\">Garantire una crescita comune migliorando l\u2019economia circolare<\/h2>\n\n\n\n<p>Pertanto, per raggiungere l\u2019obiettivo comune di <a href=\"https:\/\/www.cng-mobility.ch\/it\/zero-emissioni-nette-di-co2-entro-il-2050\/\">un saldo netto pari a zero<\/a> \u00e8 importante rilanciare l\u2019economia circolare e, ove possibile, favorirla e attuarla. L\u2019aspetto interessante dell\u2019economia circolare \u00e8 che la crescita dei singoli attori al suo interno va sempre a vantaggio di tutte le parti e che il potenziale di risparmio in ogni settore aumenta.<\/p>\n\n\n\n<p>Se, ad esempio, una raccolta pi\u00f9 efficiente ed estesa dei residui biogeni di un impianto di biogas fornisce pi\u00f9 biomassa per la produzione di questo gas, la sua offerta cresce. Di conseguenza aumenta il numero di veicoli a impatto CO2 neutrale, il che a sua volta aiuta spedizionieri e <a href=\"https:\/\/www.cng-mobility.ch\/it\/beitrag\/apripista-esemplare\/\">clienti finali a migliorare il bilancio di CO<sub>2<\/sub>.<\/a> Ogni grammo di CO<sub>2<\/sub> risparmiato grazie all\u2019<a href=\"https:\/\/www.cng-mobility.ch\/it\/il-biogas-svizzero-e-sostenibile\/\">utilizzo di biogas<\/a> o di un altro gas proveniente da fonti rinnovabili nel settore della mobilit\u00e0, del riscaldamento o dell\u2019elettricit\u00e0 conta e ci avvicina all\u2019obiettivo dello \u00abzero netto\u00bb da raggiungere entro il 2050.<\/p>\n\n\n\n<figure class=\"wp-block-image size-large\"><img decoding=\"async\"  src=\"https:\/\/www.cng-mobility.ch\/wp-content\/uploads\/2021\/06\/190618_Grafik_Kreislauf_IT-1.svg\" alt=\"\" class=\"wp-image-16969\"\/><\/figure>\n\n\n\n<h2 class=\"wp-block-heading\">Introdurre o favorire la raccolta di prodotti verdi per aumentare l\u2019energia rinnovabile<\/h2>\n\n\n\n<p>Pertanto, \u00e8 importante produrre e promuovere quanto pi\u00f9 biogas possibile, anche per le generazioni e gli usi futuri. Un\u2019economia circolare efficace lo rende possibile reinserendo i rifiuti e le sostanze residue nel ciclo economico. \u00c8 sufficiente introdurre pi\u00f9 coerentemente o migliorare la raccolta di prodotti verdi per dispiegare un enorme potenziale. Da 10&#8217;000 tonnellate di rifiuti organici si possono infatti produrre circa 1,3 milioni di metri cubi di biogas. Secondo <a href=\"https:\/\/www.bafu.admin.ch\/bafu\/it\/home.html\">l\u2019Ufficio federale dell\u2019ambiente<\/a>, in tutta la Svizzera vengono raccolti circa 1,5 milioni di tonnellate di rifiuti organici, ma solo un terzo circa viene anche fermentato in biogas. In Svizzera ogni anno circa 200-300 chilogrammi di rifiuti organici finiscono nei sacchi dei rifiuti.<\/p>\n\n\n\n<p>Smaltendo i rifiuti verdi in<a href=\"https:\/\/www.chgemeinden.ch\/it\/\"> tutti i Comuni svizzeri<\/a> e tramite regolamentazioni cantonali o addirittura l\u2019obbligo di raccogliere i prodotti verdi si potrebbe ricavare una quantit\u00e0 maggiore di biomassa e trasformarla in biogas. La raccolta di biomassa \u00e8 ecologica, efficiente sotto il profilo delle risorse e anche economicamente vantaggiosa. Infatti, pi\u00f9 se ne raccoglie e la si immette nell\u2019economia circolare, maggiori sono i profitti per chi partecipa al ciclo del riciclaggio. Questi risultati possono essere ulteriormente incrementati, ad esempio con l\u2019impiego di veicoli di raccolta CNG che immagazzinano la biomassa e <a href=\"https:\/\/www.cng-mobility.ch\/it\/il-biogas-svizzero-e-sostenibile\/\">con il biogas<\/a> che ne deriva circolano di nuovo a impatto neutro di CO<sub>2<\/sub>. Sono effetti positivi che si rafforzano a vicenda, ma che purtroppo molto sovente non sono noti.<\/p>\n\n\n\n<h2 class=\"wp-block-heading\">L\u2019economia circolare crea un notevole potenziale di risparmio in termini di emissioni e costi<\/h2>\n\n\n\n<p>Spesso i Comuni, le imprese e i privati non sono nemmeno consapevoli di quante sostanze residue potrebbero immettere nell\u2019economia circolare. Un\u2019analisi di questa economia aiuta a ottimizzare il flusso di merci, informazioni e valori. Grazie all\u2019economia circolare i rifiuti diventano parte della soluzione e smettono di essere considerati parte di un problema. <a href=\"https:\/\/www.cng-mobility.ch\/it\/beitrag\/enorme-potenziale-dimostrato\/\">Le sostanze residue hanno un grande potenziale<\/a>, quindi \u00e8 importante immetterle nell\u2019economia circolare, anzich\u00e9 semplicemente bruciarle &#8230;<\/p>\n\n\n\n<figure class=\"wp-block-image size-large\"><img loading=\"lazy\" decoding=\"async\" width=\"1024\" height=\"811\" src=\"https:\/\/www.cng-mobility.ch\/wp-content\/uploads\/2022\/06\/Grafik_EN_Kreislauf-1024x811.jpg\" alt=\"\" class=\"wp-image-24673\" srcset=\"https:\/\/www.cng-mobility.ch\/wp-content\/uploads\/2022\/06\/Grafik_EN_Kreislauf-1024x811.jpg 1024w, https:\/\/www.cng-mobility.ch\/wp-content\/uploads\/2022\/06\/Grafik_EN_Kreislauf-300x238.jpg 300w, https:\/\/www.cng-mobility.ch\/wp-content\/uploads\/2022\/06\/Grafik_EN_Kreislauf-768x608.jpg 768w, https:\/\/www.cng-mobility.ch\/wp-content\/uploads\/2022\/06\/Grafik_EN_Kreislauf.jpg 1167w\" sizes=\"(max-width: 1024px) 100vw, 1024px\" \/><figcaption><em>L&#8217;Empa \u00e8 impegnata in un entusiasmante progetto di ricerca per immagazzinare l&#8217;energia solare nella terra. Fonte: Empa<\/em><\/figcaption><\/figure>\n\n\n\n<p>Un bell\u2019esempio di economia circolare \u00e8 il venditore al dettaglio Lidl Svizzera. La sua filiale di Berna \u00e8 rifornita dal partner logistico Krummen Kerzers con <a href=\"https:\/\/www.cng-mobility.ch\/it\/silenziosi-potenti-ed-ecologici-i-camion-a-cng-e-a-lng\/\">un camion CNG<\/a> alimentato esclusivamente a biogas. Anche un camion cos\u00ec grande diventa in tal modo pressoch\u00e9 CO<sub>2<\/sub> neutro. Il carburante rinnovabile per il camion CNG proviene inoltre da fanghi di depurazione e rifiuti organici dell\u2019<a href=\"https:\/\/www.arabern.ch\/\">ARA Bern<\/a> situata a meno di cinque chilometri dal negozio. <a href=\"https:\/\/www.cng-mobility.ch\/it\/beitrag\/biogas-regionale-al-posto-del-diesel\/\">Il biogas prodotto localmente<\/a> non solo consente di ridurre le emissioni di CO<sub>2<\/sub> nel traffico stradale, ma anche di riciclare i rifiuti in modo adeguato e di chiudere i cicli della materia regionali: una soluzione davvero intelligente!<\/p>\n","protected":false},"excerpt":{"rendered":"<p>La Svizzera produce 24 milioni di tonnellate di rifiuti all\u2019anno. Circa un quarto sono rifiuti urbani. Ci\u00f2 significa circa 700 kg pro capite. Nel Paese degli autoproclamati \u00abcampioni del mondo del riciclo\u00bb la percentuale di carta, cartone e PET \u00e8 diminuita drasticamente, ma allo stesso tempo \u00e8 in costante aumento la percentuale di rifiuti biogeni, [&hellip;]<\/p>\n","protected":false},"author":11,"featured_media":24634,"parent":0,"menu_order":0,"comment_status":"closed","ping_status":"closed","template":"","meta":{"_acf_changed":false,"inline_featured_image":false,"footnotes":""},"categories":[129,130],"acf":[],"aioseo_notices":[],"_links":{"self":[{"href":"https:\/\/www.cng-mobility.ch\/it\/wp-json\/wp\/v2\/pages\/24669"}],"collection":[{"href":"https:\/\/www.cng-mobility.ch\/it\/wp-json\/wp\/v2\/pages"}],"about":[{"href":"https:\/\/www.cng-mobility.ch\/it\/wp-json\/wp\/v2\/types\/page"}],"author":[{"embeddable":true,"href":"https:\/\/www.cng-mobility.ch\/it\/wp-json\/wp\/v2\/users\/11"}],"replies":[{"embeddable":true,"href":"https:\/\/www.cng-mobility.ch\/it\/wp-json\/wp\/v2\/comments?post=24669"}],"version-history":[{"count":4,"href":"https:\/\/www.cng-mobility.ch\/it\/wp-json\/wp\/v2\/pages\/24669\/revisions"}],"predecessor-version":[{"id":24697,"href":"https:\/\/www.cng-mobility.ch\/it\/wp-json\/wp\/v2\/pages\/24669\/revisions\/24697"}],"wp:featuredmedia":[{"embeddable":true,"href":"https:\/\/www.cng-mobility.ch\/it\/wp-json\/wp\/v2\/media\/24634"}],"wp:attachment":[{"href":"https:\/\/www.cng-mobility.ch\/it\/wp-json\/wp\/v2\/media?parent=24669"}],"wp:term":[{"taxonomy":"category","embeddable":true,"href":"https:\/\/www.cng-mobility.ch\/it\/wp-json\/wp\/v2\/categories?post=24669"}],"curies":[{"name":"wp","href":"https:\/\/api.w.org\/{rel}","templated":true}]}}