{"id":24665,"date":"2022-06-22T09:28:25","date_gmt":"2022-06-22T07:28:25","guid":{"rendered":"https:\/\/www.cng-mobility.ch\/gli-e-fuel-potrebbero-rendere-la-flotta-esistente-piu-rispettosa-del-clima\/"},"modified":"2022-06-22T12:58:15","modified_gmt":"2022-06-22T10:58:15","slug":"gli-e-fuel-potrebbero-rendere-la-flotta-esistente-piu-rispettosa-del-clima","status":"publish","type":"page","link":"https:\/\/www.cng-mobility.ch\/it\/gli-e-fuel-potrebbero-rendere-la-flotta-esistente-piu-rispettosa-del-clima\/","title":{"rendered":"Gli e-fuel potrebbero rendere la flotta esistente pi\u00f9 rispettosa del clima"},"content":{"rendered":"\n<p>Anche se sempre pi\u00f9 produttori e Paesi spingono per la fine del motore a combustione e puntano completamente su motori elettrici che non generano CO<sub>2<\/sub>, non tutte le applicazioni possono essere rese elettriche, nemmeno nel campo della mobilit\u00e0. Un\u2019alternativa intelligente sono gli e-fuel.<\/p>\n\n<p>Sono prodotti dalla sintesi di idrogeno (H) e carbonio (C), per cui vengono chiamati anche carburanti sintetici. In una prima fase gli elettrolizzatori scindono l\u2019acqua (H<sub>2<\/sub>O) in ossigeno (O) e idrogeno verde (H). Successivamente il CO<sub>2<\/sub> filtrato dall\u2019aria viene combinato con l\u2019idrogeno in metanolo sintetico (CH<sub>3<\/sub>OH o CH<sub>4<\/sub>O), che pu\u00f2 essere ulteriormente elaborato <a href=\"https:\/\/www.cng-mobility.ch\/it\/beitrag\/gli-e-fuel-come-integrazione-ideale\/\">in vari e-fuel<\/a>. Poich\u00e9 per la loro produzione viene utilizzata elettricit\u00e0 rigenerativa, i veicoli con motore a combustione, nuovi e vecchi, sono pressoch\u00e9 CO<sub>2<\/sub> neutri.<\/p>\n\n<figure class=\"wp-block-image size-large\"><img loading=\"lazy\" decoding=\"async\" width=\"1024\" height=\"576\" src=\"https:\/\/www.cng-mobility.ch\/wp-content\/uploads\/2022\/06\/Porsche-Anlage-in-Chile-1024x576.jpg\" alt=\"Porsche-Anlage in Chile\" class=\"wp-image-24612\" srcset=\"https:\/\/www.cng-mobility.ch\/wp-content\/uploads\/2022\/06\/Porsche-Anlage-in-Chile-1024x576.jpg 1024w, https:\/\/www.cng-mobility.ch\/wp-content\/uploads\/2022\/06\/Porsche-Anlage-in-Chile-300x169.jpg 300w, https:\/\/www.cng-mobility.ch\/wp-content\/uploads\/2022\/06\/Porsche-Anlage-in-Chile-768x432.jpg 768w, https:\/\/www.cng-mobility.ch\/wp-content\/uploads\/2022\/06\/Porsche-Anlage-in-Chile-1536x864.jpg 1536w, https:\/\/www.cng-mobility.ch\/wp-content\/uploads\/2022\/06\/Porsche-Anlage-in-Chile.jpg 1920w\" sizes=\"(max-width: 1024px) 100vw, 1024px\" \/><figcaption><em>L&#8217;impianto pilota di Porsche e Siemens Energy a Punta Arenas (Cile) \u00e8 gi\u00e0 stato messo in funzione e si prevede che produrr\u00e0 circa 130&#8217;000 litri di carburanti elettronici nel 2022. Fonte: Porsche<\/em><\/figcaption><\/figure>\n<h2 class=\"wp-block-heading\">L\u2019infrastruttura di stoccaggio e distribuzione per gli e-fuel \u00e8 gi\u00e0 disponibile<\/h2>\n\n<p><a href=\"https:\/\/www.cng-mobility.ch\/it\/beitrag\/opportunita-unica-per-gli-e-fuel\/\">Il grande vantaggio degli e-fuel<\/a> consiste nel fatto che non solo sono neutri dal punto di vista climatico, ma possono anche utilizzare l\u2019infrastruttura di stoccaggio e distribuzione esistente, contrariamente alle applicazioni di idrogeno ed elettricit\u00e0, per le quali al momento l\u2019intera infrastruttura deve ancora essere costruita e potenziata. Gli e-fuel si addicono anche come cosiddetti carburanti drop-in, che possono essere aggiunti a quelli fossili tradizionali, sostituendoli progressivamente al 100%. Il loro impiego non si limita al trasporto su strada; gli e-fuel possono rendere a impatto climatico zero soprattutto i settori dell\u2019aeronautica e della <a href=\"https:\/\/www.cng-mobility.ch\/it\/beitrag\/lng-ahoy\/\">navigazione<\/a>, difficili da elettrificare, ma essere utilizzati anche nel mercato dell\u2019energia termica e come materia prima per l\u2019industria chimica.<\/p>\n\n<figure class=\"wp-block-image size-large is-resized\"><img loading=\"lazy\" decoding=\"async\" src=\"https:\/\/www.cng-mobility.ch\/wp-content\/uploads\/2022\/06\/Dekarbonisierung-1024x576.jpg\" alt=\"\" class=\"wp-image-24616\" width=\"840\" height=\"472\" srcset=\"https:\/\/www.cng-mobility.ch\/wp-content\/uploads\/2022\/06\/Dekarbonisierung-1024x576.jpg 1024w, https:\/\/www.cng-mobility.ch\/wp-content\/uploads\/2022\/06\/Dekarbonisierung-300x169.jpg 300w, https:\/\/www.cng-mobility.ch\/wp-content\/uploads\/2022\/06\/Dekarbonisierung-768x432.jpg 768w, https:\/\/www.cng-mobility.ch\/wp-content\/uploads\/2022\/06\/Dekarbonisierung-1536x864.jpg 1536w, https:\/\/www.cng-mobility.ch\/wp-content\/uploads\/2022\/06\/Dekarbonisierung-2048x1152.jpg 2048w, https:\/\/www.cng-mobility.ch\/wp-content\/uploads\/2022\/06\/Dekarbonisierung-1920x1080.jpg 1920w\" sizes=\"(max-width: 840px) 100vw, 840px\" \/><figcaption><em>Grazie agli e-carburanti, l&#8217;energia solare ed eolica pu\u00f2 anche essere immagazzinata e quindi trasferita dall&#8217;estate all&#8217;inverno o trasportata da A a B in qualsiasi parte del mondo. Fonte: Porsche<\/em><\/figcaption><\/figure>\n<p>Gli e-fuel possono essere prodotti anche in Europa o in Svizzera, ma le aree loro pi\u00f9 adatte a sono quelle soleggiate e ventose sparse in tutto il mondo. Ad esempio le zone desertiche del Nord Africa o la Patagonia, attraversata da forti venti. Anche in questo caso, i costi di produzione industriale sono nettamente pi\u00f9 bassi e i gli e-fuel diventano cos\u00ec un\u2019alternativa economicamente sostenibile ai vettori energetici fossili. <a href=\"https:\/\/www.siemens-energy.com\/\">Siemens Energy<\/a> e <a href=\"https:\/\/www.cng-mobility.ch\/it\/beitrag\/porsche-elogia-la-svizzera\/\">il produttore di auto sportive Porsche<\/a>, ad esempio, hanno gi\u00e0 messo in funzione a Punta Arenas (Cile) un impianto pilota che nel 2022 produrr\u00e0 circa 130\u2019000 litri di e-fuel.<\/p>\n\n<h2 class=\"wp-block-heading\">La tecnologia \u00abPower-to-Gas\u00bb consente di sfruttare anche l\u2019energia rinnovabile in eccesso<\/h2>\n\n<p>La conversione dell\u2019energia rinnovabile in vettori energetici chimici come l\u2019idrogeno o il metano con la cosiddetta <a href=\"https:\/\/www.cng-mobility.ch\/it\/una-tecnologia-promettente\/\">tecnologia \u00abPower-to-Gas\u00bb<\/a> consente anche di rendere utilizzabile per l\u2019inverno l\u2019energia rinnovabile in eccesso prodotta alle nostre latitudini principalmente in estate. Secondo uno studio dell\u2019Empa, in Svizzera l\u2019energia in eccesso proveniente da impianti solari o eolici potrebbe far funzionare idealmente fino a un milione di automobili a zero emissioni CO<sub>2<\/sub>.<\/p>\n\n<figure class=\"wp-block-image size-large\"><img loading=\"lazy\" decoding=\"async\" width=\"1024\" height=\"682\" src=\"https:\/\/www.cng-mobility.ch\/wp-content\/uploads\/2022\/06\/Audi-e-gas-Anlage-in-Werlte-III-1024x682.jpg\" alt=\"\" class=\"wp-image-24620\" srcset=\"https:\/\/www.cng-mobility.ch\/wp-content\/uploads\/2022\/06\/Audi-e-gas-Anlage-in-Werlte-III-1024x682.jpg 1024w, https:\/\/www.cng-mobility.ch\/wp-content\/uploads\/2022\/06\/Audi-e-gas-Anlage-in-Werlte-III-300x200.jpg 300w, https:\/\/www.cng-mobility.ch\/wp-content\/uploads\/2022\/06\/Audi-e-gas-Anlage-in-Werlte-III-768x512.jpg 768w, https:\/\/www.cng-mobility.ch\/wp-content\/uploads\/2022\/06\/Audi-e-gas-Anlage-in-Werlte-III-1536x1024.jpg 1536w, https:\/\/www.cng-mobility.ch\/wp-content\/uploads\/2022\/06\/Audi-e-gas-Anlage-in-Werlte-III-2048x1365.jpg 2048w, https:\/\/www.cng-mobility.ch\/wp-content\/uploads\/2022\/06\/Audi-e-gas-Anlage-in-Werlte-III-1621x1080.jpg 1621w\" sizes=\"(max-width: 1024px) 100vw, 1024px\" \/><figcaption><em>Audi \u00e8 stata la prima casa automobilistica al mondo ad avviare la produzione di un&#8217;intera catena di fonti energetiche sostenibili a Welte, nel nord della Germania, gi\u00e0 nel 2013. Fonte: Audi<\/em><\/figcaption><\/figure>","protected":false},"excerpt":{"rendered":"<p>Anche se sempre pi\u00f9 produttori e Paesi spingono per la fine del motore a combustione e puntano completamente su motori elettrici che non generano CO2, non tutte le applicazioni possono essere rese elettriche, nemmeno nel campo della mobilit\u00e0. Un\u2019alternativa intelligente sono gli e-fuel. Sono prodotti dalla sintesi di idrogeno (H) e carbonio (C), per cui [&hellip;]<\/p>\n","protected":false},"author":11,"featured_media":24611,"parent":0,"menu_order":0,"comment_status":"closed","ping_status":"closed","template":"","meta":{"_acf_changed":false,"inline_featured_image":false,"footnotes":""},"categories":[130],"acf":[],"aioseo_notices":[],"_links":{"self":[{"href":"https:\/\/www.cng-mobility.ch\/it\/wp-json\/wp\/v2\/pages\/24665"}],"collection":[{"href":"https:\/\/www.cng-mobility.ch\/it\/wp-json\/wp\/v2\/pages"}],"about":[{"href":"https:\/\/www.cng-mobility.ch\/it\/wp-json\/wp\/v2\/types\/page"}],"author":[{"embeddable":true,"href":"https:\/\/www.cng-mobility.ch\/it\/wp-json\/wp\/v2\/users\/11"}],"replies":[{"embeddable":true,"href":"https:\/\/www.cng-mobility.ch\/it\/wp-json\/wp\/v2\/comments?post=24665"}],"version-history":[{"count":6,"href":"https:\/\/www.cng-mobility.ch\/it\/wp-json\/wp\/v2\/pages\/24665\/revisions"}],"predecessor-version":[{"id":24691,"href":"https:\/\/www.cng-mobility.ch\/it\/wp-json\/wp\/v2\/pages\/24665\/revisions\/24691"}],"wp:featuredmedia":[{"embeddable":true,"href":"https:\/\/www.cng-mobility.ch\/it\/wp-json\/wp\/v2\/media\/24611"}],"wp:attachment":[{"href":"https:\/\/www.cng-mobility.ch\/it\/wp-json\/wp\/v2\/media?parent=24665"}],"wp:term":[{"taxonomy":"category","embeddable":true,"href":"https:\/\/www.cng-mobility.ch\/it\/wp-json\/wp\/v2\/categories?post=24665"}],"curies":[{"name":"wp","href":"https:\/\/api.w.org\/{rel}","templated":true}]}}