{"id":6226,"date":"2020-02-03T10:45:14","date_gmt":"2020-02-03T09:45:14","guid":{"rendered":"https:\/\/www.cng-mobility.ch\/?page_id=6226"},"modified":"2023-05-05T09:18:03","modified_gmt":"2023-05-05T07:18:03","slug":"bon-pour-lenvironnement-et-le-budget","status":"publish","type":"page","link":"https:\/\/www.cng-mobility.ch\/fr\/bon-pour-lenvironnement-et-le-budget\/","title":{"rendered":"Les prix des carburants cr\u00e8vent le plafond : le GNC \u2013 moins cher que l\u2019essence et le diesel"},"content":{"rendered":"\n<p>La situation politique mondiale incertaine a des r\u00e9percussions sur les prix des carburants. De nombreux propri\u00e9taires de voitures sont irrit\u00e9s par les prix \u00e9lev\u00e9s de l\u2019essence et du diesel. Un calculateur de carburant permet d\u2019y voir plus clair. Miser sur le GNC pr\u00e9serve non seulement le climat, mais aussi votre porte-monnaie.&nbsp;<a href=\"https:\/\/www.cng-mobility.ch\/fr\/cela-vaut-il-la-peine-dacheter-un-vehicule-gnc\/\">Les co\u00fbts du GNC<\/a>&nbsp;sont inf\u00e9rieurs d\u2019au moins 15&nbsp;% \u00e0 ceux de l\u2019essence et du diesel.<\/p>\n\n\n\n<p>C\u2019est pourquoi les gestionnaires de flotte sont eux aussi toujours plus nombreux \u00e0 opter pour des v\u00e9hicules GNC. Des entreprises telles que&nbsp;<a href=\"https:\/\/www.cng-mobility.ch\/fr\/article\/il-y-a-pris-gout\/\">Salt<\/a>,&nbsp;<a href=\"https:\/\/www.cng-mobility.ch\/fr\/article\/52-atouts-durabilite-dun-seul-coup\/\">Coca-Cola<\/a>&nbsp;et&nbsp;<a href=\"https:\/\/www.cng-mobility.ch\/fr\/article\/loreal-suisse-renforce-sa-politique-de-mobilite-durable\/\">L\u2019Or\u00e9al<\/a>&nbsp;&nbsp;ont d\u00e9j\u00e0 choisi cette alternative plus respectueuse du climat et du budget pour circuler sur les routes suisses.<\/p>\n\n\n\n<p>Calculez maintenant vos \u00e9conomies de carburant potentielles avec un v\u00e9hicule GNC!<\/p>\n\n\n\n<h2 class=\"wp-block-heading\">Le calculateur de carburant pour comparer les co\u00fbts :<\/h2>\n\n\n\n<div id=\"calculator\"><\/div>\n\n\n\n<h4 class=\"wp-block-heading\"><h4><strong>Prix actuels des carburants<\/strong>\u00a0par litre<\/h4>&#13;\n<figure class=\"wp-block-table\"><\/figure><\/h4>\n\n\n\n<figure class=\"wp-block-table\" style=\"margin-left: 0; margin-right: 0;\">\n<table style=\"width: 100%; height: 42px;\">\n<tbody>\n<tr>\n<td style=\"width: 30%;\" width=\"30%\">Essence (Bleifrei 95)<\/td>\n<td style=\"height: 21px; width: 30%;\" width=\"30%\">Diesel<\/td>\n<td style=\"height: 21px; width: 30%;\" width=\"30%\">CNG<\/td>\n<\/tr>\n<tr>\n<td style=\"width: 30%;\">1.85 par l<\/td>\n<td style=\"width: 30%;\">1.99 par l<\/td>\n<td style=\"height: 21px; text-align: left; width: 30%;\">2.31 par kg<\/td>\n<\/tr>\n<\/tbody>\n<\/table>\n<\/figure>\n\n\n\n<p class=\"has-small-font-size\">Prix en CHF par l ou kg, \u00e9tat au 04.05.2023, source : <a href=\"https:\/\/www.tcs.ch\/de\/camping-reisen\/reiseinformationen\/wissenswertes\/fahrkosten-gebuehren\/benzinpreise.php\" target=\"_blank\" rel=\"noreferrer noopener\">tcs.ch<\/a> \/ <a aria-label=\"gibgas.de (opens in a new tab)\" href=\"http:\/\/gibgas.de\" target=\"_blank\" rel=\"noreferrer noopener\">gibgas.de<\/a><\/p>\n","protected":false},"excerpt":{"rendered":"<p>La situation politique mondiale incertaine a des r\u00e9percussions sur les prix des carburants. De nombreux propri\u00e9taires de voitures sont irrit\u00e9s par les prix \u00e9lev\u00e9s de l\u2019essence et du diesel. Un calculateur de carburant permet d\u2019y voir plus clair. Miser sur le GNC pr\u00e9serve non seulement le climat, mais aussi votre porte-monnaie.&nbsp;Les co\u00fbts du GNC&nbsp;sont inf\u00e9rieurs [&hellip;]<\/p>\n","protected":false},"author":6,"featured_media":5663,"parent":0,"menu_order":0,"comment_status":"closed","ping_status":"closed","template":"","meta":{"_acf_changed":false,"inline_featured_image":false,"footnotes":""},"categories":[155],"acf":[],"aioseo_notices":[],"_links":{"self":[{"href":"https:\/\/www.cng-mobility.ch\/fr\/wp-json\/wp\/v2\/pages\/6226"}],"collection":[{"href":"https:\/\/www.cng-mobility.ch\/fr\/wp-json\/wp\/v2\/pages"}],"about":[{"href":"https:\/\/www.cng-mobility.ch\/fr\/wp-json\/wp\/v2\/types\/page"}],"author":[{"embeddable":true,"href":"https:\/\/www.cng-mobility.ch\/fr\/wp-json\/wp\/v2\/users\/6"}],"replies":[{"embeddable":true,"href":"https:\/\/www.cng-mobility.ch\/fr\/wp-json\/wp\/v2\/comments?post=6226"}],"version-history":[{"count":27,"href":"https:\/\/www.cng-mobility.ch\/fr\/wp-json\/wp\/v2\/pages\/6226\/revisions"}],"predecessor-version":[{"id":30603,"href":"https:\/\/www.cng-mobility.ch\/fr\/wp-json\/wp\/v2\/pages\/6226\/revisions\/30603"}],"wp:featuredmedia":[{"embeddable":true,"href":"https:\/\/www.cng-mobility.ch\/fr\/wp-json\/wp\/v2\/media\/5663"}],"wp:attachment":[{"href":"https:\/\/www.cng-mobility.ch\/fr\/wp-json\/wp\/v2\/media?parent=6226"}],"wp:term":[{"taxonomy":"category","embeddable":true,"href":"https:\/\/www.cng-mobility.ch\/fr\/wp-json\/wp\/v2\/categories?post=6226"}],"curies":[{"name":"wp","href":"https:\/\/api.w.org\/{rel}","templated":true}]}}