{"id":6218,"date":"2020-02-03T10:39:28","date_gmt":"2020-02-03T09:39:28","guid":{"rendered":"https:\/\/www.cng-mobility.ch\/?page_id=6218"},"modified":"2025-07-22T11:36:33","modified_gmt":"2025-07-22T09:36:33","slug":"reduisez-vos-emissions-de-co2-grace-au-gnc","status":"publish","type":"page","link":"https:\/\/www.cng-mobility.ch\/fr\/reduisez-vos-emissions-de-co2-grace-au-gnc\/","title":{"rendered":"Calculateur de CO<sub>2<\/sub>: avec le GNC et le biogaz, vous pr\u00e9servez le climat"},"content":{"rendered":"\n<p>Une mobilit\u00e9 respectueuse du climat est d\u00e9j\u00e0 possible aujourd&#8217;hui. Le GNC, par exemple, est une alternative propre et durable \u00e0 l&#8217;essence et au diesel. Opter pour le GNC, c&#8217;est non seulement faire des \u00e9conomies, mais aussi r\u00e9duire ses \u00e9missions de CO<sub>2<\/sub>. Essayez notre calculateur de CO<sub>2<\/sub> ! Vous serez surpris.<\/p>\n\n\n\n<p>Le GNC que vous achetez en Suisse contient en moyenne 32,8 % (situation fin 2024) de gaz renouvelable. Cette part non fossile est en constante augmentation en Suisse. Le biogaz \u00e9tant neutre en CO<sub>2<\/sub>, une part croissante du GNC n&#8217;a pas d&#8217;impact sur le climat. Actuellement, la loi pr\u00e9voit que 20 % du biogaz soit pris en compte. Toutefois, la part fixe de biogaz sera supprim\u00e9e de l&#8217;ordonnance sur l&#8217;efficacit\u00e9 \u00e9nerg\u00e9tique (OEn) au 1er janvier 2026. \u00c0 l&#8217;avenir, les entreprises seront libres de d\u00e9terminer la part de biogaz dans leur mobilit\u00e9 au gaz en fonction de leur strat\u00e9gie d&#8217;entreprise.<\/p>\n\n\n\n<p>Exemple de calcul : si un v\u00e9hicule au GNC \u00e9met 117 g de CO<sub>2<\/sub>\/km selon les indications du constructeur, seuls 80 % de ces \u00e9missions ont un impact sur le climat avec 20 % de biogaz. Cela signifie que le v\u00e9hicule roule en r\u00e9alit\u00e9 avec des \u00e9missions de CO<sub>2<\/sub> de 94 g\/km, respectant ainsi la limite de 95 g\/km. Et en option, il est d\u00e9j\u00e0 possible aujourd&#8217;hui de faire le plein avec jusqu&#8217;\u00e0 100 % de biogaz dans les stations-service suisses. Vous pouvez \u00e9galement r\u00e9server en ligne une mise \u00e0 niveau biogaz, ce qui vous permet dans les deux cas de rouler de mani\u00e8re neutre pour le climat.<\/p>\n\n\n\n<p>Calculez d\u00e8s maintenant comment vous pouvez r\u00e9duire vos \u00e9missions avec le GNC et le biogaz ! Le GNC \u00e9met d\u00e9j\u00e0 20 % de CO<sub>2<\/sub> en moins lors de sa combustion, et le biogaz est pratiquement neutre en CO<sub>2<\/sub> en tant que carburant.<\/p>\n\n\n\n<div id=\"co2calculator\">&nbsp;<\/div>\n\n\n\n<p>En 2024, le GNC disponible \u00e0 la pompe en Suisse contenait en moyenne 32,8 % de biogaz. Le Conseil f\u00e9d\u00e9ral reconna\u00eet jusqu&#8217;\u00e0 pr\u00e9sent dans l&#8217;ordonnance sur l&#8217;efficacit\u00e9 \u00e9nerg\u00e9tique (OEn) <strong><em>une part de biogaz de 20 %. <\/em><\/strong>Les \u00e9missions de CO<sub>2<\/sub> ayant un impact sur le climat ne repr\u00e9sentent ainsi que 80 % des \u00e9missions du gaz naturel fossile. Cette part fixe de biogaz sera toutefois supprim\u00e9e de l&#8217;OEn en 2026.<\/p>\n\n\n\n<p>La comparaison diesel\/essence se fonde sur une consommation volum\u00e9trique de diesel de 10 \u00e0 30&nbsp;% inf\u00e9rieure, en fonction de la cat\u00e9gorie de v\u00e9hicule.<\/p>\n\n\n\n<h4>Adoptez imm\u00e9diatement une conduite plus \u00e9cologique et passez au biogaz d\u00e8s maintenant ! <br \/><a href=\"https:\/\/www.cng-mobility.ch\/fr\/article\/soyez-encore-plus-respectueux-de-lenvironnement\/\">D\u00e9couvrez les offres ici.<\/a><\/h4>\n<p><sub><strong><br \/>La base de la comparaison entre le diesel et l&#8217;essence est une r\u00e9duction de 10 \u00e0 30 % de la consommation volum\u00e9trique de diesel, en se basant sur la cat\u00e9gorie du v\u00e9hicule.<br \/><\/strong><\/sub><\/p>\n<p><sub>Source: Label \u00e9nerg\u00e9tique 2019, <\/sub><a href=\"https:\/\/www.verbrauchskatalog.ch\/fr\/\"><sub>verbrauchskatalog.ch<\/sub><\/a><\/p>\n<p><strong><br \/>Calcul du CO<sub>2<\/sub><br \/><\/strong><\/p>\n<table>\n<tbody>\n<tr>\n<td>essence 1 l<\/td>\n<td>2.33 kg CO<sub>2<\/sub><\/td>\n<\/tr>\n<tr>\n<td>diesel 1 l<\/td>\n<td>2.64 kg CO<sub>2<\/sub><\/td>\n<\/tr>\n<tr>\n<td>GNC 1 kg<\/td>\n<td>2.79 kg CO<sub>2<\/sub><\/td>\n<\/tr>\n<\/tbody>\n<\/table>\n<p><sub>Source: <a href=\"https:\/\/www.spritmonitor.de\/de\/berechnung_co2_ausstoss.html\">www.spritmonitor.de<\/a>, <a href=\"https:\/\/www.dekra.de\/de\/umwelt-und-co2\/\">www.dekra.de<\/a><\/sub><\/p>\n<p><strong><br \/>Conversions \u00e9quivalent essence<br \/><\/strong><\/p>\n<table>\n<tbody>\n<tr>\n<td>1 kg de GNC correspond \u00e0 environ<\/td>\n<td>1.47 l d&#8217;essence<\/td>\n<\/tr>\n<tr>\n<td>1 kg de GNC correspond \u00e0 environ<\/td>\n<td>1.35 l de diesel<\/td>\n<\/tr>\n<tr>\n<td>1 l de diesel correspond \u00e0<\/td>\n<td>1.12 l d&#8217;essence<\/td>\n<\/tr>\n<tr>\n<td>1 l d&#8217;essence correspond \u00e0<\/td>\n<td>0.89 l de diesel<\/td>\n<\/tr>\n<\/tbody>\n<\/table>\n<p><sub>L&#8217;\u00e9quivalent essence est une unit\u00e9 de mesure de l&#8217;\u00e9nergie. Cela permet de comparer la consommation d&#8217;\u00e9nergie des v\u00e9hicules.<\/sub><sub><br \/><\/sub><sub>Source: WE CARE Antriebstechnologien Factsheet Amag<\/sub><\/p>\n<h2>Planifiez votre itin\u00e9raire <a href=\"https:\/\/www.cng-mobility.ch\/fr\/guide-routier-gnc\/\">ici.<\/a><\/h2>\n","protected":false},"excerpt":{"rendered":"<p>Une mobilit\u00e9 respectueuse du climat est d\u00e9j\u00e0 possible aujourd&#8217;hui. Le GNC, par exemple, est une alternative propre et durable \u00e0 l&#8217;essence et au diesel. Opter pour le GNC, c&#8217;est non seulement faire des \u00e9conomies, mais aussi r\u00e9duire ses \u00e9missions de CO2. Essayez notre calculateur de CO2 ! Vous serez surpris. Le GNC que vous achetez [&hellip;]<\/p>\n","protected":false},"author":6,"featured_media":5660,"parent":0,"menu_order":0,"comment_status":"closed","ping_status":"closed","template":"","meta":{"_acf_changed":false,"inline_featured_image":false,"footnotes":""},"categories":[143],"acf":[],"aioseo_notices":[],"_links":{"self":[{"href":"https:\/\/www.cng-mobility.ch\/fr\/wp-json\/wp\/v2\/pages\/6218"}],"collection":[{"href":"https:\/\/www.cng-mobility.ch\/fr\/wp-json\/wp\/v2\/pages"}],"about":[{"href":"https:\/\/www.cng-mobility.ch\/fr\/wp-json\/wp\/v2\/types\/page"}],"author":[{"embeddable":true,"href":"https:\/\/www.cng-mobility.ch\/fr\/wp-json\/wp\/v2\/users\/6"}],"replies":[{"embeddable":true,"href":"https:\/\/www.cng-mobility.ch\/fr\/wp-json\/wp\/v2\/comments?post=6218"}],"version-history":[{"count":20,"href":"https:\/\/www.cng-mobility.ch\/fr\/wp-json\/wp\/v2\/pages\/6218\/revisions"}],"predecessor-version":[{"id":35878,"href":"https:\/\/www.cng-mobility.ch\/fr\/wp-json\/wp\/v2\/pages\/6218\/revisions\/35878"}],"wp:featuredmedia":[{"embeddable":true,"href":"https:\/\/www.cng-mobility.ch\/fr\/wp-json\/wp\/v2\/media\/5660"}],"wp:attachment":[{"href":"https:\/\/www.cng-mobility.ch\/fr\/wp-json\/wp\/v2\/media?parent=6218"}],"wp:term":[{"taxonomy":"category","embeddable":true,"href":"https:\/\/www.cng-mobility.ch\/fr\/wp-json\/wp\/v2\/categories?post=6218"}],"curies":[{"name":"wp","href":"https:\/\/api.w.org\/{rel}","templated":true}]}}