{"id":6043,"date":"2020-02-03T11:25:00","date_gmt":"2020-02-03T10:25:00","guid":{"rendered":"https:\/\/www.cng-mobility.ch\/?page_id=6043"},"modified":"2025-07-22T11:40:20","modified_gmt":"2025-07-22T09:40:20","slug":"trouvez-des-stations-service-gnc-pres-de-chez-vous","status":"publish","type":"page","link":"https:\/\/www.cng-mobility.ch\/fr\/trouvez-des-stations-service-gnc-pres-de-chez-vous\/","title":{"rendered":"Trouvez des stations-service GNC pr\u00e8s de chez vous"},"content":{"rendered":"\n<p>Un v\u00e9hicule GNC vous int\u00e9resse, mais vous ne savez pas s\u2019il y a suffisamment de stations-service \u00e0 proximit\u00e9? Aucun probl\u00e8me! Il existe actuellement environ 125 stations-service proposant du GNC en Suisse.. Et gr\u00e2ce \u00e0 la fonction de recherche pratique, vous trouverez la station-service GNC ou biogaz la plus proche en un rien de temps.<\/p>\n\n\n","protected":false},"excerpt":{"rendered":"<p>Un v\u00e9hicule GNC vous int\u00e9resse, mais vous ne savez pas s\u2019il y a suffisamment de stations-service \u00e0 proximit\u00e9? Aucun probl\u00e8me! Il existe actuellement environ 125 stations-service proposant du GNC en Suisse.. Et gr\u00e2ce \u00e0 la fonction de recherche pratique, vous trouverez la station-service GNC ou biogaz la plus proche en un rien de temps.<\/p>\n","protected":false},"author":6,"featured_media":5829,"parent":0,"menu_order":0,"comment_status":"closed","ping_status":"closed","template":"tankstellensuche.php","meta":{"_acf_changed":false,"inline_featured_image":false,"footnotes":""},"categories":[121],"acf":[],"aioseo_notices":[],"_links":{"self":[{"href":"https:\/\/www.cng-mobility.ch\/fr\/wp-json\/wp\/v2\/pages\/6043"}],"collection":[{"href":"https:\/\/www.cng-mobility.ch\/fr\/wp-json\/wp\/v2\/pages"}],"about":[{"href":"https:\/\/www.cng-mobility.ch\/fr\/wp-json\/wp\/v2\/types\/page"}],"author":[{"embeddable":true,"href":"https:\/\/www.cng-mobility.ch\/fr\/wp-json\/wp\/v2\/users\/6"}],"replies":[{"embeddable":true,"href":"https:\/\/www.cng-mobility.ch\/fr\/wp-json\/wp\/v2\/comments?post=6043"}],"version-history":[{"count":5,"href":"https:\/\/www.cng-mobility.ch\/fr\/wp-json\/wp\/v2\/pages\/6043\/revisions"}],"predecessor-version":[{"id":35881,"href":"https:\/\/www.cng-mobility.ch\/fr\/wp-json\/wp\/v2\/pages\/6043\/revisions\/35881"}],"wp:featuredmedia":[{"embeddable":true,"href":"https:\/\/www.cng-mobility.ch\/fr\/wp-json\/wp\/v2\/media\/5829"}],"wp:attachment":[{"href":"https:\/\/www.cng-mobility.ch\/fr\/wp-json\/wp\/v2\/media?parent=6043"}],"wp:term":[{"taxonomy":"category","embeddable":true,"href":"https:\/\/www.cng-mobility.ch\/fr\/wp-json\/wp\/v2\/categories?post=6043"}],"curies":[{"name":"wp","href":"https:\/\/api.w.org\/{rel}","templated":true}]}}