{"id":5297,"date":"2019-07-01T10:23:51","date_gmt":"2019-07-01T08:23:51","guid":{"rendered":"https:\/\/www.cng-mobility.ch\/actualites\/"},"modified":"2021-01-19T16:21:54","modified_gmt":"2021-01-19T15:21:54","slug":"actualites","status":"publish","type":"page","link":"https:\/\/www.cng-mobility.ch\/fr\/actualites\/","title":{"rendered":"L\u2019actualit\u00e9 sur la mobilit\u00e9 plus respectueuse du climat"},"content":{"rendered":"\n<p>La plate-forme de connaissances cng-mobility propose une vue d\u2019ensemble des nouveaut\u00e9s et tendances essentielles en mati\u00e8re de mobilit\u00e9 plus respectueuse du climat. D\u00e9couvrez-en les tenants et aboutissants et soyez toujours au fait des derni\u00e8res \u00e9volutions dans la mobilit\u00e9 durable.<\/p>\n","protected":false},"excerpt":{"rendered":"<p>La plate-forme de connaissances cng-mobility propose une vue d\u2019ensemble des nouveaut\u00e9s et tendances essentielles en mati\u00e8re de mobilit\u00e9 plus respectueuse du climat. D\u00e9couvrez-en les tenants et aboutissants et soyez toujours au fait des derni\u00e8res \u00e9volutions dans la mobilit\u00e9 durable.<\/p>\n","protected":false},"author":8,"featured_media":5890,"parent":0,"menu_order":0,"comment_status":"closed","ping_status":"closed","template":"newsuebersicht.php","meta":{"_acf_changed":false,"inline_featured_image":false,"footnotes":""},"categories":[],"acf":[],"aioseo_notices":[],"_links":{"self":[{"href":"https:\/\/www.cng-mobility.ch\/fr\/wp-json\/wp\/v2\/pages\/5297"}],"collection":[{"href":"https:\/\/www.cng-mobility.ch\/fr\/wp-json\/wp\/v2\/pages"}],"about":[{"href":"https:\/\/www.cng-mobility.ch\/fr\/wp-json\/wp\/v2\/types\/page"}],"author":[{"embeddable":true,"href":"https:\/\/www.cng-mobility.ch\/fr\/wp-json\/wp\/v2\/users\/8"}],"replies":[{"embeddable":true,"href":"https:\/\/www.cng-mobility.ch\/fr\/wp-json\/wp\/v2\/comments?post=5297"}],"version-history":[{"count":5,"href":"https:\/\/www.cng-mobility.ch\/fr\/wp-json\/wp\/v2\/pages\/5297\/revisions"}],"predecessor-version":[{"id":14490,"href":"https:\/\/www.cng-mobility.ch\/fr\/wp-json\/wp\/v2\/pages\/5297\/revisions\/14490"}],"wp:featuredmedia":[{"embeddable":true,"href":"https:\/\/www.cng-mobility.ch\/fr\/wp-json\/wp\/v2\/media\/5890"}],"wp:attachment":[{"href":"https:\/\/www.cng-mobility.ch\/fr\/wp-json\/wp\/v2\/media?parent=5297"}],"wp:term":[{"taxonomy":"category","embeddable":true,"href":"https:\/\/www.cng-mobility.ch\/fr\/wp-json\/wp\/v2\/categories?post=5297"}],"curies":[{"name":"wp","href":"https:\/\/api.w.org\/{rel}","templated":true}]}}