{"id":5264,"date":"2020-01-08T15:38:04","date_gmt":"2020-01-08T14:38:04","guid":{"rendered":"https:\/\/www.cng-mobility.ch\/?page_id=5264"},"modified":"2024-04-22T08:36:50","modified_gmt":"2024-04-22T06:36:50","slug":"voitures-de-tourisme","status":"publish","type":"page","link":"https:\/\/www.cng-mobility.ch\/fr\/voitures-de-tourisme\/","title":{"rendered":"V\u00e9hicules GNC : l\u2019embarras du choix"},"content":{"rendered":"\n<p>En Suisse, d\u00e9but 2023, plus de 14&#8217;000 v\u00e9hicules GNC roulent au GNC ou au biogaz tout en pr\u00e9servant le climat, et dans le monde, ils sont m\u00eame pr\u00e8s de 18 millions.<\/p>\n\n\n\n<p>Et la gamme de mod\u00e8les est attrayante. De la petite voiture agile aux breaks et monospaces spacieux, en passant par les SUV tendance ou les berlines raffin\u00e9es, il y a un v\u00e9hicule \u00e0 propulsion GNC pour tous les go\u00fbts et tous les budgets. Jugez-en par vous-m\u00eame et comparez les caract\u00e9ristiques techniques.<\/p>\n\n\n\n<p>Ces v\u00e9hicules de la derni\u00e8re g\u00e9n\u00e9ration GNC \u00e9taient disponibles en Suisse jusqu&#8217;\u00e0 fin 2022. <strong>Actuellement, les importateurs officiels suisses n&#8217;importent cependant plus de voitures neuves au GNC.<\/strong> Dans les pays voisins, des v\u00e9hicules GNC neufs sont toutefois encore partiellement disponibles.<\/p>\n\n\n\n<p><strong>Certains mod\u00e8les Skoda et VW fonctionnant au GNC peuvent encore \u00eatre command\u00e9s en R\u00e9publique tch\u00e8que, en Belgique, aux Pays-Bas, en Italie ainsi qu&#8217;en Su\u00e8de.<\/strong><\/p>\n\n\n\n<p><strong>Si vous d\u00e9cidez d&#8217;importer vous-m\u00eame<\/strong> un v\u00e9hicule GNC en Suisse, <a href=\"https:\/\/www.allianz.ch\/fr\/clients-prives\/guide\/mobilite\/importation-voiture.html\">Allianz Assurance<\/a> et aussi <a href=\"https:\/\/www.tcs.ch\/mam\/Digital-Media\/PDF\/Booklets\/Importation-directe-de-voitures.pdf\">le TCS<\/a> ont r\u00e9uni des informations \u00e0 ce sujet. Et il vaut peut-\u00eatre la peine de demander <a href=\"https:\/\/www.svgw.ch\/zertifizieren\/personenzertifizierung\/garagen-und-gasfahrzeuge\/garagen-und-gasfahrzeuge-nach-g204\/\">\u00e0 un garagiste certifi\u00e9 GNC<\/a> pr\u00e8s de chez vous, peut-\u00eatre que l&#8217;un d&#8217;entre eux est pr\u00eat \u00e0 commander et \u00e0 importer la voiture pour vous \u00e0 l&#8217;\u00e9tranger.<\/p>\n\n\n\n<h2 class=\"wp-block-heading\">Aper\u00e7u des voitures GNC de la derni\u00e8re g\u00e9n\u00e9ration<\/h2>\n\n\n\n<div class=\"tableoverview\">\n<p>&nbsp;<\/p>\n<table style=\"border-collapse: collapse; width: 100%; height: 1395px;\" border=\"1\">\n<tbody>\n<tr style=\"height: 194px;\">\n<td style=\"width: 25%; height: 194px;\"><a href=\"\/fr\/voiture\/audi-a3-sportback-30-g-tron-s-tronic\/\">Audi A3 Sportback<br>30 g-tron S tronic<\/a><br><a href=\"\/fr\/voiture\/audi-a3-sportback-30-g-tron-s-tronic\/\"><img loading=\"lazy\" decoding=\"async\" class=\"alignnone wp-image-12443 size-full\" src=\"https:\/\/www.cng-mobility.ch\/wp-content\/uploads\/2020\/10\/FBI_20201002_Audi_A3-Sportback_300x169.jpg\" alt=\"\" width=\"300\" height=\"169\"><\/a><\/td>\n<td style=\"width: 25%; height: 194px;\"><a href=\"\/fr\/voiture\/audi-a4-avant-40-g-tron-s-tronic\/\">Audi A4 Avant<br>40 g-tron S tronic<br><\/a><a href=\"\/fr\/voiture\/audi-a4-avant-40-g-tron-s-tronic\/\"><img loading=\"lazy\" decoding=\"async\" class=\"wp-image-1241 size-full aligncenter\" src=\"\/wp-content\/uploads\/2019\/04\/PW_300x169__0001_Audi_A4_gtron.jpg\" alt=\"\" width=\"300\" height=\"169\"><\/a><\/td>\n<td style=\"width: 25%; height: 194px;\"><a href=\"\/fr\/voiture\/audi-a5-sportback-40-g-tron-s-tronic\/\">Audi A5 Sportback<br>40 g-tron S tronic<br><\/a><a href=\"\/fr\/voiture\/audi-a5-sportback-40-g-tron-s-tronic\/\"><img loading=\"lazy\" decoding=\"async\" class=\"wp-image-1242 size-full aligncenter\" src=\"\/wp-content\/uploads\/2019\/04\/PW_300x169__0002_csm_Audi_A5.jpg\" alt=\"\" width=\"300\" height=\"169\"><\/a><\/td>\n<\/tr>\n<tr style=\"height: 221px;\">\n<td style=\"width: 25%; height: 221px;\"><a href=\"\/fr\/voiture\/fiat-panda-0-9-twinair-natural-power\/\">Fiat Panda 0.9<br>Twinair Natural Power<\/a><a href=\"\/fr\/voiture\/fiat-panda-0-9-twinair-natural-power\/\"><img loading=\"lazy\" decoding=\"async\" class=\"aligncenter wp-image-1246 size-full\" src=\"\/wp-content\/uploads\/2019\/04\/PW_300x169__0012_csm_Fiat_Panda.jpg\" alt=\"\" width=\"300\" height=\"169\"><\/a><\/td>\n<td style=\"width: 25%; height: 221px;\">&nbsp;<\/td>\n<td style=\"width: 25%; height: 221px;\">&nbsp;<\/td>\n<\/tr>\n<tr style=\"height: 204px;\">\n<td style=\"width: 25%; height: 204px;\"><a href=\"\/fr\/voiture\/seat-ibiza-1-0-tgi-gnc\/\">Seat Ibiza 1.0<br>TGI GNC<br><\/a><a href=\"https:\/\/www.cng-mobility.ch\/fr\/voiture\/seat-ibiza-1-0-tgi-gnc-2\/\"><img loading=\"lazy\" decoding=\"async\" class=\"alignnone wp-image-16365 size-full\" src=\"https:\/\/www.cng-mobility.ch\/wp-content\/uploads\/2021\/05\/Seat_Ibiza_300x169px.jpg\" alt=\"Ibiza Facelift\" width=\"300\" height=\"169\"><\/a><\/td>\n<td style=\"width: 25%; height: 204px;\"><a href=\"https:\/\/www.cng-mobility.ch\/fr\/voiture\/seat-arona-1-0-tgi-gnc-2\/\">Seat Arona 1.0<br>TGI GNC <\/a><a href=\"https:\/\/www.cng-mobility.ch\/fr\/voiture\/seat-arona-1-0-tgi-gnc-2\/\"><img loading=\"lazy\" decoding=\"async\" class=\"alignnone wp-image-17957 size-full\" src=\"https:\/\/www.cng-mobility.ch\/wp-content\/uploads\/2021\/07\/20210707_Seat_Arona_300x169px.jpg\" alt=\"\" width=\"300\" height=\"169\"><\/a><\/td>\n<td style=\"width: 25%; height: 204px;\"><a href=\"\/fr\/voiture\/seat-new-leon\/\">Seat Leon<br><br><\/a><a href=\"\/fr\/voiture\/seat-new-leon\/\"><img loading=\"lazy\" decoding=\"async\" class=\"alignnone wp-image-15124 size-full\" src=\"https:\/\/www.cng-mobility.ch\/wp-content\/uploads\/2021\/02\/Seat_Leon_300x169.jpg\" alt=\"\" width=\"300\" height=\"169\"><\/a><\/td>\n<\/tr>\n<tr style=\"height: 194px;\">\n<td style=\"width: 25%; height: 194px;\"><a href=\"\/fr\/voiture\/seat-new-leon-sportstourer\/\">Seat Leon <br>Sportstourer<\/a><a href=\"\/fr\/voiture\/seat-new-leon-sportstourer\/\"><img loading=\"lazy\" decoding=\"async\" class=\"alignnone wp-image-15127 size-full\" src=\"https:\/\/www.cng-mobility.ch\/wp-content\/uploads\/2021\/02\/seat_leon_tourer_DE_300x169.jpg\" alt=\"\" width=\"300\" height=\"169\"><\/a><\/td>\n<td style=\"width: 25%; height: 194px;\">&nbsp;<\/td>\n<td style=\"width: 25%; height: 194px;\">&nbsp;<\/td>\n<\/tr>\n<tr style=\"height: 194px;\">\n<td style=\"width: 25%; height: 194px;\"><a href=\"\/fr\/voiture\/skoda-kamiq-1-0-g-tec\/\">Skoda Kamiq<br>1.0 G-TEC<\/a><a href=\"\/fr\/voiture\/skoda-kamiq-1-0-g-tec\/\"><img loading=\"lazy\" decoding=\"async\" class=\"wp-image-1393 size-full aligncenter\" src=\"\/wp-content\/uploads\/2019\/04\/auto_kamiq_300x169.jpg\" alt=\"\" width=\"300\" height=\"169\"><\/a><\/td>\n<td style=\"width: 25%; height: 194px;\"><a href=\"\/fr\/voiture\/skoda-scala-1-0-g-tec\/\">Skoda Scala<br>1.0 G-TEC<\/a><br><a href=\"\/fr\/voiture\/skoda-scala-1-0-g-tec\/\"><img loading=\"lazy\" decoding=\"async\" class=\"alignnone wp-image-1635\" src=\"\/wp-content\/uploads\/2019\/04\/PW_packshot300x169__0022_scala.jpg\" alt=\"\" width=\"300\" height=\"169\"><\/a><\/td>\n<td style=\"width: 25%; height: 194px;\"><a href=\"\/fr\/voiture\/skoda-octavia-combi\/\">Skoda Octavia<br>Combi G-TEC<\/a><a href=\"\/fr\/voiture\/skoda-octavia-combi\/\"><img loading=\"lazy\" decoding=\"async\" class=\"alignnone wp-image-12041 size-full\" src=\"https:\/\/www.cng-mobility.ch\/wp-content\/uploads\/2020\/02\/skoda_octavia_300x169_ohne_Stoerer.jpg\" alt=\"Skoda Octavia G-Tec\" width=\"300\" height=\"169\"><\/a><\/td>\n<\/tr>\n<tr>\n<td style=\"width: 25%;\"><a href=\"https:\/\/www.cng-mobility.ch\/fr\/voiture\/vw-polo-1-0-tgi-2\/\">VW Polo<br>1.0 TGI &#8211; R\u00e9vis\u00e9<\/a><a href=\"https:\/\/www.cng-mobility.ch\/fr\/voiture\/vw-polo-1-0-tgi-2\/\"><img loading=\"lazy\" decoding=\"async\" class=\"alignnone wp-image-16353 size-full\" src=\"https:\/\/www.cng-mobility.ch\/wp-content\/uploads\/2021\/05\/VW_Polo_300x169px.jpg\" alt=\"VW Polo Facelift\" width=\"300\" height=\"169\"><\/a><\/td>\n<td style=\"width: 25%;\"><a href=\"\/fr\/voiture\/vw-new-golf\/\">VW New Golf<img loading=\"lazy\" decoding=\"async\" class=\"alignnone size-full wp-image-13643\" src=\"https:\/\/www.cng-mobility.ch\/wp-content\/uploads\/2020\/11\/PW_300x169__0007_csm_VW_Golf_Neu.jpg\" alt=\"VW Golf klein\" width=\"300\" height=\"169\"><\/a><\/td>\n<td style=\"width: 25%;\"><a href=\"\/fr\/voiture\/vw-golf-variant-1-5-tgi-bluemotion\/\">VW Golf Variant 1.5<br>TGI BlueMotion<img loading=\"lazy\" decoding=\"async\" class=\"alignnone size-full wp-image-13609\" src=\"https:\/\/www.cng-mobility.ch\/wp-content\/uploads\/2020\/11\/VW-New-Golf-Variant-kleiner.jpg\" alt=\"VW Golf Variant 2021\" width=\"300\" height=\"169\"><\/a><\/td>\n<\/tr>\n<tr>\n<td style=\"width: 25%;\"><a href=\"\/fr\/voiture\/vw-new-caddy\/\">VW New Caddy<br><\/a><a href=\"\/fr\/voiture\/vw-new-caddy\/\"><img loading=\"lazy\" decoding=\"async\" class=\"alignnone wp-image-18654 size-full\" src=\"https:\/\/www.cng-mobility.ch\/wp-content\/uploads\/2021\/09\/VW_caddy_FR_2022_361x169.jpg\" alt=\"\" width=\"361\" height=\"169\" srcset=\"https:\/\/www.cng-mobility.ch\/wp-content\/uploads\/2021\/09\/VW_caddy_FR_2022_361x169.jpg 361w, https:\/\/www.cng-mobility.ch\/wp-content\/uploads\/2021\/09\/VW_caddy_FR_2022_361x169-300x140.jpg 300w\" sizes=\"(max-width: 361px) 100vw, 361px\" \/><\/a><\/td>\n<td style=\"width: 25%;\">&nbsp;<\/td>\n<td style=\"width: 25%;\">&nbsp;<\/td>\n<\/tr>\n<\/tbody>\n<\/table>\n<\/div>\n\n\n\n<p>Vous trouverez \u00e9galement ici des informations sur <a href=\"https:\/\/www.cng-mobility.ch\/fr\/utilitaires-legers\/\">les v\u00e9hicules utilitaires l\u00e9gers<\/a>, <a href=\"https:\/\/www.cng-mobility.ch\/fr\/silencieux-puissants-et-respectueux-du-climat-les-camions-gnc-et-gnl\/\">les camions<\/a> et <a href=\"https:\/\/www.cng-mobility.ch\/fr\/bus-respectueux-de-lenvironnement-pour-les-transports-publics\/\">les bus<\/a> GNC. <\/p>\n\n\n\n<h2 class=\"wp-block-heading\">Aper\u00e7u des mod\u00e8les pr\u00e9c\u00e9dents attrayants<br>avec propulsion au GNC<\/h2>\n\n\n\n<div class=\"tableoverview\">\n<table style=\"border-collapse: collapse; width: 100%; height: 1219px;\" border=\"1\">\n<tbody>\n<tr style=\"height: 159px;\">\n<td style=\"width: 33.2759%; height: 159px;\"><a href=\"\/fr\/voiture\/fiat-qubo-1-4-natural-power\/\">Fiat Qubo 1.4<br \/>Natural Power<\/a><a href=\"\/fr\/voiture\/fiat-qubo-1-4-natural-power\/\"><img loading=\"lazy\" decoding=\"async\" class=\"wp-image-1245 size-full aligncenter\" src=\"\/wp-content\/uploads\/2019\/04\/PW_300x169__0014_csm_Fiat_Qubo.jpg\" alt=\"\" width=\"300\" height=\"169\" \/><\/a><\/td>\n<td style=\"width: 36.3095%; height: 159px;\"><a href=\"\/fr\/voiture\/fiat-doblo-1-4-t-jet-natural-power\/\">Fiat Dobl\u00f2 1.4<br \/>T-Jet Natural Power<\/a><a href=\"\/fr\/voiture\/fiat-doblo-1-4-t-jet-natural-power\/\"><img loading=\"lazy\" decoding=\"async\" class=\"wp-image-1244 size-full aligncenter\" src=\"\/wp-content\/uploads\/2019\/04\/PW_300x169__0011_csm_Fiat_Doblo.jpg\" alt=\"\" width=\"300\" height=\"169\" \/><\/a><\/td>\n<td style=\"width: 25%; height: 159px;\">\u00a0<\/td>\n<\/tr>\n<tr style=\"height: 194px;\">\n<td style=\"width: 33.2759%; height: 126px;\"><a href=\"https:\/\/www.cng-mobility.ch\/fr\/voiture\/seat-mii-1-0-mpi-ecofuel\/\">Seat Mii 1.0 MPI EcoFuel <\/a><a href=\"https:\/\/www.cng-mobility.ch\/fr\/voiture\/seat-mii-1-0-mpi-ecofuel\/\"><img loading=\"lazy\" decoding=\"async\" class=\"alignnone size-full wp-image-1255\" src=\"https:\/\/www.cng-mobility.ch\/wp-content\/uploads\/2019\/04\/PW_300x169__0020_csm_Seat_Mii.jpg\" alt=\"\" width=\"300\" height=\"169\" \/><\/a><\/td>\n<td style=\"width: 36.3095%; height: 218px;\"><a href=\"\/fr\/voiture\/seat-ibiza-1-0-tgi-gnc\/\">Seat Ibiza 1.0<br \/>TGI CNG<br \/><\/a><a href=\"\/fr\/voiture\/seat-ibiza-1-0-tgi-gnc\/\"><img loading=\"lazy\" decoding=\"async\" class=\"alignnone wp-image-1622 size-full\" src=\"\/wp-content\/uploads\/2019\/04\/PW_300x169__0017_csm_Seat_Ibiza-1.jpg\" alt=\"\" width=\"300\" height=\"169\" \/><\/a><\/td>\n<td style=\"width: 25%; height: 218px;\"><a href=\"\/fr\/voiture\/seat-arona-1-0-tgi-gnc\/\">Seat Arona 1.0<br \/>TGI CNG<\/a><a href=\"\/fr\/voiture\/seat-arona-1-0-tgi-gnc\/\"><img loading=\"lazy\" decoding=\"async\" class=\"alignnone wp-image-1570 size-full\" src=\"\/wp-content\/uploads\/2019\/04\/PW_packshot300x169__0023_arona.jpg\" alt=\"\" width=\"300\" height=\"169\" \/><\/a><\/td>\n<\/tr>\n<tr>\n<td style=\"width: 33.2759%; height: 126px;\"><a href=\"\/fr\/voiture\/seat-leon-1-5-tgi-gnc\/\">Seat Leon 1.5 TGI CNG<\/a><a href=\"\/fr\/voiture\/seat-ibiza-1-0-tgi-gnc\/\"><br \/><\/a><a href=\"\/fr\/voiture\/seat-leon-1-5-tgi-gnc\/\"><img loading=\"lazy\" decoding=\"async\" class=\"alignnone wp-image-1628 size-full\" src=\"\/wp-content\/uploads\/2019\/04\/PW_300x169__0018_csm_Seat_Leon-1.jpg\" alt=\"\" width=\"300\" height=\"169\" \/><\/a><\/td>\n<td style=\"width: 36.3095%; height: 126px;\"><a href=\"\/fr\/voiture\/seat-leon-sportstourer-1-5-tgi-cng\/\">Seat Leon ST<br \/>TGI CNG<\/a><a href=\"\/fr\/voiture\/seat-leon-sportstourer-1-5-tgi-cng\/\"><img loading=\"lazy\" decoding=\"async\" class=\"alignnone wp-image-1630 size-full\" src=\"\/wp-content\/uploads\/2019\/04\/PW_300x169__0019_csm_Seat_Leon_St-1.jpg\" alt=\"\" width=\"300\" height=\"169\" \/><\/a><\/td>\n<td style=\"width: 25%; height: 218px;\">\u00a0<\/td>\n<\/tr>\n<tr style=\"height: 194px;\">\n<td style=\"width: 33.2759%; height: 194px;\"><a href=\"\/fr\/voiture\/skoda-citigo-1-0-g-tec\/\">Skoda Citigo<br \/>1.0 G-TEC<\/a><a href=\"\/fr\/voiture\/skoda-citigo-1-0-g-tec\/\"><img loading=\"lazy\" decoding=\"async\" class=\"wp-image-1395 size-full aligncenter\" src=\"\/wp-content\/uploads\/2019\/04\/PW_300x169__0003_csm_Skoda_Citigo.jpg\" alt=\"\" width=\"300\" height=\"169\" \/><\/a><\/td>\n<td style=\"width: 36.3095%; height: 194px;\"><a href=\"\/fr\/voiture\/skoda-octavia-combi-1-5-g-tec\/\">Skoda Octavia Combi 1.5 G-TEC<\/a><a href=\"\/fr\/voiture\/skoda-octavia-combi-1-5-g-tec\/\"><img loading=\"lazy\" decoding=\"async\" class=\"wp-image-1257 size-full aligncenter\" src=\"\/wp-content\/uploads\/2019\/04\/PW_300x169__0004_csm_Skoda_Octavia_Combi.jpg\" alt=\"\" width=\"300\" height=\"169\" \/><\/a><\/td>\n<td style=\"width: 25%; height: 194px;\">\u00a0<\/td>\n<\/tr>\n<tr style=\"height: 194px;\">\n<td style=\"width: 33.2759%; height: 100px;\"><a href=\"\/fr\/voiture\/vw-eco-up\/\">VW eco up!<\/a><a href=\"\/fr\/voiture\/vw-eco-up\/\"><img loading=\"lazy\" decoding=\"async\" class=\"wp-image-1258 size-full aligncenter\" src=\"\/wp-content\/uploads\/2019\/04\/PW_300x169__0006_csm_VW_EcoUp.jpg\" alt=\"\" width=\"300\" height=\"169\" \/><\/a><\/td>\n<td style=\"width: 36.3095%; height: 100px;\"><a href=\"\/fr\/voiture\/vw-golf-1-5-tgi-bluemotion\/\">VW Golf<br \/>1.5 TGI BlueMotion<\/a><a href=\"\/fr\/voiture\/vw-golf-1-5-tgi-bluemotion\/\"><img loading=\"lazy\" decoding=\"async\" class=\"wp-image-1259 size-full aligncenter\" src=\"\/wp-content\/uploads\/2019\/04\/PW_300x169__0007_csm_VW_Golf.jpg\" alt=\"\" width=\"300\" height=\"169\" \/><\/a><\/td>\n<td style=\"width: 25%; height: 100px;\"><a href=\"\/fr\/voiture\/vw-caddy-caddy-maxi-1-4-tgi\/\">VW Caddy\/Caddy Maxi 1.4 TGI<\/a><a href=\"\/fr\/voiture\/vw-caddy-caddy-maxi-1-4-tgi\/\"><img loading=\"lazy\" decoding=\"async\" class=\"wp-image-1262 size-full aligncenter\" src=\"\/wp-content\/uploads\/2019\/04\/PW_300x169__0009_csm_VW_New_Caddy.jpg\" alt=\"\" width=\"300\" height=\"169\" \/><\/a><\/td>\n<\/tr>\n<tr style=\"height: 209px;\">\n<td style=\"width: 33.2759%; height: 209px;\"><a href=\"\/fr\/voiture\/vw-polo-1-0-tgi\/\">VW Polo<br \/>1.0 TGI<\/a><a href=\"\/fr\/voiture\/vw-polo-1-0-tgi\/\"><img loading=\"lazy\" decoding=\"async\" class=\"wp-image-1260 size-full aligncenter\" src=\"\/wp-content\/uploads\/2019\/04\/PW_300x169__0010_csm_VW_Polo.jpg\" alt=\"\" width=\"300\" height=\"169\" \/><\/a><\/td>\n<td style=\"width: 36.3095%; height: 209px;\">\u00a0<\/td>\n<td style=\"width: 25%; height: 209px;\">\u00a0<\/td>\n<\/tr>\n<\/tbody>\n<\/table>\n<\/div>\n\n\n\n<p>Ces mod\u00e8les CNG ont \u00e9t\u00e9 remplac\u00e9s par une g\u00e9n\u00e9ration de mod\u00e8les plus r\u00e9cents (voir ci-dessus) et devraient cependant encore \u00eatre disponibles dans les offres d&#8217;occasion.<\/p>\n\n\n\n<h2 class=\"has-text-align-center wp-block-heading\"><br>D\u00e9couvrez ce que vous pouvez optimiser <\/h2>\n\n\n\n<div class=\"wp-block-button aligncenter\"><a class=\"wp-block-button__link\" href=\"https:\/\/www.cng-mobility.ch\/fr\/bon-pour-lenvironnement-et-le-budget\/\">Calculateur de carburant<\/a><\/div>\n","protected":false},"excerpt":{"rendered":"<p>En Suisse, d\u00e9but 2023, plus de 14&#8217;000 v\u00e9hicules GNC roulent au GNC ou au biogaz tout en pr\u00e9servant le climat, et dans le monde, ils sont m\u00eame pr\u00e8s de 18 millions. Et la gamme de mod\u00e8les est attrayante. De la petite voiture agile aux breaks et monospaces spacieux, en passant par les SUV tendance ou [&hellip;]<\/p>\n","protected":false},"author":8,"featured_media":5734,"parent":0,"menu_order":0,"comment_status":"closed","ping_status":"closed","template":"","meta":{"_acf_changed":false,"inline_featured_image":false,"footnotes":""},"categories":[176],"acf":[],"aioseo_notices":[],"_links":{"self":[{"href":"https:\/\/www.cng-mobility.ch\/fr\/wp-json\/wp\/v2\/pages\/5264"}],"collection":[{"href":"https:\/\/www.cng-mobility.ch\/fr\/wp-json\/wp\/v2\/pages"}],"about":[{"href":"https:\/\/www.cng-mobility.ch\/fr\/wp-json\/wp\/v2\/types\/page"}],"author":[{"embeddable":true,"href":"https:\/\/www.cng-mobility.ch\/fr\/wp-json\/wp\/v2\/users\/8"}],"replies":[{"embeddable":true,"href":"https:\/\/www.cng-mobility.ch\/fr\/wp-json\/wp\/v2\/comments?post=5264"}],"version-history":[{"count":61,"href":"https:\/\/www.cng-mobility.ch\/fr\/wp-json\/wp\/v2\/pages\/5264\/revisions"}],"predecessor-version":[{"id":34991,"href":"https:\/\/www.cng-mobility.ch\/fr\/wp-json\/wp\/v2\/pages\/5264\/revisions\/34991"}],"wp:featuredmedia":[{"embeddable":true,"href":"https:\/\/www.cng-mobility.ch\/fr\/wp-json\/wp\/v2\/media\/5734"}],"wp:attachment":[{"href":"https:\/\/www.cng-mobility.ch\/fr\/wp-json\/wp\/v2\/media?parent=5264"}],"wp:term":[{"taxonomy":"category","embeddable":true,"href":"https:\/\/www.cng-mobility.ch\/fr\/wp-json\/wp\/v2\/categories?post=5264"}],"curies":[{"name":"wp","href":"https:\/\/api.w.org\/{rel}","templated":true}]}}