{"id":5260,"date":"2019-04-17T10:20:40","date_gmt":"2019-04-17T08:20:40","guid":{"rendered":"https:\/\/www.cng-mobility.ch\/?page_id=5260"},"modified":"2023-02-03T15:42:13","modified_gmt":"2023-02-03T14:42:13","slug":"silencieux-puissants-et-respectueux-du-climat-les-camions-gnc-et-gnl","status":"publish","type":"page","link":"https:\/\/www.cng-mobility.ch\/fr\/silencieux-puissants-et-respectueux-du-climat-les-camions-gnc-et-gnl\/","title":{"rendered":"GNL et GNC : des camions silencieux, puissants et aussi respectueux du climat que possible"},"content":{"rendered":"\n<p>Les camions \u00e0 moteur GNC ou GNL n\u2019ont rien \u00e0 envier \u00e0 leurs \u00e9quivalents diesel en termes de puissance, de charge utile et de polyvalence. Ils sont en outre nettement plus silencieux.<\/p>\n\n\n\n<p>Les camions \u00e0 gaz \u00e9mettent jusqu\u2019\u00e0\n35&nbsp;% de CO<sub>2<\/sub> en moins que leurs \u00e9quivalents diesel. Ce chiffre\npeut m\u00eame atteindre 85&nbsp;% s\u2019ils carburent au biogaz suisse.<\/p>\n\n\n\n<p>Le GNL permet aussi de r\u00e9duire massivement les \u00e9missions de gaz \u00e0 effet de serre. Plus propre, la combustion du GNL liqu\u00e9fi\u00e9 par r\u00e9frig\u00e9ration d\u00e9gage 15&nbsp;% de CO<sub>2<\/sub>, 35&nbsp;% d\u2019oxydes d\u2019azote et m\u00eame 95&nbsp;% de particules fines en moins que celle du diesel.<\/p>\n\n\n\n<p>D\u2019ici&nbsp;2025, il devrait y avoir des\nstations-service GNC tous les 150&nbsp;kilom\u00e8tres et des stations GNL tous les\n400&nbsp;kilom\u00e8tres \u00e0 travers toute l\u2019Europe. Une logistique durable, et m\u00eame\nexempte d\u2019\u00e9nergies fossiles, sera ainsi possible sur tout le territoire\neurop\u00e9en.<\/p>\n\n\n\n<h2 class=\"wp-block-heading\">Vue d\u2019ensemble des mod\u00e8les GNC et GNL actuels<\/h2>\n\n\n\n<div class=\"tableoverview\">\n<p>\u00a0<\/p>\n<table style=\"border-collapse: collapse; width: 100%; height: 1609px;\" border=\"1\">\n<tbody>\n<tr style=\"height: 250px;\">\n<td style=\"width: 25%; height: 250px;\"><a href=\"https:\/\/www.cng-mobility.ch\/fr\/voiture\/iveco-s-way-gnc-gnl\/\">Iveco S-Way GNC\/GNL<\/a><br \/>\n<p>\u00a0<\/p>\n<p><a href=\"https:\/\/www.cng-mobility.ch\/fr\/voiture\/iveco-s-way-gnc-gnl\/\"><img loading=\"lazy\" decoding=\"async\" class=\"alignnone wp-image-20477 size-full\" src=\"https:\/\/www.cng-mobility.ch\/wp-content\/uploads\/2021\/12\/S-Way_Sattelzug_300x169.jpg\" alt=\"\" width=\"300\" height=\"169\" \/><\/a><\/p>\n<\/td>\n<td style=\"width: 30%;\"><a href=\"https:\/\/www.cng-mobility.ch\/fr\/voiture\/iveco-s-way-gnc-gnl-chassis\/\">Iveco S-Way GNC\/GNL Ch\u00e2ssis<\/a>\n<p>\u00a0<\/p>\n<p><a href=\"https:\/\/www.cng-mobility.ch\/fr\/voiture\/iveco-s-way-gnc-gnl-chassis\/\"><img loading=\"lazy\" decoding=\"async\" class=\"alignnone wp-image-20483 size-full\" src=\"https:\/\/www.cng-mobility.ch\/wp-content\/uploads\/2021\/12\/Iveco-S-Way-Fahrgestell_800x375.jpg\" alt=\"\" width=\"800\" height=\"375\" srcset=\"https:\/\/www.cng-mobility.ch\/wp-content\/uploads\/2021\/12\/Iveco-S-Way-Fahrgestell_800x375.jpg 800w, https:\/\/www.cng-mobility.ch\/wp-content\/uploads\/2021\/12\/Iveco-S-Way-Fahrgestell_800x375-300x141.jpg 300w, https:\/\/www.cng-mobility.ch\/wp-content\/uploads\/2021\/12\/Iveco-S-Way-Fahrgestell_800x375-768x360.jpg 768w\" sizes=\"(max-width: 800px) 100vw, 800px\" \/><\/a><\/p>\n<\/td>\n<td style=\"width: 33.3333%;\"><a href=\"https:\/\/www.cng-mobility.ch\/fr\/voiture\/iveco-x-way-cng-lng-tracteur-routier\/\">Iveco X-Way<\/a>\n<p>\u00a0<\/p>\n<p><a href=\"https:\/\/www.cng-mobility.ch\/fr\/voiture\/iveco-x-way-cng-lng-tracteur-routier\/\"><img loading=\"lazy\" decoding=\"async\" class=\"alignnone wp-image-20425 size-full\" src=\"https:\/\/www.cng-mobility.ch\/wp-content\/uploads\/2021\/12\/X_Way-SZM_300x216.jpg\" alt=\"Iveco X-Way\" width=\"300\" height=\"216\" \/><\/a><\/p>\n<\/td>\n<\/tr>\n<tr>\n<td style=\"width: 25%;\"><a href=\"https:\/\/www.cng-mobility.ch\/fr\/voiture\/iveco-eurocargo\/\">Iveco Eurocargo<\/a>\n<p>\u00a0<\/p>\n<p><a href=\"https:\/\/www.cng-mobility.ch\/fr\/voiture\/iveco-eurocargo\/\"><img loading=\"lazy\" decoding=\"async\" class=\"alignnone wp-image-9406 size-full\" src=\"https:\/\/www.cng-mobility.ch\/wp-content\/uploads\/2019\/04\/NFZ_Iveco_Eurocargo_300x169pxl.jpg\" alt=\"Iveco Eurocargo\" width=\"300\" height=\"169\" \/><\/a><\/p>\n<\/td>\n<td style=\"width: 30%;\">\u00a0<\/td>\n<td style=\"width: 33.3333%;\">\u00a0<\/td>\n<\/tr>\n<tr style=\"height: 270px;\">\n<td style=\"width: 25%; height: 270px;\"><a href=\"https:\/\/www.cng-mobility.ch\/fr\/voiture\/renault-trucks-d-wide-gnc\/\">Renault Trucks D Wide CNG<\/a>\n<p>\u00a0<\/p>\n<p><a href=\"https:\/\/www.cng-mobility.ch\/fr\/voiture\/renault-trucks-d-wide-gnc\/\"><img loading=\"lazy\" decoding=\"async\" class=\"alignnone wp-image-1735 size-full\" src=\"https:\/\/www.cng-mobility.ch\/wp-content\/uploads\/2019\/04\/lastwagen_300x169_renault.jpg\" alt=\"\" width=\"300\" height=\"169\" \/><\/a><\/p>\n<\/td>\n<td style=\"width: 30%; height: 270px;\"><img loading=\"lazy\" decoding=\"async\" class=\"alignnone wp-image-1433 size-full\" src=\"\/wp-content\/uploads\/2019\/04\/blank_300x169.jpg\" alt=\"\" width=\"300\" height=\"169\" \/><\/td>\n<td style=\"width: 33.3333%; height: 270px;\"><img loading=\"lazy\" decoding=\"async\" class=\"alignnone wp-image-1433 size-full\" src=\"\/wp-content\/uploads\/2019\/04\/blank_300x169.jpg\" alt=\"\" width=\"300\" height=\"169\" \/><\/td>\n<\/tr>\n<tr style=\"height: 250px;\">\n<td style=\"width: 25%; height: 250px;\"><a href=\"https:\/\/www.cng-mobility.ch\/fr\/voiture\/scania-r-serie-gnc-gnl\/\">Scania R-Serie CNG\/LNG<\/a>\n<p>\u00a0<\/p>\n<p><a href=\"https:\/\/www.cng-mobility.ch\/fr\/voiture\/scania-r-serie-gnc-gnl\/\"><img loading=\"lazy\" decoding=\"async\" class=\"alignnone wp-image-1842 size-full\" src=\"https:\/\/www.cng-mobility.ch\/wp-content\/uploads\/2019\/04\/Scania_R-Serie_packshots_300x169_NEU.jpg\" alt=\"\" width=\"300\" height=\"169\" \/><\/a><\/p>\n<\/td>\n<td style=\"width: 30%; height: 250px;\"><a href=\"https:\/\/www.cng-mobility.ch\/fr\/voiture\/scania-l-serie-gnc-gnl\/\">Scania L-Serie CNG\/LNG<\/a>\n<p>\u00a0<\/p>\n<p><a href=\"https:\/\/www.cng-mobility.ch\/fr\/voiture\/scania-l-serie-gnc-gnl\/\"><img loading=\"lazy\" decoding=\"async\" class=\"alignnone wp-image-1846 size-full\" src=\"https:\/\/www.cng-mobility.ch\/wp-content\/uploads\/2019\/05\/Scania_L-Serie_packshots_300x169_NEU.jpg\" alt=\"\" width=\"300\" height=\"169\" \/><\/a><\/p>\n<\/td>\n<td style=\"width: 33.3333%; height: 250px;\"><a href=\"https:\/\/www.cng-mobility.ch\/fr\/voiture\/scania-p-serie-gnc-gnl\/\">Scania P-Serie CNG\/LNG<\/a>\n<p>\u00a0<\/p>\n<p><a href=\"https:\/\/www.cng-mobility.ch\/fr\/voiture\/scania-p-serie-gnc-gnl\/\"><img loading=\"lazy\" decoding=\"async\" class=\"alignnone wp-image-1851 size-full\" src=\"https:\/\/www.cng-mobility.ch\/wp-content\/uploads\/2019\/05\/Scania_P-Serie_packshots_300x169_NEU.jpg\" alt=\"\" width=\"300\" height=\"169\" \/><\/a><\/p>\n<\/td>\n<\/tr>\n<tr style=\"height: 250px;\">\n<td style=\"width: 25%; height: 250px;\"><a href=\"https:\/\/www.cng-mobility.ch\/fr\/voiture\/scania-g-serie-gnc-gnl\/\">Scania G-Serie CNG\/LNG<\/a>\n<p>\u00a0<\/p>\n<p><a href=\"https:\/\/www.cng-mobility.ch\/fr\/voiture\/scania-g-serie-gnc-gnl\/\"><img loading=\"lazy\" decoding=\"async\" class=\"alignnone wp-image-1849 size-full\" src=\"https:\/\/www.cng-mobility.ch\/wp-content\/uploads\/2019\/05\/Scania_G-Serie_packshots_300x169_NEU.jpg\" alt=\"\" width=\"300\" height=\"169\" \/><\/a><\/p>\n<\/td>\n<td style=\"width: 30%; height: 250px;\"><img loading=\"lazy\" decoding=\"async\" class=\"alignnone wp-image-1433 size-full\" src=\"\/wp-content\/uploads\/2019\/04\/blank_300x169.jpg\" alt=\"\" width=\"300\" height=\"169\" \/><\/td>\n<td style=\"width: 33.3333%; height: 250px;\"><img loading=\"lazy\" decoding=\"async\" class=\"alignnone wp-image-1433 size-full\" src=\"\/wp-content\/uploads\/2019\/04\/blank_300x169.jpg\" alt=\"\" width=\"300\" height=\"169\" \/><\/td>\n<\/tr>\n<tr style=\"height: 250px;\">\n<td style=\"width: 25%; height: 250px;\"><a href=\"https:\/\/www.cng-mobility.ch\/fr\/voiture\/volvo-fe-gnc\/\">Volvo FE CNG<\/a>\n<p>\u00a0<\/p>\n<p><a href=\"https:\/\/www.cng-mobility.ch\/fr\/voiture\/volvo-fe-gnc\/\"><img loading=\"lazy\" decoding=\"async\" class=\"alignnone wp-image-1663 size-full\" src=\"\/wp-content\/uploads\/2019\/04\/Volvo_fe_300x169.jpg\" alt=\"\" width=\"300\" height=\"169\" \/><\/a><\/p>\n<\/td>\n<td style=\"width: 30%;\"><a href=\"https:\/\/www.cng-mobility.ch\/it\/fahrzeug\/volvo-fh\/\">Volvo FH GNL<\/a>\n<p>\u00a0<\/p>\n<p><img loading=\"lazy\" decoding=\"async\" class=\"alignnone wp-image-28616 size-full\" src=\"https:\/\/www.cng-mobility.ch\/wp-content\/uploads\/2023\/02\/Volvo-FH-300x169-1.jpg\" alt=\"\" width=\"300\" height=\"169\" \/><\/p>\n<\/td>\n<td style=\"width: 33.3333%;\"><a href=\"https:\/\/www.cng-mobility.ch\/it\/fahrzeug\/volvo-fm\/\">Volvo FM GNL<\/a>\n<p>\u00a0<\/p>\n<p><img loading=\"lazy\" decoding=\"async\" class=\"alignnone wp-image-28628 size-full\" src=\"https:\/\/www.cng-mobility.ch\/wp-content\/uploads\/2023\/02\/Volvo-FM-300x169-1.jpg\" alt=\"\" width=\"300\" height=\"169\" \/><\/p>\n<\/td>\n<\/tr>\n<\/tbody>\n<\/table>\n<\/div>\n\n\n\n<p> Vous trouverez \u00e9galement ici des informations sur <a href=\"https:\/\/www.cng-mobility.ch\/fr\/voitures-de-tourisme\/\">les voitures de tourisme<\/a>, <a href=\"https:\/\/www.cng-mobility.ch\/fr\/utilitaires-legers\/\">les v\u00e9hicules utilitaires l\u00e9gers<\/a><a href=\"https:\/\/www.cng-mobility.ch\/fr\/silencieux-puissants-et-respectueux-du-climat-les-camions-gnc-et-gnl\/\"> <\/a>et <a href=\"https:\/\/www.cng-mobility.ch\/fr\/bus-respectueux-de-lenvironnement-pour-les-transports-publics\/\">les bus<\/a> GNC. <\/p>\n\n\n\n<h2 class=\"wp-block-heading\">Aper\u00e7u des mod\u00e8les pr\u00e9c\u00e9dents attrayants<br>avec propulsion au GNC et GNL<\/h2>\n\n\n\n<div class=\"tableoverview\">\n<table style=\"border-collapse: collapse; width: 100%; height: 1609px;\" border=\"1\">\n<tbody>\n<tr style=\"height: 270px;\">\n<td style=\"width: 25%; height: 270px;\"><a href=\"https:\/\/www.cng-mobility.ch\/fr\/voiture\/mercedes-benz-econic-ngt\/\">Mercedes-Benz Econic NGT<\/a>\n<p>\u00a0<\/p>\n<p><a href=\"https:\/\/www.cng-mobility.ch\/fr\/voiture\/mercedes-benz-econic-ngt\/\"><img loading=\"lazy\" decoding=\"async\" class=\"alignnone wp-image-1439 size-full\" src=\"\/wp-content\/uploads\/2019\/04\/Mercedes_Econic_packshots_300x169.jpg\" alt=\"\" width=\"300\" height=\"169\" \/><\/a><\/p>\n<\/td>\n<td style=\"width: 25%; height: 270px;\"><a href=\"https:\/\/www.cng-mobility.ch\/fr\/voiture\/mercedes-benz-actros-ngt\/\">Mercedes-Benz Actros NGT<\/a><a href=\"https:\/\/www.cng-mobility.ch\/fr\/voiture\/mercedes-benz-actros-ngt\/\"><img loading=\"lazy\" decoding=\"async\" class=\"alignnone size-full wp-image-8765\" src=\"https:\/\/www.cng-mobility.ch\/wp-content\/uploads\/2020\/03\/Actros-jas-1.jpg\" alt=\"\" width=\"272\" height=\"169\" \/><\/a><\/td>\n<td style=\"width: 25%; height: 270px;\"><img loading=\"lazy\" decoding=\"async\" class=\"alignnone wp-image-1433 size-full\" src=\"\/wp-content\/uploads\/2019\/04\/blank_300x169.jpg\" alt=\"\" width=\"300\" height=\"169\" \/><\/td>\n<\/tr>\n<\/tbody>\n<\/table>\n<\/div>\n\n\n\n<h2 class=\"has-text-align-center wp-block-heading\"><br>D\u00e9couvrez ce que vous pouvez optimiser  <\/h2>\n\n\n\n<div class=\"wp-block-button aligncenter\"><a class=\"wp-block-button__link\" href=\"https:\/\/www.cng-mobility.ch\/fr\/bon-pour-lenvironnement-et-le-budget\/\">Calculateur de carburant <\/a><\/div>\n","protected":false},"excerpt":{"rendered":"<p>Les camions \u00e0 moteur GNC ou GNL n\u2019ont rien \u00e0 envier \u00e0 leurs \u00e9quivalents diesel en termes de puissance, de charge utile et de polyvalence. Ils sont en outre nettement plus silencieux. Les camions \u00e0 gaz \u00e9mettent jusqu\u2019\u00e0 35&nbsp;% de CO2 en moins que leurs \u00e9quivalents diesel. Ce chiffre peut m\u00eame atteindre 85&nbsp;% s\u2019ils carburent [&hellip;]<\/p>\n","protected":false},"author":8,"featured_media":5741,"parent":0,"menu_order":0,"comment_status":"closed","ping_status":"closed","template":"","meta":{"_acf_changed":false,"inline_featured_image":false,"footnotes":""},"categories":[173],"acf":[],"aioseo_notices":[],"_links":{"self":[{"href":"https:\/\/www.cng-mobility.ch\/fr\/wp-json\/wp\/v2\/pages\/5260"}],"collection":[{"href":"https:\/\/www.cng-mobility.ch\/fr\/wp-json\/wp\/v2\/pages"}],"about":[{"href":"https:\/\/www.cng-mobility.ch\/fr\/wp-json\/wp\/v2\/types\/page"}],"author":[{"embeddable":true,"href":"https:\/\/www.cng-mobility.ch\/fr\/wp-json\/wp\/v2\/users\/8"}],"replies":[{"embeddable":true,"href":"https:\/\/www.cng-mobility.ch\/fr\/wp-json\/wp\/v2\/comments?post=5260"}],"version-history":[{"count":25,"href":"https:\/\/www.cng-mobility.ch\/fr\/wp-json\/wp\/v2\/pages\/5260\/revisions"}],"predecessor-version":[{"id":28639,"href":"https:\/\/www.cng-mobility.ch\/fr\/wp-json\/wp\/v2\/pages\/5260\/revisions\/28639"}],"wp:featuredmedia":[{"embeddable":true,"href":"https:\/\/www.cng-mobility.ch\/fr\/wp-json\/wp\/v2\/media\/5741"}],"wp:attachment":[{"href":"https:\/\/www.cng-mobility.ch\/fr\/wp-json\/wp\/v2\/media?parent=5260"}],"wp:term":[{"taxonomy":"category","embeddable":true,"href":"https:\/\/www.cng-mobility.ch\/fr\/wp-json\/wp\/v2\/categories?post=5260"}],"curies":[{"name":"wp","href":"https:\/\/api.w.org\/{rel}","templated":true}]}}