{"id":5256,"date":"2019-04-17T10:21:10","date_gmt":"2019-04-17T08:21:10","guid":{"rendered":"https:\/\/www.cng-mobility.ch\/?page_id=5256"},"modified":"2021-12-27T16:19:14","modified_gmt":"2021-12-27T15:19:14","slug":"bus-respectueux-de-lenvironnement-pour-les-transports-publics","status":"publish","type":"page","link":"https:\/\/www.cng-mobility.ch\/fr\/bus-respectueux-de-lenvironnement-pour-les-transports-publics\/","title":{"rendered":"Bus respectueux de l\u2019environnement pour les transports publics"},"content":{"rendered":"\n<p>Les technologies de propulsion propres sont toujours plus importantes dans les villes et les transports publics r\u00e9gionaux. Elles contribuent \u00e0 am\u00e9liorer la qualit\u00e9 de l\u2019air dans les centres urbains. Les bus et les autocars \u00e0 moteur GNC brillent en outre par leurs faibles co\u00fbts d\u2019exploitation compar\u00e9s \u00e0 ceux d\u2019un mod\u00e8le diesel classique.<\/p>\n\n\n\n<h2 class=\"wp-block-heading\">Une vue d\u2019ensemble des bus GNC actuels.<\/h2>\n\n\n\n<div class=\"tableoverview\">\n<table style=\"border-collapse: collapse; width: 100%; height: 1005px;\" border=\"1\">\n<tbody>\n<tr>\n<td style=\"width: 33.3333%;\"><a href=\"https:\/\/www.cng-mobility.ch\/fr\/voiture\/iveco-daily-minibus-gnc\/\">Iveco Daily Minibus CNG<\/a> <a href=\"https:\/\/www.cng-mobility.ch\/fr\/voiture\/iveco-daily-minibus-gnc\/\"><img loading=\"lazy\" decoding=\"async\" class=\"alignnone wp-image-20534 size-full\" src=\"https:\/\/www.cng-mobility.ch\/wp-content\/uploads\/2021\/12\/master_fahrzeuge_alle_gross_300x141.jpg\" alt=\"\" width=\"300\" height=\"141\" \/><\/a><\/td>\n<td style=\"width: 33.3333%;\">\u00a0<\/td>\n<td style=\"width: 33.3333%;\">\u00a0<\/td>\n<\/tr>\n<tr>\n<td style=\"width: 33.3333%;\"><a href=\"https:\/\/www.cng-mobility.ch\/fr\/voiture\/iveco-urbanway-gnc\/\">Iveco Urbanway CNG<\/a>\n<p><a href=\"https:\/\/www.cng-mobility.ch\/fr\/voiture\/iveco-urbanway-gnc\/\"><img loading=\"lazy\" decoding=\"async\" class=\"aligncenter wp-image-1400 size-full\" src=\"https:\/\/www.cng-mobility.ch\/wp-content\/uploads\/2019\/04\/busse_300x169_0000_Urbanway_10-5m_Cursor8_CNG_E6.jpg\" alt=\"\" width=\"300\" height=\"169\" \/><\/a><\/p>\n<\/td>\n<td style=\"width: 33.3333%;\"><a href=\"https:\/\/www.cng-mobility.ch\/fr\/voiture\/iveco-crossway-le-gnc\/\">Iveco Crossway LE CNG<\/a> <a href=\"https:\/\/www.cng-mobility.ch\/fr\/voiture\/iveco-crossway-le-gnc\/\"><img loading=\"lazy\" decoding=\"async\" class=\"alignnone wp-image-20537 size-full\" src=\"https:\/\/www.cng-mobility.ch\/wp-content\/uploads\/2021\/12\/Crossway-LE-CNG-300x141-1.jpg\" alt=\"\" width=\"300\" height=\"141\" \/><\/a><\/td>\n<td style=\"width: 33.3333%;\"><a href=\"https:\/\/www.cng-mobility.ch\/fr\/voiture\/iveco-crossway-gnc\/\">Iveco Crossway CNG <img loading=\"lazy\" decoding=\"async\" class=\"alignnone wp-image-20540 size-full\" src=\"https:\/\/www.cng-mobility.ch\/wp-content\/uploads\/2021\/12\/Crossway-CNG-300x141-1.jpg\" alt=\"\" width=\"300\" height=\"141\" \/><\/a><\/td>\n<\/tr>\n<tr>\n<td style=\"width: 33.3333%;\"><a href=\"\/fr\/voiture\/man-lions-city-12-g\/\">MAN Lion\u2019s City 12 G<\/a>\n<p>\u00a0<\/p>\n<p><a href=\"\/fr\/voiture\/man-lions-city-12-g\/\"><img loading=\"lazy\" decoding=\"async\" class=\"alignnone wp-image-20406 size-full\" src=\"https:\/\/www.cng-mobility.ch\/wp-content\/uploads\/2021\/12\/MAN-Lions-City-12-G-Freigestellt_300x169.jpg\" alt=\"MAN-Lions-City-12-G\" width=\"361\" height=\"169\" srcset=\"https:\/\/www.cng-mobility.ch\/wp-content\/uploads\/2021\/12\/MAN-Lions-City-12-G-Freigestellt_300x169.jpg 361w, https:\/\/www.cng-mobility.ch\/wp-content\/uploads\/2021\/12\/MAN-Lions-City-12-G-Freigestellt_300x169-300x140.jpg 300w\" sizes=\"(max-width: 361px) 100vw, 361px\" \/><\/a><\/p>\n<\/td>\n<td style=\"width: 33.3333%;\"><a href=\"\/fr\/voiture\/man-lions-city-18-g\/\">MAN Lion\u2019s City 18 G<\/a>\n<p>\u00a0<\/p>\n<p><a href=\"\/fr\/voiture\/man-lions-city-18-g\/\"><img loading=\"lazy\" decoding=\"async\" class=\"alignnone wp-image-1827 size-full\" src=\"https:\/\/www.cng-mobility.ch\/wp-content\/uploads\/2019\/05\/busse_300x169_0007_MAN-LionsCity18G.jpg\" alt=\"\" width=\"300\" height=\"169\" \/><\/a><\/p>\n<\/td>\n<td style=\"width: 33.3333%;\">\u00a0<\/td>\n<\/tr>\n<tr style=\"height: 251px;\">\n<td style=\"width: 33.3333%; vertical-align: bottom; height: 251px;\"><a href=\"\/fr\/voiture\/mercedes-benz-citaro\/\">Mercedes-Benz Citaro<\/a>\n<p>\u00a0<\/p>\n<p><a href=\"\/fr\/voiture\/mercedes-benz-citaro\/\"><img loading=\"lazy\" decoding=\"async\" class=\"alignnone wp-image-1284 size-full\" src=\"https:\/\/cng-mobility.ch\/wp-content\/uploads\/2019\/04\/Busse_300x169_0002_Citaro_NGT.jpg\" alt=\"\" width=\"300\" height=\"169\" \/><\/a><\/p>\n<\/td>\n<td style=\"width: 33.3333%; vertical-align: bottom; height: 251px;\"><a href=\"\/fr\/voiture\/mercedes-benz-citaro-g\/\">Mercedes-Benz Citaro G<\/a><br \/><a href=\"\/fr\/voiture\/mercedes-benz-citaro-g\/\"><img loading=\"lazy\" decoding=\"async\" class=\"alignnone wp-image-1285 size-full\" src=\"https:\/\/cng-mobility.ch\/wp-content\/uploads\/2019\/04\/Busse_300x169_0003_Citargo-G.jpg\" alt=\"\" width=\"300\" height=\"169\" \/><\/a><\/td>\n<td style=\"width: 33.3333%; vertical-align: bottom; height: 251px;\">\u00a0<\/td>\n<\/tr>\n<tr style=\"height: 251px;\">\n<td style=\"width: 33.3333%; vertical-align: bottom; height: 251px;\"><a href=\"\/fr\/voiture\/scania-interlink-ld\/\">Scania Interlink LD<\/a>\n<p>\u00a0<\/p>\n<p><a href=\"\/fr\/voiture\/scania-interlink-ld\/\"><img loading=\"lazy\" decoding=\"async\" class=\"alignnone wp-image-1287 size-full\" src=\"https:\/\/cng-mobility.ch\/wp-content\/uploads\/2019\/04\/Busse_300x169_0005_csm_Scania_Interlink.jpg\" alt=\"\" width=\"300\" height=\"169\" \/><\/a><\/p>\n<\/td>\n<td style=\"width: 33.3333%; vertical-align: bottom; height: 251px;\">\n<p class=\" greenheader\"><a href=\"\/fr\/voiture\/scania-interlink-md\/\">Scania Interlink MD<\/a><a href=\"\/fr\/voiture\/scania-interlink-md\/\"><img loading=\"lazy\" decoding=\"async\" class=\"alignnone wp-image-1597 size-medium\" src=\"https:\/\/cng-mobility.ch\/wp-content\/uploads\/2019\/04\/busse_packshot_0005_csm_Scania_Interlink-300x141.jpg\" alt=\"\" width=\"300\" height=\"141\" srcset=\"https:\/\/www.cng-mobility.ch\/wp-content\/uploads\/2019\/04\/busse_packshot_0005_csm_Scania_Interlink-300x141.jpg 300w, https:\/\/www.cng-mobility.ch\/wp-content\/uploads\/2019\/04\/busse_packshot_0005_csm_Scania_Interlink-768x360.jpg 768w, https:\/\/www.cng-mobility.ch\/wp-content\/uploads\/2019\/04\/busse_packshot_0005_csm_Scania_Interlink-1024x480.jpg 1024w, https:\/\/www.cng-mobility.ch\/wp-content\/uploads\/2019\/04\/busse_packshot_0005_csm_Scania_Interlink.jpg 1280w\" sizes=\"(max-width: 300px) 100vw, 300px\" \/><\/a><\/p>\n<\/td>\n<td style=\"width: 33.3333%;\"><a href=\"https:\/\/www.cng-mobility.ch\/fr\/voiture\/scania-citywide-gnc\/\">Scania Citywide CNG<\/a>\n<p>\u00a0<\/p>\n<p><a href=\"https:\/\/www.cng-mobility.ch\/fr\/voiture\/scania-citywide-gnc\/\"><img loading=\"lazy\" decoding=\"async\" class=\"alignnone wp-image-1286 size-full\" src=\"https:\/\/www.cng-mobility.ch\/wp-content\/uploads\/2019\/04\/Busse_300x169_0004_Scania_Citywide.jpg\" alt=\"\" width=\"300\" height=\"169\" \/><\/a><\/p>\n<\/td>\n<\/tr>\n<tr style=\"height: 231px;\">\n<td style=\"width: 33.3333%; vertical-align: bottom; height: 231px;\">\n<p class=\" greenheader\"><a href=\"\/fr\/voiture\/solaris-urbino-12-gnc\/\">Solaris Urbino 12 CNG<\/a><\/p>\n<p><a href=\"\/fr\/voiture\/solaris-urbino-12-gnc\/\"><img loading=\"lazy\" decoding=\"async\" class=\"alignnone wp-image-1706 size-full\" src=\"https:\/\/www.cng-mobility.ch\/wp-content\/uploads\/2019\/04\/solaris12_packshots_300x169.jpg\" alt=\"\" width=\"300\" height=\"169\" \/><\/a><\/p>\n<\/td>\n<td style=\"width: 33.3333%; vertical-align: bottom; height: 231px;\">\n<p class=\" greenheader\"><a href=\"\/fr\/voiture\/solaris-urbino-18-gnc\/\">Solaris Urbino 18 CNG<\/a><\/p>\n<p><a href=\"\/fr\/voiture\/solaris-urbino-18-gnc\/\"><img loading=\"lazy\" decoding=\"async\" class=\"alignnone wp-image-1707 size-full\" src=\"https:\/\/www.cng-mobility.ch\/wp-content\/uploads\/2019\/04\/solaris18_packshots_300x169.jpg\" alt=\"\" width=\"300\" height=\"169\" \/><\/a><\/p>\n<\/td>\n<td style=\"width: 33.3333%; vertical-align: bottom; height: 231px;\">\n<p class=\" greenheader\"><img loading=\"lazy\" decoding=\"async\" class=\"alignnone wp-image-1433 size-full\" src=\"https:\/\/cng-mobility.ch\/wp-content\/uploads\/2019\/04\/blank_300x169.jpg\" alt=\"\" width=\"300\" height=\"169\" \/><\/p>\n<\/td>\n<\/tr>\n<tr>\n<td style=\"width: 33.3333%;\">\n<p class=\" greenheader\"><a href=\"https:\/\/www.cng-mobility.ch\/fr\/voiture\/volvo-7900-gnc\/\">Volvo 7900 CNG<\/a><\/p>\n<p><a href=\"https:\/\/www.cng-mobility.ch\/fr\/voiture\/volvo-7900-gnc\/\"><img loading=\"lazy\" decoding=\"async\" class=\"alignnone wp-image-1288 size-full\" src=\"https:\/\/www.cng-mobility.ch\/wp-content\/uploads\/2019\/04\/Busse_300x169_0006_Volvo_7900.jpg\" alt=\"\" width=\"300\" height=\"169\" \/><\/a><\/p>\n<\/td>\n<td style=\"width: 33.3333%; vertical-align: bottom;\">\n<p class=\" greenheader\">\u00a0<\/p>\n<\/td>\n<td style=\"width: 33.3333%; vertical-align: bottom;\">\n<p class=\" greenheader\">\u00a0<\/p>\n<\/td>\n<\/tr>\n<\/tbody>\n<\/table>\n<\/div>\n\n\n\n<p>Vous trouverez \u00e9galement ici des informations sur <a href=\"https:\/\/www.cng-mobility.ch\/fr\/voitures-de-tourisme\/\">les voitures de tourisme<\/a>, <a href=\"https:\/\/www.cng-mobility.ch\/fr\/utilitaires-legers\/\">les v\u00e9hicules utilitaires l\u00e9gers<\/a> et <a href=\"https:\/\/www.cng-mobility.ch\/fr\/silencieux-puissants-et-respectueux-du-climat-les-camions-gnc-et-gnl\/\">les camions<\/a> GNC. <\/p>\n\n\n\n<h2 class=\"has-text-align-center wp-block-heading\"><br>D\u00e9couvrez ce que vous pouvez optimiser  <\/h2>\n\n\n\n<div class=\"wp-block-button aligncenter\"><a class=\"wp-block-button__link\" href=\"https:\/\/www.cng-mobility.ch\/fr\/bon-pour-lenvironnement-et-le-budget\/\"> Calculateur de carburant <\/a><\/div>\n","protected":false},"excerpt":{"rendered":"<p>Les technologies de propulsion propres sont toujours plus importantes dans les villes et les transports publics r\u00e9gionaux. Elles contribuent \u00e0 am\u00e9liorer la qualit\u00e9 de l\u2019air dans les centres urbains. Les bus et les autocars \u00e0 moteur GNC brillent en outre par leurs faibles co\u00fbts d\u2019exploitation compar\u00e9s \u00e0 ceux d\u2019un mod\u00e8le diesel classique. Une vue d\u2019ensemble [&hellip;]<\/p>\n","protected":false},"author":8,"featured_media":5881,"parent":0,"menu_order":0,"comment_status":"closed","ping_status":"closed","template":"","meta":{"_acf_changed":false,"inline_featured_image":false,"footnotes":""},"categories":[171],"acf":[],"aioseo_notices":[],"_links":{"self":[{"href":"https:\/\/www.cng-mobility.ch\/fr\/wp-json\/wp\/v2\/pages\/5256"}],"collection":[{"href":"https:\/\/www.cng-mobility.ch\/fr\/wp-json\/wp\/v2\/pages"}],"about":[{"href":"https:\/\/www.cng-mobility.ch\/fr\/wp-json\/wp\/v2\/types\/page"}],"author":[{"embeddable":true,"href":"https:\/\/www.cng-mobility.ch\/fr\/wp-json\/wp\/v2\/users\/8"}],"replies":[{"embeddable":true,"href":"https:\/\/www.cng-mobility.ch\/fr\/wp-json\/wp\/v2\/comments?post=5256"}],"version-history":[{"count":17,"href":"https:\/\/www.cng-mobility.ch\/fr\/wp-json\/wp\/v2\/pages\/5256\/revisions"}],"predecessor-version":[{"id":20589,"href":"https:\/\/www.cng-mobility.ch\/fr\/wp-json\/wp\/v2\/pages\/5256\/revisions\/20589"}],"wp:featuredmedia":[{"embeddable":true,"href":"https:\/\/www.cng-mobility.ch\/fr\/wp-json\/wp\/v2\/media\/5881"}],"wp:attachment":[{"href":"https:\/\/www.cng-mobility.ch\/fr\/wp-json\/wp\/v2\/media?parent=5256"}],"wp:term":[{"taxonomy":"category","embeddable":true,"href":"https:\/\/www.cng-mobility.ch\/fr\/wp-json\/wp\/v2\/categories?post=5256"}],"curies":[{"name":"wp","href":"https:\/\/api.w.org\/{rel}","templated":true}]}}