{"id":3142,"date":"2018-07-18T16:55:19","date_gmt":"2018-07-18T14:55:19","guid":{"rendered":"https:\/\/www.cng-mobility.ch\/?page_id=3142"},"modified":"2024-01-04T09:13:54","modified_gmt":"2024-01-04T08:13:54","slug":"portal-cng","status":"publish","type":"page","link":"https:\/\/www.cng-mobility.ch\/fr\/","title":{"rendered":"Das Portal der CNG-Mobilit\u00e4t"},"content":{"rendered":"\n<h1>Technologies de propulsion alternatives et durables<\/h1>\n\n\n\n<p>Besoin fondamental de l\u2019\u00eatre humain, la mobilit\u00e9 est \u00e0 l\u2019origine d\u2019un tiers environ des \u00e9missions de CO<sub>2<\/sub>&nbsp;en Suisse. Une pluralit\u00e9 de solutions est n\u00e9cessaire pour concilier progressivement le besoin personnel de mobilit\u00e9 et la protection durable de l\u2019environnement. C\u2019est pourquoi nous emprunterons diff\u00e9rentes voies vers un avenir durable. Les motorisations essence et diesel seront peu \u00e0 peu remplac\u00e9es par diverses variantes hybrides, \u00e9lectriques, \u00e0 pile \u00e0 combustible et GNC.<\/p>\n","protected":false},"excerpt":{"rendered":"<p>Technologies de propulsion alternatives et durables Besoin fondamental de l\u2019\u00eatre humain, la mobilit\u00e9 est \u00e0 l\u2019origine d\u2019un tiers environ des \u00e9missions de CO2&nbsp;en Suisse. Une pluralit\u00e9 de solutions est n\u00e9cessaire pour concilier progressivement le besoin personnel de mobilit\u00e9 et la protection durable de l\u2019environnement. C\u2019est pourquoi nous emprunterons diff\u00e9rentes voies vers un avenir durable. Les [&hellip;]<\/p>\n","protected":false},"author":6,"featured_media":0,"parent":0,"menu_order":50,"comment_status":"closed","ping_status":"closed","template":"","meta":{"_acf_changed":false,"inline_featured_image":false,"footnotes":""},"categories":[],"acf":[],"aioseo_notices":[],"_links":{"self":[{"href":"https:\/\/www.cng-mobility.ch\/fr\/wp-json\/wp\/v2\/pages\/3142"}],"collection":[{"href":"https:\/\/www.cng-mobility.ch\/fr\/wp-json\/wp\/v2\/pages"}],"about":[{"href":"https:\/\/www.cng-mobility.ch\/fr\/wp-json\/wp\/v2\/types\/page"}],"author":[{"embeddable":true,"href":"https:\/\/www.cng-mobility.ch\/fr\/wp-json\/wp\/v2\/users\/6"}],"replies":[{"embeddable":true,"href":"https:\/\/www.cng-mobility.ch\/fr\/wp-json\/wp\/v2\/comments?post=3142"}],"version-history":[{"count":33,"href":"https:\/\/www.cng-mobility.ch\/fr\/wp-json\/wp\/v2\/pages\/3142\/revisions"}],"predecessor-version":[{"id":34656,"href":"https:\/\/www.cng-mobility.ch\/fr\/wp-json\/wp\/v2\/pages\/3142\/revisions\/34656"}],"wp:attachment":[{"href":"https:\/\/www.cng-mobility.ch\/fr\/wp-json\/wp\/v2\/media?parent=3142"}],"wp:term":[{"taxonomy":"category","embeddable":true,"href":"https:\/\/www.cng-mobility.ch\/fr\/wp-json\/wp\/v2\/categories?post=3142"}],"curies":[{"name":"wp","href":"https:\/\/api.w.org\/{rel}","templated":true}]}}