{"id":24663,"date":"2022-06-22T09:28:25","date_gmt":"2022-06-22T07:28:25","guid":{"rendered":"https:\/\/www.cng-mobility.ch\/avec-le-carburant-meme-la-flotte-existante-pourrait-etre-respectueuse-de-lenvironnement\/"},"modified":"2022-06-22T13:48:23","modified_gmt":"2022-06-22T11:48:23","slug":"avec-le-carburant-meme-la-flotte-existante-pourrait-etre-respectueuse-de-lenvironnement","status":"publish","type":"page","link":"https:\/\/www.cng-mobility.ch\/fr\/avec-le-carburant-meme-la-flotte-existante-pourrait-etre-respectueuse-de-lenvironnement\/","title":{"rendered":"Avec l\u2019e-carburant, m\u00eame la flotte existante pourrait \u00eatre respectueuse de l\u2019environnement"},"content":{"rendered":"\n<p>M\u00eame si de plus en plus de constructeurs et de pays veulent mettre fin au moteur \u00e0 combustion et misent enti\u00e8rement sur les propulsions qui ne produisent pas de CO<sub>2<\/sub>, toutes les applications ne peuvent pas passer \u00e0 l\u2019\u00e9lectrique, m\u00eame dans le domaine de la mobilit\u00e9. Les e-carburants constituent une alternative intelligente.&#13;\n&#13;\n\u00a0<\/p>\n\n<p>Ils sont produits par la synth\u00e8se de l\u2019hydrog\u00e8ne (H) et du carbone (C), c\u2019est pourquoi ils sont \u00e9galement appel\u00e9s carburants synth\u00e9tiques. Dans un premier temps, les \u00e9lectrolyseurs scindent l\u2019eau (H<sub>2<\/sub>O) en oxyg\u00e8ne (O) et en hydrog\u00e8ne vert (H<sub>2<\/sub>). Le CO<sub>2<\/sub> filtr\u00e9 dans l\u2019air est ensuite combin\u00e9 \u00e0 l\u2019hydrog\u00e8ne (H<sub>2<\/sub>) pour former du m\u00e9thanol synth\u00e9tique (CH<sub>3<\/sub>OH ou CH<sub>4<\/sub>O). Celui-ci peut ensuite \u00eatre transform\u00e9 <a href=\"https:\/\/www.cng-mobility.ch\/fr\/article\/les-e-carburants-un-complement-ideal\/\">en diff\u00e9rents e-carburants.<\/a> \u00c9tant donn\u00e9 que l\u2019\u00e9lectricit\u00e9 utilis\u00e9e pour leur fabrication est issue de sources renouvelables, les v\u00e9hicules \u00e9quip\u00e9s d\u2019un moteur \u00e0 combustion, neufs comme anciens, sont pratiquement neutres en CO<sub>2<\/sub>.&#13;\n&#13;\n\u00a0<\/p>\n\n<figure class=\"wp-block-image size-large\"><img loading=\"lazy\" decoding=\"async\" width=\"1024\" height=\"576\" src=\"https:\/\/www.cng-mobility.ch\/wp-content\/uploads\/2022\/06\/Porsche-Anlage-in-Chile-1024x576.jpg\" alt=\"Porsche-Anlage in Chile\" class=\"wp-image-24612\" srcset=\"https:\/\/www.cng-mobility.ch\/wp-content\/uploads\/2022\/06\/Porsche-Anlage-in-Chile-1024x576.jpg 1024w, https:\/\/www.cng-mobility.ch\/wp-content\/uploads\/2022\/06\/Porsche-Anlage-in-Chile-300x169.jpg 300w, https:\/\/www.cng-mobility.ch\/wp-content\/uploads\/2022\/06\/Porsche-Anlage-in-Chile-768x432.jpg 768w, https:\/\/www.cng-mobility.ch\/wp-content\/uploads\/2022\/06\/Porsche-Anlage-in-Chile-1536x864.jpg 1536w, https:\/\/www.cng-mobility.ch\/wp-content\/uploads\/2022\/06\/Porsche-Anlage-in-Chile.jpg 1920w\" sizes=\"(max-width: 1024px) 100vw, 1024px\" \/><figcaption><em>L&#8217;installation pilote de Porsche et Siemens Energy \u00e0 Punta Arenas (Chili) a d\u00e9j\u00e0 \u00e9t\u00e9 mise en service et devrait produire environ 130&#8217;000 litres d&#8217;e-fuel en 2022. Source : Porsche<\/em>&#13;\n&#13;\n\u00a0<\/figcaption><\/figure>\n<h2 class=\"wp-block-heading\">L\u2019infrastructure de ravitaillement et de distribution n\u00e9cessaire aux e-carburants est d\u00e9j\u00e0 en place<\/h2>\n\n<p><a href=\"https:\/\/www.cng-mobility.ch\/fr\/article\/une-opportunite-unique-pour-les-e-carburants\/\">Les e-carburants pr\u00e9sentent un avantage majeur<\/a> : en plus de leur neutralit\u00e9 sur le plan climatique, ils sont \u00e9galement compatibles avec l\u2019infrastructure de ravitaillement et de distribution existante. C\u2019est un atout de taille par rapport aux applications \u00e0 hydrog\u00e8ne et \u00e9lectriques, pour lesquelles toute l\u2019infrastructure doit encore \u00eatre mise en place et agrandie. Les e-carburants peuvent aussi \u00eatre utilis\u00e9s comme carburants \u00abdrop-in\u00bb, qui peuvent \u00eatre m\u00e9lang\u00e9s aux carburants fossiles traditionnels, de fa\u00e7on \u00e0 les remplacer peu \u00e0 peu enti\u00e8rement. En outre, leur utilisation ne se limite pas au transport routier. Les e-carburants peuvent en effet contribuer \u00e0 la neutralit\u00e9 climatique de l\u2019aviation et de <a href=\"https:\/\/www.cng-mobility.ch\/fr\/article\/gnl-en-vue\/\">la navigation<\/a>, pour lesquelles le passage \u00e0 l\u2019\u00e9lectrique est difficile, mais ils sont \u00e9galement utilis\u00e9s sur le march\u00e9 du chauffage et comme mati\u00e8re premi\u00e8re pour l\u2019industrie chimique.&#13;\n&#13;\n\u00a0<\/p>\n\n<figure class=\"wp-block-image size-large is-resized\"><img loading=\"lazy\" decoding=\"async\" src=\"https:\/\/www.cng-mobility.ch\/wp-content\/uploads\/2022\/06\/Dekarbonisierung-1024x576.jpg\" alt=\"\" class=\"wp-image-24616\" width=\"840\" height=\"472\" srcset=\"https:\/\/www.cng-mobility.ch\/wp-content\/uploads\/2022\/06\/Dekarbonisierung-1024x576.jpg 1024w, https:\/\/www.cng-mobility.ch\/wp-content\/uploads\/2022\/06\/Dekarbonisierung-300x169.jpg 300w, https:\/\/www.cng-mobility.ch\/wp-content\/uploads\/2022\/06\/Dekarbonisierung-768x432.jpg 768w, https:\/\/www.cng-mobility.ch\/wp-content\/uploads\/2022\/06\/Dekarbonisierung-1536x864.jpg 1536w, https:\/\/www.cng-mobility.ch\/wp-content\/uploads\/2022\/06\/Dekarbonisierung-2048x1152.jpg 2048w, https:\/\/www.cng-mobility.ch\/wp-content\/uploads\/2022\/06\/Dekarbonisierung-1920x1080.jpg 1920w\" sizes=\"(max-width: 840px) 100vw, 840px\" \/><figcaption><em>Gr\u00e2ce aux E-Fuels, l&#8217;\u00e9nergie solaire et \u00e9olienne peut \u00e9galement \u00eatre stock\u00e9e et ainsi \u00eatre transf\u00e9r\u00e9e de l&#8217;\u00e9t\u00e9 \u00e0 l&#8217;hiver ou, justement, transport\u00e9e de A \u00e0 B dans le monde entier. Source : Porsche<\/em>&#13;\n&#13;\n\u00a0<\/figcaption><\/figure>\n<p>Si les e-carburants peuvent \u00e9galement \u00eatre produits en Europe ou en Suisse, les r\u00e9gions du monde o\u00f9 l\u2019ensoleillement et l\u2019exposition au vent sont importants sont bien plus appropri\u00e9es. Ainsi, <a href=\"https:\/\/www.cng-mobility.ch\/fr\/article\/le-gaz-une-partie-de-la-solution\/\">les r\u00e9gions d\u00e9sertiques ensoleill\u00e9es d\u2019Afrique du Nord<\/a> ou encore la Patagonie, tr\u00e8s venteuse, se pr\u00eatent parfaitement \u00e0 leur production. L\u00e0-bas, les co\u00fbts de production \u00e0 une \u00e9chelle industrielle sont nettement plus bas, de sorte que les e-carburants deviennent une alternative abordable et climatiquement neutre aux agents \u00e9nerg\u00e9tiques fossiles. <a href=\"https:\/\/www.siemens-energy.com\/\">Siemens Energy<\/a> et <a href=\"https:\/\/www.cng-mobility.ch\/fr\/article\/porsche-applaudit-la-suisse\/\">le constructeur de voitures de sport Porsche<\/a> ont par exemple d\u00e9j\u00e0 mis en service \u00e0 Punta Arenas (Chili) une installation pilote qui devrait produire quelque 130&#8217;000 litres d\u2019e-carburant en 2022.&#13;\n&#13;\n\u00a0<\/p>\n\n<h2 class=\"wp-block-heading\">La technologie \u00abPower-to-Gas\u00bb permet \u00e9galement d\u2019exploiter les exc\u00e9dents d\u2019\u00e9nergie renouvelable<\/h2>\n\n<p>La conversion de l\u2019\u00e9lectricit\u00e9 renouvelable en agents \u00e9nerg\u00e9tiques chimiques tels que l\u2019hydrog\u00e8ne ou le m\u00e9thane \u00e0 l\u2019aide de la technologie dite \u00abPower-to-Gas\u00bb permet \u00e9galement de rendre utilisable pour l\u2019hiver l\u2019\u00e9nergie renouvelable exc\u00e9dentaire qui est principalement produite en \u00e9t\u00e9 sous nos latitudes. Selon une \u00e9tude de l\u2019Empa, en Suisse, l\u2019exc\u00e9dent d\u2019\u00e9nergie provenant d\u2019installations solaires ou \u00e9oliennes pourrait id\u00e9alement faire fonctionner jusqu\u2019\u00e0 un million de voitures neutres en CO2.<\/p>\n\n<figure class=\"wp-block-image size-large\"><img loading=\"lazy\" decoding=\"async\" width=\"1024\" height=\"682\" src=\"https:\/\/www.cng-mobility.ch\/wp-content\/uploads\/2022\/06\/Audi-e-gas-Anlage-in-Werlte-III-1024x682.jpg\" alt=\"\" class=\"wp-image-24620\" srcset=\"https:\/\/www.cng-mobility.ch\/wp-content\/uploads\/2022\/06\/Audi-e-gas-Anlage-in-Werlte-III-1024x682.jpg 1024w, https:\/\/www.cng-mobility.ch\/wp-content\/uploads\/2022\/06\/Audi-e-gas-Anlage-in-Werlte-III-300x200.jpg 300w, https:\/\/www.cng-mobility.ch\/wp-content\/uploads\/2022\/06\/Audi-e-gas-Anlage-in-Werlte-III-768x512.jpg 768w, https:\/\/www.cng-mobility.ch\/wp-content\/uploads\/2022\/06\/Audi-e-gas-Anlage-in-Werlte-III-1536x1024.jpg 1536w, https:\/\/www.cng-mobility.ch\/wp-content\/uploads\/2022\/06\/Audi-e-gas-Anlage-in-Werlte-III-2048x1365.jpg 2048w, https:\/\/www.cng-mobility.ch\/wp-content\/uploads\/2022\/06\/Audi-e-gas-Anlage-in-Werlte-III-1621x1080.jpg 1621w\" sizes=\"(max-width: 1024px) 100vw, 1024px\" \/><figcaption><em>Audi est le premier constructeur automobile au monde \u00e0 avoir commenc\u00e9 \u00e0 produire toute une cha\u00eene d&#8217;\u00e9nergies durables \u00e0 Welte, dans le nord de l&#8217;Allemagne, d\u00e8s 2013. Source : Audi<\/em>&#13;\n&#13;\n\u00a0<\/figcaption><\/figure>","protected":false},"excerpt":{"rendered":"<p>M\u00eame si de plus en plus de constructeurs et de pays veulent mettre fin au moteur \u00e0 combustion et misent enti\u00e8rement sur les propulsions qui ne produisent pas de CO2, toutes les applications ne peuvent pas passer \u00e0 l\u2019\u00e9lectrique, m\u00eame dans le domaine de la mobilit\u00e9. Les e-carburants constituent une alternative intelligente.&#13; &#13; \u00a0 Ils [&hellip;]<\/p>\n","protected":false},"author":11,"featured_media":24610,"parent":0,"menu_order":0,"comment_status":"closed","ping_status":"closed","template":"","meta":{"_acf_changed":false,"inline_featured_image":false,"footnotes":""},"categories":[71],"acf":[],"aioseo_notices":[],"_links":{"self":[{"href":"https:\/\/www.cng-mobility.ch\/fr\/wp-json\/wp\/v2\/pages\/24663"}],"collection":[{"href":"https:\/\/www.cng-mobility.ch\/fr\/wp-json\/wp\/v2\/pages"}],"about":[{"href":"https:\/\/www.cng-mobility.ch\/fr\/wp-json\/wp\/v2\/types\/page"}],"author":[{"embeddable":true,"href":"https:\/\/www.cng-mobility.ch\/fr\/wp-json\/wp\/v2\/users\/11"}],"replies":[{"embeddable":true,"href":"https:\/\/www.cng-mobility.ch\/fr\/wp-json\/wp\/v2\/comments?post=24663"}],"version-history":[{"count":4,"href":"https:\/\/www.cng-mobility.ch\/fr\/wp-json\/wp\/v2\/pages\/24663\/revisions"}],"predecessor-version":[{"id":24704,"href":"https:\/\/www.cng-mobility.ch\/fr\/wp-json\/wp\/v2\/pages\/24663\/revisions\/24704"}],"wp:featuredmedia":[{"embeddable":true,"href":"https:\/\/www.cng-mobility.ch\/fr\/wp-json\/wp\/v2\/media\/24610"}],"wp:attachment":[{"href":"https:\/\/www.cng-mobility.ch\/fr\/wp-json\/wp\/v2\/media?parent=24663"}],"wp:term":[{"taxonomy":"category","embeddable":true,"href":"https:\/\/www.cng-mobility.ch\/fr\/wp-json\/wp\/v2\/categories?post=24663"}],"curies":[{"name":"wp","href":"https:\/\/api.w.org\/{rel}","templated":true}]}}