{"id":24657,"date":"2022-06-22T09:18:03","date_gmt":"2022-06-22T07:18:03","guid":{"rendered":"https:\/\/www.cng-mobility.ch\/installations-de-biogaz-de-veritables-petites-centrales-electriques-regionales\/"},"modified":"2024-07-16T12:51:08","modified_gmt":"2024-07-16T10:51:08","slug":"installations-de-biogaz-de-veritables-petites-centrales-electriques-regionales","status":"publish","type":"page","link":"https:\/\/www.cng-mobility.ch\/fr\/installations-de-biogaz-de-veritables-petites-centrales-electriques-regionales\/","title":{"rendered":"Installations de biogaz: de v\u00e9ritables petites centrales \u00e9lectriques r\u00e9gionales"},"content":{"rendered":"\n<p>Bien que la technologie du biogaz soit d\u00e9j\u00e0 tr\u00e8s d\u00e9velopp\u00e9e et op\u00e9rationnelle, l\u2019utilisation de la biomasse et des engrais de ferme comme source d\u2019\u00e9nergie est encore tr\u00e8s limit\u00e9e en Suisse. Dans notre pays, il existe actuellement 44 installations qui produisent du biogaz et l&#8217;injectent dans le r\u00e9seau de gaz. Rien qu&#8217;en 2022, quatre nouvelles installations ont \u00e9t\u00e9 raccord\u00e9es au r\u00e9seau, dont la premi\u00e8re installation industrielle de production de biom\u00e9thane \u00e0 partir d&#8217;hydrog\u00e8ne vert et de CO<sub>2<\/sub> \u00e0 <a href=\"https:\/\/www.cng-mobility.ch\/fr\/article\/premio-allimpianto-power-to-gas\/\">la Regiowerk Limeco<\/a> \u00e0 Dietikon ZH. <a href=\"https:\/\/www.cng-mobility.ch\/fr\/article\/un-important-potentiel-qui-reste-a-exploiter\/\">Cette \u00e9nergie est fournie par des centaines de petites installations<\/a> qui utilisent le biogaz produit directement sur place et le transforment en \u00e9lectricit\u00e9 et en chaleur dans une petite centrale de cog\u00e9n\u00e9ration. \u00a0<\/p>\n\n\n\n<p>Le biogaz contribue ainsi de mani\u00e8re essentielle \u00e0 la s\u00e9curit\u00e9 \u00e9nerg\u00e9tique, car les mati\u00e8res premi\u00e8res proviennent d\u2019un environnement imm\u00e9diat. \u00c0 noter qu\u2019en Suisse, <a href=\"https:\/\/www.cng-mobility.ch\/fr\/le-biogaz-suisse-est-durable\/\">aucune plante utile n\u2019est cultiv\u00e9e pour produire des carburants \u00e9cologiques.<\/a> Les fournisseurs de gaz suisses comptent d\u2019ailleurs parmi les pionniers de la production de biogaz: en 1997, ils ont en effet r\u00e9ussi pour la premi\u00e8re fois au monde \u00e0 traiter du biogaz \u00e0 Samstagern (Zurich) pour l\u2019injecter ensuite dans le r\u00e9seau de gaz naturel. <a href=\"https:\/\/www.cng-mobility.ch\/fr\/article\/le-gaz-une-partie-de-la-solution\/\">L\u2019Institut f\u00e9d\u00e9ral de recherches sur la for\u00eat, la neige et le paysage (WSL)<\/a> estime \u00e0 environ 5&nbsp;TWh le potentiel du biogaz issu de la biomasse et de son utilisation durable en Suisse.\n\n&nbsp;<\/p>\n\n\n\n<h2 class=\"wp-block-heading\">Le biogaz est principalement produit par fermentation ana\u00e9robie<\/h2>\n\n\n\n<p>La production de biogaz implique une distinction entre mati\u00e8res premi\u00e8res solides et liquides. Les d\u00e9chets biog\u00e8nes liquides sont achemin\u00e9s par pipeline ou par camion depuis les exploitations agricoles et industrielles. Les mat\u00e9riaux solides doivent quant \u00e0 eux tout d\u2019abord \u00eatre broy\u00e9s et, id\u00e9alement, d\u00e9barrass\u00e9s des mati\u00e8res \u00e9trang\u00e8res telles que m\u00e9taux ou plastiques \u00e0 l\u2019aide de tamis avant de venir alimenter les installations de biogaz.<\/p>\n\n\n\n<p><a href=\"https:\/\/www.cng-mobility.ch\/fr\/article\/de-la-ferme-a-la-citerne\/\">Le biogaz est produit par la fermentation ana\u00e9robie du lisier, du fumier et des d\u00e9chets organiques.<\/a> \u00c0 l\u2019int\u00e9rieur d\u2019une installation de biogaz, des micro-organismes d\u00e9gradent la mati\u00e8re organique \u00e0 l\u2019abri de l\u2019air et la transforment en biogaz brut. Ce processus biologique s\u2019appelle la m\u00e9thanisation. Il existe diff\u00e9rentes possibilit\u00e9s technologiques pour traiter ensuite ce biogaz brut. Des proc\u00e9d\u00e9s \u00e0 membrane se sont impos\u00e9s dans la pratique sur les petites installations de traitement du biogaz. Durant la premi\u00e8re \u00e9tape dite de traitement du gaz, le dioxyde de carbone et le sulfure d\u2019hydrog\u00e8ne sont s\u00e9par\u00e9s, \u00e0 l\u2019aide d\u2019un proc\u00e9d\u00e9 technique, du biogaz brut, compos\u00e9 de 55 \u00e0 60&nbsp;% de m\u00e9thane (CH<sub>4<\/sub>), d\u2019environ 40&nbsp;% de dioxyde de carbone (CO<sub>2<\/sub>) et d\u2019une faible proportion d\u2019autres gaz.\n\n&nbsp;<\/p>\n\n\n\n<figure class=\"wp-block-image size-large\"><img loading=\"lazy\" decoding=\"async\" width=\"1024\" height=\"683\" src=\"https:\/\/www.cng-mobility.ch\/wp-content\/uploads\/2022\/06\/Ara-Bern-Besichtigung-08072021-Juerg-A-Stettler-014-1024x683.jpg\" alt=\"\" class=\"wp-image-24596\" srcset=\"https:\/\/www.cng-mobility.ch\/wp-content\/uploads\/2022\/06\/Ara-Bern-Besichtigung-08072021-Juerg-A-Stettler-014-1024x683.jpg 1024w, https:\/\/www.cng-mobility.ch\/wp-content\/uploads\/2022\/06\/Ara-Bern-Besichtigung-08072021-Juerg-A-Stettler-014-300x200.jpg 300w, https:\/\/www.cng-mobility.ch\/wp-content\/uploads\/2022\/06\/Ara-Bern-Besichtigung-08072021-Juerg-A-Stettler-014-768x512.jpg 768w, https:\/\/www.cng-mobility.ch\/wp-content\/uploads\/2022\/06\/Ara-Bern-Besichtigung-08072021-Juerg-A-Stettler-014-1536x1024.jpg 1536w, https:\/\/www.cng-mobility.ch\/wp-content\/uploads\/2022\/06\/Ara-Bern-Besichtigung-08072021-Juerg-A-Stettler-014-2048x1365.jpg 2048w, https:\/\/www.cng-mobility.ch\/wp-content\/uploads\/2022\/06\/Ara-Bern-Besichtigung-08072021-Juerg-A-Stettler-014-1620x1080.jpg 1620w\" sizes=\"(max-width: 1024px) 100vw, 1024px\" \/><figcaption class=\"wp-element-caption\"><em>Comme ici \u00e0 la STEP de Berne, les r\u00e9sidus biog\u00e8nes sont valoris\u00e9s en \u00e9nergie pr\u00e9cieuse gr\u00e2ce \u00e0 des installations de biogaz modernes. Source : CNG-Mobility.ch<\/em>\n\n&nbsp;<\/figcaption><\/figure>\n\n\n\n<h2 class=\"wp-block-heading\">Le biogaz brut est trait\u00e9 et peut ensuite \u00eatre inject\u00e9 dans le r\u00e9seau<\/h2>\n\n\n\n<p>Cette s\u00e9paration entra\u00eene une augmentation de la valeur calorifique, c\u2019est-\u00e0-dire une am\u00e9lioration du contenu \u00e9nerg\u00e9tique. Il en r\u00e9sulte un biogaz trait\u00e9 affichant la qualit\u00e9 du gaz naturel avec une teneur en m\u00e9thane de plus de 96&nbsp;%. Apr\u00e8s avoir augment\u00e9 la pression en cons\u00e9quence et ajout\u00e9 l\u2019odeur typique du gaz par un proc\u00e9d\u00e9 d\u2019odorisation, le biogaz peut \u00eatre inject\u00e9 dans le r\u00e9seau. Dans les installations agricoles de production de biogaz, le lisier ferment\u00e9 est le produit r\u00e9siduel du processus de fermentation. Il s\u2019agit l\u00e0 d\u2019un engrais de ferme raffin\u00e9 qui peut \u00eatre \u00e9pandu dans les champs. Il est d\u2019ailleurs encore mieux absorb\u00e9 par les v\u00e9g\u00e9taux que le lisier traditionnel. De plus, la meilleure qualit\u00e9 de cet engrais naturel permet de r\u00e9duire l\u2019utilisation d\u2019engrais min\u00e9raux conventionnels. Pour rappel, <a href=\"https:\/\/www.cng-mobility.ch\/fr\/article\/limportance-de-la-gestion-des-dechets\/\">une tonne de d\u00e9chets verts produit suffisamment de biogaz<\/a> pour <a href=\"https:\/\/www.cng-mobility.ch\/fr\/voitures-de-tourisme\/\">parcourir environ 1000&nbsp;kilom\u00e8tres en ayant pratiquement aucune incidence sur le climat<\/a>. En outre, chaque m\u00e8tre cube de biogaz produit environ 1,4&nbsp;kg de CO<sub>2<\/sub> en moins par rapport \u00e0 la gestion conventionnelle des engrais de ferme.\n\n&nbsp;<\/p>\n\n\n\n<p>\u00c0 c\u00f4t\u00e9 de la fermentation ana\u00e9robie, la gaz\u00e9ification hydrothermale et la production de biocharbon sont d\u2019autres technologies \u00e9mergentes int\u00e9ressantes qui offrent un grand potentiel de conversion quantitative de la biomasse. Pour que ce potentiel soit \u00e9puis\u00e9, l\u2019infrastructure suisse du biogaz et les incitations actuelles \u00e0 l\u2019investissement pour les installations de biogaz devraient encore \u00eatre consid\u00e9rablement renforc\u00e9es. <\/p>\n\n\n\n<figure class=\"wp-block-image size-large\"><img loading=\"lazy\" decoding=\"async\" width=\"1024\" height=\"683\" src=\"https:\/\/www.cng-mobility.ch\/wp-content\/uploads\/2022\/06\/Ara-Bern-Besichtigung-08072021-Juerg-A-Stettler-119-1024x683.jpg\" alt=\"\" class=\"wp-image-24601\" srcset=\"https:\/\/www.cng-mobility.ch\/wp-content\/uploads\/2022\/06\/Ara-Bern-Besichtigung-08072021-Juerg-A-Stettler-119-1024x683.jpg 1024w, https:\/\/www.cng-mobility.ch\/wp-content\/uploads\/2022\/06\/Ara-Bern-Besichtigung-08072021-Juerg-A-Stettler-119-300x200.jpg 300w, https:\/\/www.cng-mobility.ch\/wp-content\/uploads\/2022\/06\/Ara-Bern-Besichtigung-08072021-Juerg-A-Stettler-119-768x512.jpg 768w, https:\/\/www.cng-mobility.ch\/wp-content\/uploads\/2022\/06\/Ara-Bern-Besichtigung-08072021-Juerg-A-Stettler-119-1536x1024.jpg 1536w, https:\/\/www.cng-mobility.ch\/wp-content\/uploads\/2022\/06\/Ara-Bern-Besichtigung-08072021-Juerg-A-Stettler-119-2048x1365.jpg 2048w, https:\/\/www.cng-mobility.ch\/wp-content\/uploads\/2022\/06\/Ara-Bern-Besichtigung-08072021-Juerg-A-Stettler-119-1620x1080.jpg 1620w\" sizes=\"(max-width: 1024px) 100vw, 1024px\" \/><figcaption class=\"wp-element-caption\"><em>Pour l&#8217;approvisionnement de sa filiale bernoise, le d\u00e9taillant Lidl utilise <a href=\"https:\/\/www.cng-mobility.ch\/fr\/le-biogaz-suisse-est-durable\/\">du biogaz \u2039made in Bern\u203a<\/a> produit localement, ce qui r\u00e9duit les \u00e9missions de CO<sub>2<\/sub> dues au trafic routier tout en aidant \u00e0 recycler judicieusement les d\u00e9chets. Source : CNG-Mobility.ch<\/em><\/figcaption><\/figure>\n\n\n\n<h2 class=\"wp-block-heading\">Les installations de biogaz cr\u00e9ent de la valeur ajout\u00e9e locale et bouclent les cycles de mat\u00e9riaux<\/h2>\n\n\n\n<p><a href=\"https:\/\/www.cng-mobility.ch\/fr\/article\/valoriser-au-lieu-de-jeter\/\">De nouvelles techniques de fermentation, par exemple dans le domaine de la fermentation \u00e0 sec<\/a>, permettent une production de biogaz toujours plus efficace. Une installation moderne de biogaz peut aujourd\u2019hui \u00e9galement \u00eatre utile pour les petites communes et localit\u00e9s, puisqu\u2019elle peut d\u00e9j\u00e0 fonctionner avec 300&nbsp;tonnes de biod\u00e9chets. Gr\u00e2ce \u00e0 leur structure modulaire, ces installations peuvent \u00eatre adapt\u00e9es aux exigences individuelles avec des capacit\u00e9s annuelles allant de&nbsp;1000 \u00e0 6000&nbsp;tonnes. Elles permettent une production d\u2019\u00e9nergie presque neutre sur le plan climatique \u00e0 partir de r\u00e9sidus organiques tout en produisant du compost de qualit\u00e9 pour les sols. La combinaison presque naturelle de production de biogaz et de compostage permet d\u2019\u00e9viter les \u00e9missions dans l\u2019atmosph\u00e8re d\u2019environ 267&nbsp;kg de CO<sub>2<\/sub> par tonne de biod\u00e9chets. Comme le montrent les exemples de la STEP de Berne et d\u2019autres sites \u00e0 l\u2019\u00e9tranger tels qu\u2019Augsbourg (Allemagne) ou Sinsheim (Allemagne), les grandes installations peuvent, si besoin, traiter des capacit\u00e9s plus \u00e9lev\u00e9es, de 60&#8217;000 \u00e0 75&#8217;000 tonnes de biomasse par an, et les transformer sans probl\u00e8me en \u00e9nergie pr\u00e9cieuse avec un bilan carbone presque neutre.\n\n&nbsp;<\/p>\n\n\n\n<p>Outre les avantages pour l\u2019environnement, et notamment <a href=\"https:\/\/www.cng-mobility.ch\/fr\/reduisez-vos-emissions-de-co2-grace-au-gnc\/\">la r\u00e9duction des \u00e9missions de CO<sub>2<\/sub><\/a>, chaque installation de biogaz contribue \u00e9galement \u00e0 rendre la Suisse plus ind\u00e9pendante des importations d\u2019\u00e9nergie \u00e9trang\u00e8res et \u00e0 accro\u00eetre ainsi la s\u00e9curit\u00e9 de l\u2019approvisionnement. Enfin, ces installations g\u00e9n\u00e8rent de la valeur ajout\u00e9e locale et bouclent les cycles de mat\u00e9riaux.\n\n&nbsp;<\/p>\n","protected":false},"excerpt":{"rendered":"<p>Bien que la technologie du biogaz soit d\u00e9j\u00e0 tr\u00e8s d\u00e9velopp\u00e9e et op\u00e9rationnelle, l\u2019utilisation de la biomasse et des engrais de ferme comme source d\u2019\u00e9nergie est encore tr\u00e8s limit\u00e9e en Suisse. Dans notre pays, il existe actuellement 44 installations qui produisent du biogaz et l&#8217;injectent dans le r\u00e9seau de gaz. Rien qu&#8217;en 2022, quatre nouvelles installations [&hellip;]<\/p>\n","protected":false},"author":11,"featured_media":24593,"parent":0,"menu_order":0,"comment_status":"closed","ping_status":"closed","template":"","meta":{"_acf_changed":false,"inline_featured_image":false,"footnotes":""},"categories":[70],"acf":[],"aioseo_notices":[],"_links":{"self":[{"href":"https:\/\/www.cng-mobility.ch\/fr\/wp-json\/wp\/v2\/pages\/24657"}],"collection":[{"href":"https:\/\/www.cng-mobility.ch\/fr\/wp-json\/wp\/v2\/pages"}],"about":[{"href":"https:\/\/www.cng-mobility.ch\/fr\/wp-json\/wp\/v2\/types\/page"}],"author":[{"embeddable":true,"href":"https:\/\/www.cng-mobility.ch\/fr\/wp-json\/wp\/v2\/users\/11"}],"replies":[{"embeddable":true,"href":"https:\/\/www.cng-mobility.ch\/fr\/wp-json\/wp\/v2\/comments?post=24657"}],"version-history":[{"count":8,"href":"https:\/\/www.cng-mobility.ch\/fr\/wp-json\/wp\/v2\/pages\/24657\/revisions"}],"predecessor-version":[{"id":35138,"href":"https:\/\/www.cng-mobility.ch\/fr\/wp-json\/wp\/v2\/pages\/24657\/revisions\/35138"}],"wp:featuredmedia":[{"embeddable":true,"href":"https:\/\/www.cng-mobility.ch\/fr\/wp-json\/wp\/v2\/media\/24593"}],"wp:attachment":[{"href":"https:\/\/www.cng-mobility.ch\/fr\/wp-json\/wp\/v2\/media?parent=24657"}],"wp:term":[{"taxonomy":"category","embeddable":true,"href":"https:\/\/www.cng-mobility.ch\/fr\/wp-json\/wp\/v2\/categories?post=24657"}],"curies":[{"name":"wp","href":"https:\/\/api.w.org\/{rel}","templated":true}]}}